{"id":3857,"date":"2025-04-23T20:14:22","date_gmt":"2025-04-24T01:14:22","guid":{"rendered":"https:\/\/www.progan.co\/?page_id=3857"},"modified":"2025-04-24T10:22:17","modified_gmt":"2025-04-24T15:22:17","slug":"harina-de-canola","status":"publish","type":"page","link":"https:\/\/www.progan.co\/pt\/home2\/ingredientes\/productos\/harina-de-canola\/","title":{"rendered":"Harina de Canola"},"content":{"rendered":"<div data-elementor-type=\"wp-page\" data-elementor-id=\"3857\" class=\"elementor elementor-3857\" data-elementor-post-type=\"page\">\n\t\t\t\t<div class=\"elementor-element elementor-element-2634c06 e-con-full animated-slow e-flex wpr-particle-no wpr-jarallax-no wpr-parallax-no wpr-sticky-section-no wpr-equal-height-no elementor-invisible e-con e-parent\" data-id=\"2634c06\" data-element_type=\"container\" data-e-type=\"container\" data-settings=\"{&quot;background_background&quot;:&quot;classic&quot;,&quot;animation&quot;:&quot;fadeIn&quot;,&quot;ekit_has_onepagescroll_dot&quot;:&quot;yes&quot;}\">\n\t\t\t\t<div class=\"elementor-element elementor-element-233a238 elementor-widget elementor-widget-spacer\" data-id=\"233a238\" data-element_type=\"widget\" data-e-type=\"widget\" data-settings=\"{&quot;ekit_we_effect_on&quot;:&quot;none&quot;}\" data-widget_type=\"spacer.default\">\n\t\t\t\t<div class=\"elementor-widget-container\">\n\t\t\t\t\t\t\t<div class=\"elementor-spacer\">\n\t\t\t<div class=\"elementor-spacer-inner\"><\/div>\n\t\t<\/div>\n\t\t\t\t\t\t<\/div>\n\t\t\t\t<\/div>\n\t\t\t\t<div class=\"elementor-element elementor-element-7395a82 elementor-widget elementor-widget-heading\" data-id=\"7395a82\" data-element_type=\"widget\" data-e-type=\"widget\" data-settings=\"{&quot;ekit_we_effect_on&quot;:&quot;none&quot;}\" data-widget_type=\"heading.default\">\n\t\t\t\t<div class=\"elementor-widget-container\">\n\t\t\t\t\t<h2 class=\"elementor-heading-title elementor-size-default\">Harina de Canola<\/h2>\t\t\t\t<\/div>\n\t\t\t\t<\/div>\n\t\t\t\t<div class=\"elementor-element elementor-element-5f06ec4 elementor-widget-divider--view-line elementor-widget elementor-widget-divider\" data-id=\"5f06ec4\" data-element_type=\"widget\" data-e-type=\"widget\" data-settings=\"{&quot;ekit_we_effect_on&quot;:&quot;none&quot;}\" data-widget_type=\"divider.default\">\n\t\t\t\t<div class=\"elementor-widget-container\">\n\t\t\t\t\t\t\t<div class=\"elementor-divider\">\n\t\t\t<span class=\"elementor-divider-separator\">\n\t\t\t\t\t\t<\/span>\n\t\t<\/div>\n\t\t\t\t\t\t<\/div>\n\t\t\t\t<\/div>\n\t\t\t\t<\/div>\n\t\t<div class=\"elementor-element elementor-element-30d45be animated-slow e-flex e-con-boxed wpr-particle-no wpr-jarallax-no wpr-parallax-no wpr-sticky-section-no wpr-equal-height-no elementor-invisible e-con e-parent\" data-id=\"30d45be\" data-element_type=\"container\" data-e-type=\"container\" data-settings=\"{&quot;background_background&quot;:&quot;classic&quot;,&quot;animation&quot;:&quot;fadeIn&quot;,&quot;ekit_has_onepagescroll_dot&quot;:&quot;yes&quot;}\">\n\t\t\t\t\t<div class=\"e-con-inner\">\n\t\t<div class=\"elementor-element elementor-element-32b2553 e-con-full e-flex wpr-particle-no wpr-jarallax-no wpr-parallax-no wpr-sticky-section-no wpr-equal-height-no e-con e-child\" data-id=\"32b2553\" data-element_type=\"container\" data-e-type=\"container\" data-settings=\"{&quot;ekit_has_onepagescroll_dot&quot;:&quot;yes&quot;}\">\n\t\t\t\t<div class=\"elementor-element elementor-element-51c5606 elementor-widget__width-initial elementor-invisible elementor-widget elementor-widget-image\" data-id=\"51c5606\" data-element_type=\"widget\" data-e-type=\"widget\" data-settings=\"{&quot;_animation&quot;:&quot;fadeInLeft&quot;,&quot;ekit_we_effect_on&quot;:&quot;none&quot;}\" data-widget_type=\"image.default\">\n\t\t\t\t<div class=\"elementor-widget-container\">\n\t\t\t\t\t\t\t\t\t\t\t\t\t\t\t\t<a href=\"https:\/\/www.progan.co\/pt\/ingredientes\/productos\/\">\n\t\t\t\t\t\t\t<img decoding=\"async\" width=\"189\" height=\"41\" src=\"https:\/\/www.progan.co\/wp-content\/uploads\/2024\/05\/Group-7.png\" class=\"attachment-full size-full wp-image-545\" alt=\"\" srcset=\"https:\/\/www.progan.co\/wp-content\/uploads\/2024\/05\/Group-7.png 189w, https:\/\/www.progan.co\/wp-content\/uploads\/2024\/05\/Group-7-18x4.png 18w\" sizes=\"(max-width: 189px) 100vw, 189px\" \/>\t\t\t\t\t\t\t\t<\/a>\n\t\t\t\t\t\t\t\t\t\t\t\t\t\t\t<\/div>\n\t\t\t\t<\/div>\n\t\t\t\t<div class=\"elementor-element elementor-element-7b35077 elementor-invisible elementor-widget elementor-widget-image\" data-id=\"7b35077\" data-element_type=\"widget\" data-e-type=\"widget\" data-settings=\"{&quot;_animation&quot;:&quot;fadeInLeft&quot;,&quot;ekit_we_effect_on&quot;:&quot;none&quot;}\" data-widget_type=\"image.default\">\n\t\t\t\t<div class=\"elementor-widget-container\">\n\t\t\t\t\t\t\t\t\t\t\t\t\t\t\t<img fetchpriority=\"high\" decoding=\"async\" width=\"857\" height=\"1257\" src=\"https:\/\/www.progan.co\/wp-content\/uploads\/2025\/04\/HARINAS-07.png\" class=\"attachment-full size-full wp-image-3859\" alt=\"\" srcset=\"https:\/\/www.progan.co\/wp-content\/uploads\/2025\/04\/HARINAS-07.png 857w, https:\/\/www.progan.co\/wp-content\/uploads\/2025\/04\/HARINAS-07-205x300.png 205w, https:\/\/www.progan.co\/wp-content\/uploads\/2025\/04\/HARINAS-07-698x1024.png 698w, https:\/\/www.progan.co\/wp-content\/uploads\/2025\/04\/HARINAS-07-768x1126.png 768w, https:\/\/www.progan.co\/wp-content\/uploads\/2025\/04\/HARINAS-07-8x12.png 8w\" sizes=\"(max-width: 857px) 100vw, 857px\" \/>\t\t\t\t\t\t\t\t\t\t\t\t\t\t\t<\/div>\n\t\t\t\t<\/div>\n\t\t\t\t<\/div>\n\t\t<div class=\"elementor-element elementor-element-c6800c8 e-con-full e-flex wpr-particle-no wpr-jarallax-no wpr-parallax-no wpr-sticky-section-no wpr-equal-height-no e-con e-child\" data-id=\"c6800c8\" data-element_type=\"container\" data-e-type=\"container\" data-settings=\"{&quot;background_background&quot;:&quot;classic&quot;,&quot;ekit_has_onepagescroll_dot&quot;:&quot;yes&quot;}\">\n\t\t\t\t<div class=\"elementor-element elementor-element-dabbd86 elementor-widget elementor-widget-text-editor\" data-id=\"dabbd86\" data-element_type=\"widget\" data-e-type=\"widget\" data-settings=\"{&quot;ekit_we_effect_on&quot;:&quot;none&quot;}\" data-widget_type=\"text-editor.default\">\n\t\t\t\t<div class=\"elementor-widget-container\">\n\t\t\t\t\t\t\t\t\t<p>Estudios recientes, como los de Gajda et al. (2024) y De La Guardia-Hidrogo et al. (2024), han evaluado la inclusi\u00f3n de la torta de canola en dietas para mascotas, espec\u00edficamente para perros adultos, con resultados prometedores en t\u00e9rminos de digestibilidad, calidad de las heces y palatabilidad.<\/p>\t\t\t\t\t\t\t\t<\/div>\n\t\t\t\t<\/div>\n\t\t\t\t<div class=\"elementor-element elementor-element-3ddd108 elementor-widget elementor-widget-button\" data-id=\"3ddd108\" data-element_type=\"widget\" data-e-type=\"widget\" data-settings=\"{&quot;ekit_we_effect_on&quot;:&quot;none&quot;}\" data-widget_type=\"button.default\">\n\t\t\t\t<div class=\"elementor-widget-container\">\n\t\t\t\t\t\t\t\t\t<div class=\"elementor-button-wrapper\">\n\t\t\t\t\t<a class=\"elementor-button elementor-button-link elementor-size-sm elementor-animation-grow\" href=\"#\">\n\t\t\t\t\t\t<span class=\"elementor-button-content-wrapper\">\n\t\t\t\t\t\t\t\t\t<span class=\"elementor-button-text\">Cotizar ahora<\/span>\n\t\t\t\t\t<\/span>\n\t\t\t\t\t<\/a>\n\t\t\t\t<\/div>\n\t\t\t\t\t\t\t\t<\/div>\n\t\t\t\t<\/div>\n\t\t\t\t<\/div>\n\t\t\t\t\t<\/div>\n\t\t\t\t<\/div>\n\t\t<div class=\"elementor-element elementor-element-3ada10b animated-slow e-flex e-con-boxed wpr-particle-no wpr-jarallax-no wpr-parallax-no wpr-sticky-section-no wpr-equal-height-no elementor-invisible e-con e-parent\" data-id=\"3ada10b\" data-element_type=\"container\" data-e-type=\"container\" data-settings=\"{&quot;background_background&quot;:&quot;classic&quot;,&quot;animation&quot;:&quot;fadeIn&quot;,&quot;ekit_has_onepagescroll_dot&quot;:&quot;yes&quot;}\">\n\t\t\t\t\t<div class=\"e-con-inner\">\n\t\t\t\t<div class=\"elementor-element elementor-element-64a79b1 animated-slow elementor-invisible elementor-widget elementor-widget-heading\" data-id=\"64a79b1\" data-element_type=\"widget\" data-e-type=\"widget\" data-settings=\"{&quot;_animation&quot;:&quot;fadeInLeft&quot;,&quot;ekit_we_effect_on&quot;:&quot;none&quot;}\" data-widget_type=\"heading.default\">\n\t\t\t\t<div class=\"elementor-widget-container\">\n\t\t\t\t\t<h2 class=\"elementor-heading-title elementor-size-default\">DATOS F\u00cdSICO-QU\u00cdMICOS<\/h2>\t\t\t\t<\/div>\n\t\t\t\t<\/div>\n\t\t\t\t<div class=\"elementor-element elementor-element-6fc4653 elementor-widget elementor-widget-spacer\" data-id=\"6fc4653\" data-element_type=\"widget\" data-e-type=\"widget\" data-settings=\"{&quot;ekit_we_effect_on&quot;:&quot;none&quot;}\" data-widget_type=\"spacer.default\">\n\t\t\t\t<div class=\"elementor-widget-container\">\n\t\t\t\t\t\t\t<div class=\"elementor-spacer\">\n\t\t\t<div class=\"elementor-spacer-inner\"><\/div>\n\t\t<\/div>\n\t\t\t\t\t\t<\/div>\n\t\t\t\t<\/div>\n\t\t\t\t<div class=\"elementor-element elementor-element-2aa15f3 animated-slow elementor-invisible elementor-widget elementor-widget-elementskit-table\" data-id=\"2aa15f3\" data-element_type=\"widget\" data-e-type=\"widget\" data-settings=\"{&quot;_animation&quot;:&quot;fadeInLeft&quot;,&quot;ekit_we_effect_on&quot;:&quot;none&quot;}\" data-widget_type=\"elementskit-table.default\">\n\t\t\t\t<div class=\"elementor-widget-container\">\n\t\t\t\t\t<div class=\"ekit-wid-con\" >\n<div class=\"ekit_table display  ekit_table_data_type-custom\"\n\tdata-settings=\"{&quot;fixedHeader&quot;:true,&quot;search&quot;:false,&quot;search_placeholder&quot;:&quot;&quot;,&quot;responsive&quot;:true,&quot;pagination&quot;:false,&quot;button&quot;:false,&quot;entries&quot;:false,&quot;info&quot;:false,&quot;info_text&quot;:&quot;&quot;,&quot;entries_text&quot;:&quot;&quot;,&quot;ordering&quot;:false,&quot;searchIcon&quot;:&quot;&quot;,&quot;item_per_page&quot;:10,&quot;nav_style&quot;:&quot;&quot;,&quot;prev_text&quot;:&quot;&quot;,&quot;next_text&quot;:&quot;&quot;,&quot;prev_arrow&quot;:&quot;&quot;,&quot;next_arrow&quot;:&quot;&quot;}\">\n\t<table id=\"ekit-table-container-2aa15f3\" class=\"display dataTable\" style=\"width:100%\"><thead><tr>\t<th class=\"elementor-repeater-item-11f1aac\">\n\t\t<div\n\t\t\tclass=\"ekit_table_item_container  ekit-table-container-\">\n\t\t\tCriterio\t\t<\/div>\n\t<\/th>\n\t\t<th class=\"elementor-repeater-item-27d340e\">\n\t\t<div\n\t\t\tclass=\"ekit_table_item_container  ekit-table-container-\">\n\t\t\tM\u00ednimo\t\t<\/div>\n\t<\/th>\n\t\t<th class=\"elementor-repeater-item-ce82472\">\n\t\t<div\n\t\t\tclass=\"ekit_table_item_container  ekit-table-container-\">\n\t\t\tM\u00e1ximo\t\t<\/div>\n\t<\/th>\n\t <\/tr><\/thead><tbody><tr>\t<td data-order=\"Prote\u00ednas (%)\"\n\t\tclass=\"elementor-repeater-item-1aaca80 ekit_table_data_\">\n\t\t\n\t\t\t<div\n\t\t\t\tclass=\"ekit_table_body_container ekit_table_data_ ekit_body_align_center\">\n\t\t\t\t<p><strong><span style=\"color: #f8d413\">Prote\u00ednas (%)<\/span><\/strong><\/p>\t\t\t<\/div>\n\n\t\t\t\t<\/td>\n\t\t<td data-order=\"37\"\n\t\tclass=\"elementor-repeater-item-b6c06e6 ekit_table_data_\">\n\t\t\n\t\t\t<div\n\t\t\t\tclass=\"ekit_table_body_container ekit_table_data_ ekit_body_align_center\">\n\t\t\t\t<p>37<\/p>\t\t\t<\/div>\n\n\t\t\t\t<\/td>\n\t\t<td data-order=\"-\"\n\t\tclass=\"elementor-repeater-item-9461760 ekit_table_data_\">\n\t\t\n\t\t\t<div\n\t\t\t\tclass=\"ekit_table_body_container ekit_table_data_ ekit_body_align_center\">\n\t\t\t\t<p>-<\/p>\t\t\t<\/div>\n\n\t\t\t\t<\/td>\n\t<tr>\t<td data-order=\"Ceniza (%)\"\n\t\tclass=\"elementor-repeater-item-5c35577 ekit_table_data_\">\n\t\t\n\t\t\t<div\n\t\t\t\tclass=\"ekit_table_body_container ekit_table_data_ ekit_body_align_center\">\n\t\t\t\t<p><span style=\"color: #f8d413\"><strong>Ceniza (%)<\/strong><\/span><\/p>\t\t\t<\/div>\n\n\t\t\t\t<\/td>\n\t\t<td data-order=\"-\"\n\t\tclass=\"elementor-repeater-item-511c008 ekit_table_data_\">\n\t\t\n\t\t\t<div\n\t\t\t\tclass=\"ekit_table_body_container ekit_table_data_ ekit_body_align_center\">\n\t\t\t\t<p>-<\/p>\t\t\t<\/div>\n\n\t\t\t\t<\/td>\n\t\t<td data-order=\"7\"\n\t\tclass=\"elementor-repeater-item-9c53d91 ekit_table_data_\">\n\t\t\n\t\t\t<div\n\t\t\t\tclass=\"ekit_table_body_container ekit_table_data_ ekit_body_align_center\">\n\t\t\t\t<p>7<\/p>\t\t\t<\/div>\n\n\t\t\t\t<\/td>\n\t<tr>\t<td data-order=\"F\u00f3sforo (%)\"\n\t\tclass=\"elementor-repeater-item-a269757 ekit_table_data_\">\n\t\t\n\t\t\t<div\n\t\t\t\tclass=\"ekit_table_body_container ekit_table_data_ ekit_body_align_center\">\n\t\t\t\t<p><span style=\"color: #f8d413\"><strong>F\u00f3sforo (%)<\/strong><\/span><\/p>\t\t\t<\/div>\n\n\t\t\t\t<\/td>\n\t\t<td data-order=\"-\"\n\t\tclass=\"elementor-repeater-item-acefb26 ekit_table_data_\">\n\t\t\n\t\t\t<div\n\t\t\t\tclass=\"ekit_table_body_container ekit_table_data_ ekit_body_align_center\">\n\t\t\t\t<p>-<\/p>\t\t\t<\/div>\n\n\t\t\t\t<\/td>\n\t\t<td data-order=\"10,7\"\n\t\tclass=\"elementor-repeater-item-c3dcde7 ekit_table_data_\">\n\t\t\n\t\t\t<div\n\t\t\t\tclass=\"ekit_table_body_container ekit_table_data_ ekit_body_align_center\">\n\t\t\t\t<p>10,7<\/p>\t\t\t<\/div>\n\n\t\t\t\t<\/td>\n\t<tr>\t<td data-order=\"Fibra (%)\"\n\t\tclass=\"elementor-repeater-item-0dd297c ekit_table_data_\">\n\t\t\n\t\t\t<div\n\t\t\t\tclass=\"ekit_table_body_container ekit_table_data_ ekit_body_align_center\">\n\t\t\t\t<p><span style=\"color: #f8d413\"><strong>Fibra (%)<\/strong><\/span><\/p>\t\t\t<\/div>\n\n\t\t\t\t<\/td>\n\t\t<td data-order=\"-\"\n\t\tclass=\"elementor-repeater-item-2fb8819 ekit_table_data_\">\n\t\t\n\t\t\t<div\n\t\t\t\tclass=\"ekit_table_body_container ekit_table_data_ ekit_body_align_center\">\n\t\t\t\t<p>-<\/p>\t\t\t<\/div>\n\n\t\t\t\t<\/td>\n\t\t<td data-order=\"11,5\"\n\t\tclass=\"elementor-repeater-item-008b36d ekit_table_data_\">\n\t\t\n\t\t\t<div\n\t\t\t\tclass=\"ekit_table_body_container ekit_table_data_ ekit_body_align_center\">\n\t\t\t\t<p>11,5<\/p>\t\t\t<\/div>\n\n\t\t\t\t<\/td>\n\t<tr>\t<td data-order=\"Calcio (%)\"\n\t\tclass=\"elementor-repeater-item-0777919 ekit_table_data_\">\n\t\t\n\t\t\t<div\n\t\t\t\tclass=\"ekit_table_body_container ekit_table_data_ ekit_body_align_center\">\n\t\t\t\t<p><span style=\"color: #f8d413\"><strong>Calcio (%)<\/strong><\/span><\/p>\t\t\t<\/div>\n\n\t\t\t\t<\/td>\n\t\t<td data-order=\"-\"\n\t\tclass=\"elementor-repeater-item-8b3e34c ekit_table_data_\">\n\t\t\n\t\t\t<div\n\t\t\t\tclass=\"ekit_table_body_container ekit_table_data_ ekit_body_align_center\">\n\t\t\t\t<p>-<\/p>\t\t\t<\/div>\n\n\t\t\t\t<\/td>\n\t\t<td data-order=\"6.6\"\n\t\tclass=\"elementor-repeater-item-9a43730 ekit_table_data_\">\n\t\t\n\t\t\t<div\n\t\t\t\tclass=\"ekit_table_body_container ekit_table_data_ ekit_body_align_center\">\n\t\t\t\t<p>6.6<\/p>\t\t\t<\/div>\n\n\t\t\t\t<\/td>\n\t <\/tbody><\/table><\/div>\n\n\n\n<\/div>\t\t\t\t<\/div>\n\t\t\t\t<\/div>\n\t\t\t\t\t<\/div>\n\t\t\t\t<\/div>\n\t\t\t\t<\/div>","protected":false},"excerpt":{"rendered":"<p>Harina de Canola Estudios recientes, como los de Gajda et al. (2024) y De La Guardia-Hidrogo et al. (2024), han evaluado la inclusi\u00f3n de la torta de canola en dietas para mascotas, espec\u00edficamente para perros adultos, con resultados prometedores en t\u00e9rminos de digestibilidad, calidad de las heces y palatabilidad. Cotizar ahora DATOS F\u00cdSICO-QU\u00cdMICOS Criterio M\u00ednimo M\u00e1ximo Prote\u00ednas (%) 37 &#8211; Ceniza (%) &#8211; 7 F\u00f3sforo (%) &#8211; 10,7 Fibra (%) &#8211; 11,5 Calcio (%) &#8211; 6.6<\/p>","protected":false},"author":1,"featured_media":0,"parent":496,"menu_order":0,"comment_status":"closed","ping_status":"closed","template":"elementor_canvas","meta":{"footnotes":""},"class_list":["post-3857","page","type-page","status-publish","hentry"],"aioseo_notices":[],"_links":{"self":[{"href":"https:\/\/www.progan.co\/pt\/wp-json\/wp\/v2\/pages\/3857","targetHints":{"allow":["GET"]}}],"collection":[{"href":"https:\/\/www.progan.co\/pt\/wp-json\/wp\/v2\/pages"}],"about":[{"href":"https:\/\/www.progan.co\/pt\/wp-json\/wp\/v2\/types\/page"}],"author":[{"embeddable":true,"href":"https:\/\/www.progan.co\/pt\/wp-json\/wp\/v2\/users\/1"}],"replies":[{"embeddable":true,"href":"https:\/\/www.progan.co\/pt\/wp-json\/wp\/v2\/comments?post=3857"}],"version-history":[{"count":13,"href":"https:\/\/www.progan.co\/pt\/wp-json\/wp\/v2\/pages\/3857\/revisions"}],"predecessor-version":[{"id":4037,"href":"https:\/\/www.progan.co\/pt\/wp-json\/wp\/v2\/pages\/3857\/revisions\/4037"}],"up":[{"embeddable":true,"href":"https:\/\/www.progan.co\/pt\/wp-json\/wp\/v2\/pages\/496"}],"wp:attachment":[{"href":"https:\/\/www.progan.co\/pt\/wp-json\/wp\/v2\/media?parent=3857"}],"curies":[{"name":"wp","href":"https:\/\/api.w.org\/{rel}","templated":true}]}}