{"id":352,"date":"2024-05-18T15:50:30","date_gmt":"2024-05-18T15:50:30","guid":{"rendered":"https:\/\/www.progan.co\/?page_id=352"},"modified":"2025-04-23T20:47:54","modified_gmt":"2025-04-24T01:47:54","slug":"salmon","status":"publish","type":"page","link":"https:\/\/www.progan.co\/pt\/home2\/ingredientes\/productos\/salmon\/","title":{"rendered":"Salmon"},"content":{"rendered":"<div data-elementor-type=\"wp-page\" data-elementor-id=\"352\" class=\"elementor elementor-352\" data-elementor-post-type=\"page\">\n\t\t\t\t<div class=\"elementor-element elementor-element-2634c06 e-con-full animated-slow e-flex wpr-particle-no wpr-jarallax-no wpr-parallax-no wpr-sticky-section-no elementor-invisible e-con e-parent\" data-id=\"2634c06\" data-element_type=\"container\" data-e-type=\"container\" data-settings=\"{&quot;background_background&quot;:&quot;classic&quot;,&quot;animation&quot;:&quot;fadeIn&quot;,&quot;ekit_has_onepagescroll_dot&quot;:&quot;yes&quot;}\">\n\t\t\t\t<div class=\"elementor-element elementor-element-233a238 elementor-widget elementor-widget-spacer\" data-id=\"233a238\" data-element_type=\"widget\" data-e-type=\"widget\" data-settings=\"{&quot;ekit_we_effect_on&quot;:&quot;none&quot;}\" data-widget_type=\"spacer.default\">\n\t\t\t\t<div class=\"elementor-widget-container\">\n\t\t\t\t\t\t\t<div class=\"elementor-spacer\">\n\t\t\t<div class=\"elementor-spacer-inner\"><\/div>\n\t\t<\/div>\n\t\t\t\t\t\t<\/div>\n\t\t\t\t<\/div>\n\t\t\t\t<div class=\"elementor-element elementor-element-7395a82 elementor-widget elementor-widget-heading\" data-id=\"7395a82\" data-element_type=\"widget\" data-e-type=\"widget\" data-settings=\"{&quot;ekit_we_effect_on&quot;:&quot;none&quot;}\" data-widget_type=\"heading.default\">\n\t\t\t\t<div class=\"elementor-widget-container\">\n\t\t\t\t\t<h2 class=\"elementor-heading-title elementor-size-default\">Harina de salm\u00f3n <\/h2>\t\t\t\t<\/div>\n\t\t\t\t<\/div>\n\t\t\t\t<div class=\"elementor-element elementor-element-5f06ec4 elementor-widget-divider--view-line elementor-widget elementor-widget-divider\" data-id=\"5f06ec4\" data-element_type=\"widget\" data-e-type=\"widget\" data-settings=\"{&quot;ekit_we_effect_on&quot;:&quot;none&quot;}\" data-widget_type=\"divider.default\">\n\t\t\t\t<div class=\"elementor-widget-container\">\n\t\t\t\t\t\t\t<div class=\"elementor-divider\">\n\t\t\t<span class=\"elementor-divider-separator\">\n\t\t\t\t\t\t<\/span>\n\t\t<\/div>\n\t\t\t\t\t\t<\/div>\n\t\t\t\t<\/div>\n\t\t\t\t<\/div>\n\t\t<div class=\"elementor-element elementor-element-30d45be animated-slow e-flex e-con-boxed wpr-particle-no wpr-jarallax-no wpr-parallax-no wpr-sticky-section-no elementor-invisible e-con e-parent\" data-id=\"30d45be\" data-element_type=\"container\" data-e-type=\"container\" data-settings=\"{&quot;background_background&quot;:&quot;classic&quot;,&quot;animation&quot;:&quot;fadeIn&quot;,&quot;ekit_has_onepagescroll_dot&quot;:&quot;yes&quot;}\">\n\t\t\t\t\t<div class=\"e-con-inner\">\n\t\t<div class=\"elementor-element elementor-element-077c2fa e-con-full e-flex wpr-particle-no wpr-jarallax-no wpr-parallax-no wpr-sticky-section-no e-con e-child\" data-id=\"077c2fa\" data-element_type=\"container\" data-e-type=\"container\" data-settings=\"{&quot;ekit_has_onepagescroll_dot&quot;:&quot;yes&quot;}\">\n\t\t\t\t<div class=\"elementor-element elementor-element-6b93f19 elementor-widget elementor-widget-image\" data-id=\"6b93f19\" data-element_type=\"widget\" data-e-type=\"widget\" data-settings=\"{&quot;ekit_we_effect_on&quot;:&quot;none&quot;}\" data-widget_type=\"image.default\">\n\t\t\t\t<div class=\"elementor-widget-container\">\n\t\t\t\t\t\t\t\t\t\t\t\t\t\t\t\t<a href=\"https:\/\/www.progan.co\/pt\/ingredientes\/productos\/\">\n\t\t\t\t\t\t\t<img decoding=\"async\" width=\"189\" height=\"41\" src=\"https:\/\/www.progan.co\/wp-content\/uploads\/2024\/05\/Group-7.png\" class=\"attachment-full size-full wp-image-545\" alt=\"\" srcset=\"https:\/\/www.progan.co\/wp-content\/uploads\/2024\/05\/Group-7.png 189w, https:\/\/www.progan.co\/wp-content\/uploads\/2024\/05\/Group-7-18x4.png 18w\" sizes=\"(max-width: 189px) 100vw, 189px\" \/>\t\t\t\t\t\t\t\t<\/a>\n\t\t\t\t\t\t\t\t\t\t\t\t\t\t\t<\/div>\n\t\t\t\t<\/div>\n\t\t\t\t<div class=\"elementor-element elementor-element-51c5606 elementor-invisible elementor-widget elementor-widget-image\" data-id=\"51c5606\" data-element_type=\"widget\" data-e-type=\"widget\" data-settings=\"{&quot;_animation&quot;:&quot;fadeInLeft&quot;,&quot;ekit_we_effect_on&quot;:&quot;none&quot;}\" data-widget_type=\"image.default\">\n\t\t\t\t<div class=\"elementor-widget-container\">\n\t\t\t\t\t\t\t\t\t\t\t\t\t\t\t<img fetchpriority=\"high\" decoding=\"async\" width=\"203\" height=\"297\" src=\"https:\/\/www.progan.co\/wp-content\/uploads\/2024\/05\/Harina-de-salmon-1.png\" class=\"attachment-full size-full wp-image-355\" alt=\"\" srcset=\"https:\/\/www.progan.co\/wp-content\/uploads\/2024\/05\/Harina-de-salmon-1.png 203w, https:\/\/www.progan.co\/wp-content\/uploads\/2024\/05\/Harina-de-salmon-1-8x12.png 8w\" sizes=\"(max-width: 203px) 100vw, 203px\" \/>\t\t\t\t\t\t\t\t\t\t\t\t\t\t\t<\/div>\n\t\t\t\t<\/div>\n\t\t\t\t<\/div>\n\t\t<div class=\"elementor-element elementor-element-c6800c8 e-con-full e-flex wpr-particle-no wpr-jarallax-no wpr-parallax-no wpr-sticky-section-no e-con e-child\" data-id=\"c6800c8\" data-element_type=\"container\" data-e-type=\"container\" data-settings=\"{&quot;background_background&quot;:&quot;classic&quot;,&quot;ekit_has_onepagescroll_dot&quot;:&quot;yes&quot;}\">\n\t\t\t\t<div class=\"elementor-element elementor-element-dabbd86 elementor-widget elementor-widget-text-editor\" data-id=\"dabbd86\" data-element_type=\"widget\" data-e-type=\"widget\" data-settings=\"{&quot;ekit_we_effect_on&quot;:&quot;none&quot;}\" data-widget_type=\"text-editor.default\">\n\t\t\t\t<div class=\"elementor-widget-container\">\n\t\t\t\t\t\t\t\t\t<p>La harina de salm\u00f3n es una fuente natural del 62% y 68% de prote\u00ednas, \u00e1cidos grasos omega-3 y otros nutrientes cruciales principalmente para la salud de perros y gatos; con una digestibilidad alta del 94%.\u00a0<br \/><br \/>Este producto es de origen completamente de camarones y se procesa en nuestras plantas de producci\u00f3n, las cuales son sometidas a rigurosas inspecciones y cuentan con el aval del Servicio de Inspecci\u00f3n Federal (SIF). La harina no contiene aditivos que mejoren su prote\u00edna natural.<\/p>\t\t\t\t\t\t\t\t<\/div>\n\t\t\t\t<\/div>\n\t\t\t\t<div class=\"elementor-element elementor-element-3ddd108 elementor-widget elementor-widget-button\" data-id=\"3ddd108\" data-element_type=\"widget\" data-e-type=\"widget\" data-settings=\"{&quot;ekit_we_effect_on&quot;:&quot;none&quot;}\" data-widget_type=\"button.default\">\n\t\t\t\t<div class=\"elementor-widget-container\">\n\t\t\t\t\t\t\t\t\t<div class=\"elementor-button-wrapper\">\n\t\t\t\t\t<a class=\"elementor-button elementor-button-link elementor-size-sm elementor-animation-grow\" href=\"#\">\n\t\t\t\t\t\t<span class=\"elementor-button-content-wrapper\">\n\t\t\t\t\t\t\t\t\t<span class=\"elementor-button-text\">Cotizar ahora<\/span>\n\t\t\t\t\t<\/span>\n\t\t\t\t\t<\/a>\n\t\t\t\t<\/div>\n\t\t\t\t\t\t\t\t<\/div>\n\t\t\t\t<\/div>\n\t\t\t\t<\/div>\n\t\t\t\t\t<\/div>\n\t\t\t\t<\/div>\n\t\t<div class=\"elementor-element elementor-element-3ada10b animated-slow e-flex e-con-boxed wpr-particle-no wpr-jarallax-no wpr-parallax-no wpr-sticky-section-no elementor-invisible e-con e-parent\" data-id=\"3ada10b\" data-element_type=\"container\" data-e-type=\"container\" data-settings=\"{&quot;background_background&quot;:&quot;classic&quot;,&quot;animation&quot;:&quot;fadeIn&quot;,&quot;ekit_has_onepagescroll_dot&quot;:&quot;yes&quot;}\">\n\t\t\t\t\t<div class=\"e-con-inner\">\n\t\t\t\t<div class=\"elementor-element elementor-element-64a79b1 animated-slow elementor-invisible elementor-widget elementor-widget-heading\" data-id=\"64a79b1\" data-element_type=\"widget\" data-e-type=\"widget\" data-settings=\"{&quot;_animation&quot;:&quot;fadeInLeft&quot;,&quot;ekit_we_effect_on&quot;:&quot;none&quot;}\" data-widget_type=\"heading.default\">\n\t\t\t\t<div class=\"elementor-widget-container\">\n\t\t\t\t\t<h2 class=\"elementor-heading-title elementor-size-default\">DATOS F\u00cdSICO-QU\u00cdMICOS<\/h2>\t\t\t\t<\/div>\n\t\t\t\t<\/div>\n\t\t\t\t<div class=\"elementor-element elementor-element-6fc4653 elementor-widget elementor-widget-spacer\" data-id=\"6fc4653\" data-element_type=\"widget\" data-e-type=\"widget\" data-settings=\"{&quot;ekit_we_effect_on&quot;:&quot;none&quot;}\" data-widget_type=\"spacer.default\">\n\t\t\t\t<div class=\"elementor-widget-container\">\n\t\t\t\t\t\t\t<div class=\"elementor-spacer\">\n\t\t\t<div class=\"elementor-spacer-inner\"><\/div>\n\t\t<\/div>\n\t\t\t\t\t\t<\/div>\n\t\t\t\t<\/div>\n\t\t\t\t<div class=\"elementor-element elementor-element-7a391f6 animated-slow elementor-invisible elementor-widget elementor-widget-elementskit-table\" data-id=\"7a391f6\" data-element_type=\"widget\" data-e-type=\"widget\" data-settings=\"{&quot;_animation&quot;:&quot;fadeInLeft&quot;,&quot;ekit_we_effect_on&quot;:&quot;none&quot;}\" data-widget_type=\"elementskit-table.default\">\n\t\t\t\t<div class=\"elementor-widget-container\">\n\t\t\t\t\t<div class=\"ekit-wid-con\" >\n<div class=\"ekit_table display  ekit_table_data_type-custom\"\n\tdata-settings=\"{&quot;fixedHeader&quot;:true,&quot;search&quot;:false,&quot;search_placeholder&quot;:&quot;&quot;,&quot;responsive&quot;:true,&quot;pagination&quot;:false,&quot;button&quot;:false,&quot;entries&quot;:false,&quot;info&quot;:false,&quot;info_text&quot;:&quot;&quot;,&quot;entries_text&quot;:&quot;&quot;,&quot;ordering&quot;:false,&quot;searchIcon&quot;:&quot;&quot;,&quot;item_per_page&quot;:10,&quot;nav_style&quot;:&quot;&quot;,&quot;prev_text&quot;:&quot;&quot;,&quot;next_text&quot;:&quot;&quot;,&quot;prev_arrow&quot;:&quot;&quot;,&quot;next_arrow&quot;:&quot;&quot;}\">\n\t<table id=\"ekit-table-container-7a391f6\" class=\"display dataTable\" style=\"width:100%\"><thead><tr>\t<th class=\"elementor-repeater-item-11f1aac\">\n\t\t<div\n\t\t\tclass=\"ekit_table_item_container  ekit-table-container-\">\n\t\t\tCriterio\t\t<\/div>\n\t<\/th>\n\t\t<th class=\"elementor-repeater-item-27d340e\">\n\t\t<div\n\t\t\tclass=\"ekit_table_item_container  ekit-table-container-\">\n\t\t\tM\u00ednimo\t\t<\/div>\n\t<\/th>\n\t\t<th class=\"elementor-repeater-item-ce82472\">\n\t\t<div\n\t\t\tclass=\"ekit_table_item_container  ekit-table-container-\">\n\t\t\tM\u00e1ximo\t\t<\/div>\n\t<\/th>\n\t\t<th class=\"elementor-repeater-item-bcd1697\">\n\t\t<div\n\t\t\tclass=\"ekit_table_item_container  ekit-table-container-\">\n\t\t\tM\u00e9todo\t\t<\/div>\n\t<\/th>\n\t <\/tr><\/thead><tbody><tr>\t<td data-order=\"Proteinas %\"\n\t\tclass=\"elementor-repeater-item-1aaca80 ekit_table_data_\">\n\t\t\n\t\t\t<div\n\t\t\t\tclass=\"ekit_table_body_container ekit_table_data_ ekit_body_align_center\">\n\t\t\t\t<p><strong><span style=\"color: #f8d413\">Proteinas %<\/span><\/strong><\/p>\t\t\t<\/div>\n\n\t\t\t\t<\/td>\n\t\t<td data-order=\"60\"\n\t\tclass=\"elementor-repeater-item-b6c06e6 ekit_table_data_\">\n\t\t\n\t\t\t<div\n\t\t\t\tclass=\"ekit_table_body_container ekit_table_data_ ekit_body_align_center\">\n\t\t\t\t<p>60<\/p>\t\t\t<\/div>\n\n\t\t\t\t<\/td>\n\t\t<td data-order=\"-\"\n\t\tclass=\"elementor-repeater-item-9461760 ekit_table_data_\">\n\t\t\n\t\t\t<div\n\t\t\t\tclass=\"ekit_table_body_container ekit_table_data_ ekit_body_align_center\">\n\t\t\t\t<p>-<\/p>\t\t\t<\/div>\n\n\t\t\t\t<\/td>\n\t\t<td data-order=\"AOAC 984,13 Kjeldahl\"\n\t\tclass=\"elementor-repeater-item-994fb11 ekit_table_data_\">\n\t\t\n\t\t\t<div\n\t\t\t\tclass=\"ekit_table_body_container ekit_table_data_ ekit_body_align_center\">\n\t\t\t\t<p>AOAC 984,13 Kjeldahl<\/p>\t\t\t<\/div>\n\n\t\t\t\t<\/td>\n\t<tr>\t<td data-order=\"Grasas (%)\"\n\t\tclass=\"elementor-repeater-item-ea6ca2d ekit_table_data_\">\n\t\t\n\t\t\t<div\n\t\t\t\tclass=\"ekit_table_body_container ekit_table_data_ ekit_body_align_center\">\n\t\t\t\t<p><span style=\"color: #f8d413\"><strong>Grasas (%)<\/strong><\/span><\/p>\t\t\t<\/div>\n\n\t\t\t\t<\/td>\n\t\t<td data-order=\"2\"\n\t\tclass=\"elementor-repeater-item-cf37713 ekit_table_data_\">\n\t\t\n\t\t\t<div\n\t\t\t\tclass=\"ekit_table_body_container ekit_table_data_ ekit_body_align_center\">\n\t\t\t\t<p>2<\/p>\t\t\t<\/div>\n\n\t\t\t\t<\/td>\n\t\t<td data-order=\"7\"\n\t\tclass=\"elementor-repeater-item-594029d ekit_table_data_\">\n\t\t\n\t\t\t<div\n\t\t\t\tclass=\"ekit_table_body_container ekit_table_data_ ekit_body_align_center\">\n\t\t\t\t<p>7<\/p>\t\t\t<\/div>\n\n\t\t\t\t<\/td>\n\t\t<td data-order=\"AOAC 920,39C\"\n\t\tclass=\"elementor-repeater-item-9fd234e ekit_table_data_\">\n\t\t\n\t\t\t<div\n\t\t\t\tclass=\"ekit_table_body_container ekit_table_data_ ekit_body_align_center\">\n\t\t\t\t<p>AOAC 920,39C<\/p>\t\t\t<\/div>\n\n\t\t\t\t<\/td>\n\t<tr>\t<td data-order=\"Ceniza (%)\"\n\t\tclass=\"elementor-repeater-item-5c35577 ekit_table_data_\">\n\t\t\n\t\t\t<div\n\t\t\t\tclass=\"ekit_table_body_container ekit_table_data_ ekit_body_align_center\">\n\t\t\t\t<p><span style=\"color: #f8d413\"><strong>Ceniza (%)<\/strong><\/span><\/p>\t\t\t<\/div>\n\n\t\t\t\t<\/td>\n\t\t<td data-order=\"5\"\n\t\tclass=\"elementor-repeater-item-511c008 ekit_table_data_\">\n\t\t\n\t\t\t<div\n\t\t\t\tclass=\"ekit_table_body_container ekit_table_data_ ekit_body_align_center\">\n\t\t\t\t<p>5<\/p>\t\t\t<\/div>\n\n\t\t\t\t<\/td>\n\t\t<td data-order=\"8\"\n\t\tclass=\"elementor-repeater-item-9c53d91 ekit_table_data_\">\n\t\t\n\t\t\t<div\n\t\t\t\tclass=\"ekit_table_body_container ekit_table_data_ ekit_body_align_center\">\n\t\t\t\t<p>8<\/p>\t\t\t<\/div>\n\n\t\t\t\t<\/td>\n\t\t<td data-order=\"AOAC 923,03\"\n\t\tclass=\"elementor-repeater-item-8d51b86 ekit_table_data_\">\n\t\t\n\t\t\t<div\n\t\t\t\tclass=\"ekit_table_body_container ekit_table_data_ ekit_body_align_center\">\n\t\t\t\t<p>AOAC 923,03<\/p>\t\t\t<\/div>\n\n\t\t\t\t<\/td>\n\t<tr>\t<td data-order=\"Humedad (%)\"\n\t\tclass=\"elementor-repeater-item-82a76bf ekit_table_data_\">\n\t\t\n\t\t\t<div\n\t\t\t\tclass=\"ekit_table_body_container ekit_table_data_ ekit_body_align_center\">\n\t\t\t\t<p><span style=\"color: #f8d413\"><strong>Humedad (%)<\/strong><\/span><\/p>\t\t\t<\/div>\n\n\t\t\t\t<\/td>\n\t\t<td data-order=\"4\"\n\t\tclass=\"elementor-repeater-item-c40f137 ekit_table_data_\">\n\t\t\n\t\t\t<div\n\t\t\t\tclass=\"ekit_table_body_container ekit_table_data_ ekit_body_align_center\">\n\t\t\t\t<p>4<\/p>\t\t\t<\/div>\n\n\t\t\t\t<\/td>\n\t\t<td data-order=\"9\"\n\t\tclass=\"elementor-repeater-item-d93c1a5 ekit_table_data_\">\n\t\t\n\t\t\t<div\n\t\t\t\tclass=\"ekit_table_body_container ekit_table_data_ ekit_body_align_center\">\n\t\t\t\t<p>9<\/p>\t\t\t<\/div>\n\n\t\t\t\t<\/td>\n\t\t<td data-order=\"AOAC 964,22\"\n\t\tclass=\"elementor-repeater-item-cc6bd88 ekit_table_data_\">\n\t\t\n\t\t\t<div\n\t\t\t\tclass=\"ekit_table_body_container ekit_table_data_ ekit_body_align_center\">\n\t\t\t\t<p>AOAC 964,22<\/p>\t\t\t<\/div>\n\n\t\t\t\t<\/td>\n\t<tr>\t<td data-order=\"Digestibilidad (%)\"\n\t\tclass=\"elementor-repeater-item-bde75a8 ekit_table_data_\">\n\t\t\n\t\t\t<div\n\t\t\t\tclass=\"ekit_table_body_container ekit_table_data_ ekit_body_align_center\">\n\t\t\t\t<p><span style=\"color: #f8d413\"><strong>Digestibilidad (%)<\/strong><\/span><\/p>\t\t\t<\/div>\n\n\t\t\t\t<\/td>\n\t\t<td data-order=\"40\"\n\t\tclass=\"elementor-repeater-item-2efa7b5 ekit_table_data_\">\n\t\t\n\t\t\t<div\n\t\t\t\tclass=\"ekit_table_body_container ekit_table_data_ ekit_body_align_center\">\n\t\t\t\t<p>40<\/p>\t\t\t<\/div>\n\n\t\t\t\t<\/td>\n\t\t<td data-order=\"60\"\n\t\tclass=\"elementor-repeater-item-cd2a5d5 ekit_table_data_\">\n\t\t\n\t\t\t<div\n\t\t\t\tclass=\"ekit_table_body_container ekit_table_data_ ekit_body_align_center\">\n\t\t\t\t<p>60<\/p>\t\t\t<\/div>\n\n\t\t\t\t<\/td>\n\t\t<td data-order=\"AOAC 971-09\"\n\t\tclass=\"elementor-repeater-item-e919e47 ekit_table_data_\">\n\t\t\n\t\t\t<div\n\t\t\t\tclass=\"ekit_table_body_container ekit_table_data_ ekit_body_align_center\">\n\t\t\t\t<p>AOAC 971-09<\/p>\t\t\t<\/div>\n\n\t\t\t\t<\/td>\n\t <\/tbody><\/table><\/div>\n\n\n\n<\/div>\t\t\t\t<\/div>\n\t\t\t\t<\/div>\n\t\t\t\t<div class=\"elementor-element elementor-element-1653b1f animated-slow elementor-invisible elementor-widget elementor-widget-elementskit-table\" data-id=\"1653b1f\" data-element_type=\"widget\" data-e-type=\"widget\" data-settings=\"{&quot;_animation&quot;:&quot;fadeInLeft&quot;,&quot;ekit_we_effect_on&quot;:&quot;none&quot;}\" data-widget_type=\"elementskit-table.default\">\n\t\t\t\t<div class=\"elementor-widget-container\">\n\t\t\t\t\t<div class=\"ekit-wid-con\" >\n<div class=\"ekit_table display  ekit_table_data_type-custom\"\n\tdata-settings=\"{&quot;fixedHeader&quot;:true,&quot;search&quot;:false,&quot;search_placeholder&quot;:&quot;&quot;,&quot;responsive&quot;:true,&quot;pagination&quot;:false,&quot;button&quot;:false,&quot;entries&quot;:false,&quot;info&quot;:false,&quot;info_text&quot;:&quot;&quot;,&quot;entries_text&quot;:&quot;&quot;,&quot;ordering&quot;:false,&quot;searchIcon&quot;:&quot;&quot;,&quot;item_per_page&quot;:10,&quot;nav_style&quot;:&quot;&quot;,&quot;prev_text&quot;:&quot;&quot;,&quot;next_text&quot;:&quot;&quot;,&quot;prev_arrow&quot;:&quot;&quot;,&quot;next_arrow&quot;:&quot;&quot;}\">\n\t<table id=\"ekit-table-container-1653b1f\" class=\"display dataTable\" style=\"width:100%\"><thead><tr>\t<th class=\"elementor-repeater-item-11f1aac\">\n\t\t<div\n\t\t\tclass=\"ekit_table_item_container  ekit-table-container-\">\n\t\t\tCriterio\t\t<\/div>\n\t<\/th>\n\t\t<th class=\"elementor-repeater-item-27d340e\">\n\t\t<div\n\t\t\tclass=\"ekit_table_item_container  ekit-table-container-\">\n\t\t\tM\u00ednimo\t\t<\/div>\n\t<\/th>\n\t\t<th class=\"elementor-repeater-item-ce82472\">\n\t\t<div\n\t\t\tclass=\"ekit_table_item_container  ekit-table-container-\">\n\t\t\tM\u00e1ximo\t\t<\/div>\n\t<\/th>\n\t\t<th class=\"elementor-repeater-item-bcd1697\">\n\t\t<div\n\t\t\tclass=\"ekit_table_item_container  ekit-table-container-\">\n\t\t\tM\u00e9todo\t\t<\/div>\n\t<\/th>\n\t <\/tr><\/thead><tbody><tr>\t<td data-order=\"Proteinas %\"\n\t\tclass=\"elementor-repeater-item-1aaca80 ekit_table_data_\">\n\t\t\n\t\t\t<div\n\t\t\t\tclass=\"ekit_table_body_container ekit_table_data_ ekit_body_align_center\">\n\t\t\t\t<p><strong><span style=\"color: #f8d413\">Proteinas %<\/span><\/strong><\/p>\t\t\t<\/div>\n\n\t\t\t\t<\/td>\n\t\t<td data-order=\"68\"\n\t\tclass=\"elementor-repeater-item-b6c06e6 ekit_table_data_\">\n\t\t\n\t\t\t<div\n\t\t\t\tclass=\"ekit_table_body_container ekit_table_data_ ekit_body_align_center\">\n\t\t\t\t<p>68<\/p>\t\t\t<\/div>\n\n\t\t\t\t<\/td>\n\t\t<td data-order=\"-\"\n\t\tclass=\"elementor-repeater-item-9461760 ekit_table_data_\">\n\t\t\n\t\t\t<div\n\t\t\t\tclass=\"ekit_table_body_container ekit_table_data_ ekit_body_align_center\">\n\t\t\t\t<p>-<\/p>\t\t\t<\/div>\n\n\t\t\t\t<\/td>\n\t\t<td data-order=\"AOAC 984,13 Kjeldahl\"\n\t\tclass=\"elementor-repeater-item-994fb11 ekit_table_data_\">\n\t\t\n\t\t\t<div\n\t\t\t\tclass=\"ekit_table_body_container ekit_table_data_ ekit_body_align_center\">\n\t\t\t\t<p>AOAC 984,13 Kjeldahl<\/p>\t\t\t<\/div>\n\n\t\t\t\t<\/td>\n\t<tr>\t<td data-order=\"Grasas (%)\"\n\t\tclass=\"elementor-repeater-item-ea6ca2d ekit_table_data_\">\n\t\t\n\t\t\t<div\n\t\t\t\tclass=\"ekit_table_body_container ekit_table_data_ ekit_body_align_center\">\n\t\t\t\t<p><span style=\"color: #f8d413\"><strong>Grasas (%)<\/strong><\/span><\/p>\t\t\t<\/div>\n\n\t\t\t\t<\/td>\n\t\t<td data-order=\"2\"\n\t\tclass=\"elementor-repeater-item-cf37713 ekit_table_data_\">\n\t\t\n\t\t\t<div\n\t\t\t\tclass=\"ekit_table_body_container ekit_table_data_ ekit_body_align_center\">\n\t\t\t\t<p>2<\/p>\t\t\t<\/div>\n\n\t\t\t\t<\/td>\n\t\t<td data-order=\"7\"\n\t\tclass=\"elementor-repeater-item-594029d ekit_table_data_\">\n\t\t\n\t\t\t<div\n\t\t\t\tclass=\"ekit_table_body_container ekit_table_data_ ekit_body_align_center\">\n\t\t\t\t<p>7<\/p>\t\t\t<\/div>\n\n\t\t\t\t<\/td>\n\t\t<td data-order=\"AOAC 920,39C\"\n\t\tclass=\"elementor-repeater-item-9fd234e ekit_table_data_\">\n\t\t\n\t\t\t<div\n\t\t\t\tclass=\"ekit_table_body_container ekit_table_data_ ekit_body_align_center\">\n\t\t\t\t<p>AOAC 920,39C<\/p>\t\t\t<\/div>\n\n\t\t\t\t<\/td>\n\t<tr>\t<td data-order=\"Ceniza (%)\"\n\t\tclass=\"elementor-repeater-item-5c35577 ekit_table_data_\">\n\t\t\n\t\t\t<div\n\t\t\t\tclass=\"ekit_table_body_container ekit_table_data_ ekit_body_align_center\">\n\t\t\t\t<p><span style=\"color: #f8d413\"><strong>Ceniza (%)<\/strong><\/span><\/p>\t\t\t<\/div>\n\n\t\t\t\t<\/td>\n\t\t<td data-order=\"5\"\n\t\tclass=\"elementor-repeater-item-511c008 ekit_table_data_\">\n\t\t\n\t\t\t<div\n\t\t\t\tclass=\"ekit_table_body_container ekit_table_data_ ekit_body_align_center\">\n\t\t\t\t<p>5<\/p>\t\t\t<\/div>\n\n\t\t\t\t<\/td>\n\t\t<td data-order=\"8\"\n\t\tclass=\"elementor-repeater-item-9c53d91 ekit_table_data_\">\n\t\t\n\t\t\t<div\n\t\t\t\tclass=\"ekit_table_body_container ekit_table_data_ ekit_body_align_center\">\n\t\t\t\t<p>8<\/p>\t\t\t<\/div>\n\n\t\t\t\t<\/td>\n\t\t<td data-order=\"AOAC 923,03\"\n\t\tclass=\"elementor-repeater-item-8d51b86 ekit_table_data_\">\n\t\t\n\t\t\t<div\n\t\t\t\tclass=\"ekit_table_body_container ekit_table_data_ ekit_body_align_center\">\n\t\t\t\t<p>AOAC 923,03<\/p>\t\t\t<\/div>\n\n\t\t\t\t<\/td>\n\t<tr>\t<td data-order=\"Humedad (%)\"\n\t\tclass=\"elementor-repeater-item-82a76bf ekit_table_data_\">\n\t\t\n\t\t\t<div\n\t\t\t\tclass=\"ekit_table_body_container ekit_table_data_ ekit_body_align_center\">\n\t\t\t\t<p><span style=\"color: #f8d413\"><strong>Humedad (%)<\/strong><\/span><\/p>\t\t\t<\/div>\n\n\t\t\t\t<\/td>\n\t\t<td data-order=\"4\"\n\t\tclass=\"elementor-repeater-item-c40f137 ekit_table_data_\">\n\t\t\n\t\t\t<div\n\t\t\t\tclass=\"ekit_table_body_container ekit_table_data_ ekit_body_align_center\">\n\t\t\t\t<p>4<\/p>\t\t\t<\/div>\n\n\t\t\t\t<\/td>\n\t\t<td data-order=\"9\"\n\t\tclass=\"elementor-repeater-item-d93c1a5 ekit_table_data_\">\n\t\t\n\t\t\t<div\n\t\t\t\tclass=\"ekit_table_body_container ekit_table_data_ ekit_body_align_center\">\n\t\t\t\t<p>9<\/p>\t\t\t<\/div>\n\n\t\t\t\t<\/td>\n\t\t<td data-order=\"AOAC 964,22\"\n\t\tclass=\"elementor-repeater-item-cc6bd88 ekit_table_data_\">\n\t\t\n\t\t\t<div\n\t\t\t\tclass=\"ekit_table_body_container ekit_table_data_ ekit_body_align_center\">\n\t\t\t\t<p>AOAC 964,22<\/p>\t\t\t<\/div>\n\n\t\t\t\t<\/td>\n\t<tr>\t<td data-order=\"Digestibilidad (%)\"\n\t\tclass=\"elementor-repeater-item-bde75a8 ekit_table_data_\">\n\t\t\n\t\t\t<div\n\t\t\t\tclass=\"ekit_table_body_container ekit_table_data_ ekit_body_align_center\">\n\t\t\t\t<p><span style=\"color: #f8d413\"><strong>Digestibilidad (%)<\/strong><\/span><\/p>\t\t\t<\/div>\n\n\t\t\t\t<\/td>\n\t\t<td data-order=\"40\"\n\t\tclass=\"elementor-repeater-item-2efa7b5 ekit_table_data_\">\n\t\t\n\t\t\t<div\n\t\t\t\tclass=\"ekit_table_body_container ekit_table_data_ ekit_body_align_center\">\n\t\t\t\t<p>40<\/p>\t\t\t<\/div>\n\n\t\t\t\t<\/td>\n\t\t<td data-order=\"60\"\n\t\tclass=\"elementor-repeater-item-cd2a5d5 ekit_table_data_\">\n\t\t\n\t\t\t<div\n\t\t\t\tclass=\"ekit_table_body_container ekit_table_data_ ekit_body_align_center\">\n\t\t\t\t<p>60<\/p>\t\t\t<\/div>\n\n\t\t\t\t<\/td>\n\t\t<td data-order=\"AOAC 971-09\"\n\t\tclass=\"elementor-repeater-item-e919e47 ekit_table_data_\">\n\t\t\n\t\t\t<div\n\t\t\t\tclass=\"ekit_table_body_container ekit_table_data_ ekit_body_align_center\">\n\t\t\t\t<p>AOAC 971-09<\/p>\t\t\t<\/div>\n\n\t\t\t\t<\/td>\n\t <\/tbody><\/table><\/div>\n\n\n\n<\/div>\t\t\t\t<\/div>\n\t\t\t\t<\/div>\n\t\t\t\t\t<\/div>\n\t\t\t\t<\/div>\n\t\t\t\t<\/div>","protected":false},"excerpt":{"rendered":"<p>Harina de salm\u00f3n La harina de salm\u00f3n es una fuente natural del 62% y 68% de prote\u00ednas, \u00e1cidos grasos omega-3 y otros nutrientes cruciales principalmente para la salud de perros y gatos; con una digestibilidad alta del 94%.\u00a0 Este producto es de origen completamente de camarones y se procesa en nuestras plantas de producci\u00f3n, las cuales son sometidas a rigurosas inspecciones y cuentan con el aval del Servicio de Inspecci\u00f3n Federal (SIF). La harina no contiene aditivos que mejoren su prote\u00edna natural. Cotizar ahora DATOS F\u00cdSICO-QU\u00cdMICOS Criterio M\u00ednimo M\u00e1ximo M\u00e9todo Proteinas % 60 &#8211; AOAC 984,13 Kjeldahl Grasas (%) 2 7 AOAC 920,39C Ceniza (%) 5 8 AOAC 923,03 Humedad (%) 4 9 AOAC 964,22 Digestibilidad (%) 40 60 AOAC 971-09 Criterio M\u00ednimo M\u00e1ximo M\u00e9todo Proteinas % 68 &#8211; AOAC 984,13 Kjeldahl Grasas (%) 2 7 AOAC 920,39C Ceniza (%) 5 8 AOAC 923,03 Humedad (%) 4 9 AOAC 964,22 Digestibilidad (%) 40 60 AOAC 971-09<\/p>","protected":false},"author":1,"featured_media":0,"parent":496,"menu_order":0,"comment_status":"closed","ping_status":"closed","template":"elementor_canvas","meta":{"footnotes":""},"class_list":["post-352","page","type-page","status-publish","hentry"],"aioseo_notices":[],"_links":{"self":[{"href":"https:\/\/www.progan.co\/pt\/wp-json\/wp\/v2\/pages\/352","targetHints":{"allow":["GET"]}}],"collection":[{"href":"https:\/\/www.progan.co\/pt\/wp-json\/wp\/v2\/pages"}],"about":[{"href":"https:\/\/www.progan.co\/pt\/wp-json\/wp\/v2\/types\/page"}],"author":[{"embeddable":true,"href":"https:\/\/www.progan.co\/pt\/wp-json\/wp\/v2\/users\/1"}],"replies":[{"embeddable":true,"href":"https:\/\/www.progan.co\/pt\/wp-json\/wp\/v2\/comments?post=352"}],"version-history":[{"count":6,"href":"https:\/\/www.progan.co\/pt\/wp-json\/wp\/v2\/pages\/352\/revisions"}],"predecessor-version":[{"id":3910,"href":"https:\/\/www.progan.co\/pt\/wp-json\/wp\/v2\/pages\/352\/revisions\/3910"}],"up":[{"embeddable":true,"href":"https:\/\/www.progan.co\/pt\/wp-json\/wp\/v2\/pages\/496"}],"wp:attachment":[{"href":"https:\/\/www.progan.co\/pt\/wp-json\/wp\/v2\/media?parent=352"}],"curies":[{"name":"wp","href":"https:\/\/api.w.org\/{rel}","templated":true}]}}