{"id":258,"date":"2024-05-15T03:52:52","date_gmt":"2024-05-15T03:52:52","guid":{"rendered":"https:\/\/www.progan.co\/?page_id=258"},"modified":"2025-04-24T09:11:05","modified_gmt":"2025-04-24T14:11:05","slug":"sangre-de-aves-de-corral","status":"publish","type":"page","link":"https:\/\/www.progan.co\/pt\/home2\/ingredientes\/productos\/sangre-de-aves-de-corral\/","title":{"rendered":"Sangre de aves de corral"},"content":{"rendered":"<div data-elementor-type=\"wp-page\" data-elementor-id=\"258\" class=\"elementor elementor-258\" data-elementor-post-type=\"page\">\n\t\t\t\t<div class=\"elementor-element elementor-element-2634c06 e-con-full animated-slow e-flex wpr-particle-no wpr-jarallax-no wpr-parallax-no wpr-sticky-section-no elementor-invisible e-con e-parent\" data-id=\"2634c06\" data-element_type=\"container\" data-e-type=\"container\" data-settings=\"{&quot;background_background&quot;:&quot;classic&quot;,&quot;animation&quot;:&quot;fadeIn&quot;,&quot;ekit_has_onepagescroll_dot&quot;:&quot;yes&quot;}\">\n\t\t\t\t<div class=\"elementor-element elementor-element-233a238 elementor-widget elementor-widget-spacer\" data-id=\"233a238\" data-element_type=\"widget\" data-e-type=\"widget\" data-settings=\"{&quot;ekit_we_effect_on&quot;:&quot;none&quot;}\" data-widget_type=\"spacer.default\">\n\t\t\t\t<div class=\"elementor-widget-container\">\n\t\t\t\t\t\t\t<div class=\"elementor-spacer\">\n\t\t\t<div class=\"elementor-spacer-inner\"><\/div>\n\t\t<\/div>\n\t\t\t\t\t\t<\/div>\n\t\t\t\t<\/div>\n\t\t\t\t<div class=\"elementor-element elementor-element-7395a82 elementor-widget elementor-widget-heading\" data-id=\"7395a82\" data-element_type=\"widget\" data-e-type=\"widget\" data-settings=\"{&quot;ekit_we_effect_on&quot;:&quot;none&quot;}\" data-widget_type=\"heading.default\">\n\t\t\t\t<div class=\"elementor-widget-container\">\n\t\t\t\t\t<h2 class=\"elementor-heading-title elementor-size-default\">Harina de sangre de aves de corral<\/h2>\t\t\t\t<\/div>\n\t\t\t\t<\/div>\n\t\t\t\t<div class=\"elementor-element elementor-element-e44dbac elementor-widget-divider--view-line elementor-widget elementor-widget-divider\" data-id=\"e44dbac\" data-element_type=\"widget\" data-e-type=\"widget\" data-settings=\"{&quot;ekit_we_effect_on&quot;:&quot;none&quot;}\" data-widget_type=\"divider.default\">\n\t\t\t\t<div class=\"elementor-widget-container\">\n\t\t\t\t\t\t\t<div class=\"elementor-divider\">\n\t\t\t<span class=\"elementor-divider-separator\">\n\t\t\t\t\t\t<\/span>\n\t\t<\/div>\n\t\t\t\t\t\t<\/div>\n\t\t\t\t<\/div>\n\t\t\t\t<\/div>\n\t\t<div class=\"elementor-element elementor-element-30d45be animated-slow e-flex e-con-boxed wpr-particle-no wpr-jarallax-no wpr-parallax-no wpr-sticky-section-no elementor-invisible e-con e-parent\" data-id=\"30d45be\" data-element_type=\"container\" data-e-type=\"container\" data-settings=\"{&quot;background_background&quot;:&quot;classic&quot;,&quot;animation&quot;:&quot;fadeIn&quot;,&quot;ekit_has_onepagescroll_dot&quot;:&quot;yes&quot;}\">\n\t\t\t\t\t<div class=\"e-con-inner\">\n\t\t<div class=\"elementor-element elementor-element-077c2fa e-con-full e-flex wpr-particle-no wpr-jarallax-no wpr-parallax-no wpr-sticky-section-no e-con e-child\" data-id=\"077c2fa\" data-element_type=\"container\" data-e-type=\"container\" data-settings=\"{&quot;ekit_has_onepagescroll_dot&quot;:&quot;yes&quot;}\">\n\t\t\t\t<div class=\"elementor-element elementor-element-e2bd876 elementor-widget elementor-widget-image\" data-id=\"e2bd876\" data-element_type=\"widget\" data-e-type=\"widget\" data-settings=\"{&quot;ekit_we_effect_on&quot;:&quot;none&quot;}\" data-widget_type=\"image.default\">\n\t\t\t\t<div class=\"elementor-widget-container\">\n\t\t\t\t\t\t\t\t\t\t\t\t\t\t\t\t<a href=\"https:\/\/www.progan.co\/pt\/ingredientes\/productos\/\">\n\t\t\t\t\t\t\t<img decoding=\"async\" width=\"189\" height=\"41\" src=\"https:\/\/www.progan.co\/wp-content\/uploads\/2024\/05\/Group-7.png\" class=\"attachment-full size-full wp-image-545\" alt=\"\" srcset=\"https:\/\/www.progan.co\/wp-content\/uploads\/2024\/05\/Group-7.png 189w, https:\/\/www.progan.co\/wp-content\/uploads\/2024\/05\/Group-7-18x4.png 18w\" sizes=\"(max-width: 189px) 100vw, 189px\" \/>\t\t\t\t\t\t\t\t<\/a>\n\t\t\t\t\t\t\t\t\t\t\t\t\t\t\t<\/div>\n\t\t\t\t<\/div>\n\t\t\t\t<div class=\"elementor-element elementor-element-51c5606 elementor-invisible elementor-widget elementor-widget-image\" data-id=\"51c5606\" data-element_type=\"widget\" data-e-type=\"widget\" data-settings=\"{&quot;_animation&quot;:&quot;fadeInLeft&quot;,&quot;ekit_we_effect_on&quot;:&quot;none&quot;}\" data-widget_type=\"image.default\">\n\t\t\t\t<div class=\"elementor-widget-container\">\n\t\t\t\t\t\t\t\t\t\t\t\t\t\t\t<img fetchpriority=\"high\" decoding=\"async\" width=\"205\" height=\"300\" src=\"https:\/\/www.progan.co\/wp-content\/uploads\/2024\/05\/Harina-de-sangre-de-corral-1.png\" class=\"attachment-full size-full wp-image-260\" alt=\"\" srcset=\"https:\/\/www.progan.co\/wp-content\/uploads\/2024\/05\/Harina-de-sangre-de-corral-1.png 205w, https:\/\/www.progan.co\/wp-content\/uploads\/2024\/05\/Harina-de-sangre-de-corral-1-8x12.png 8w\" sizes=\"(max-width: 205px) 100vw, 205px\" \/>\t\t\t\t\t\t\t\t\t\t\t\t\t\t\t<\/div>\n\t\t\t\t<\/div>\n\t\t\t\t<\/div>\n\t\t<div class=\"elementor-element elementor-element-c6800c8 e-con-full e-flex wpr-particle-no wpr-jarallax-no wpr-parallax-no wpr-sticky-section-no e-con e-child\" data-id=\"c6800c8\" data-element_type=\"container\" data-e-type=\"container\" data-settings=\"{&quot;background_background&quot;:&quot;classic&quot;,&quot;ekit_has_onepagescroll_dot&quot;:&quot;yes&quot;}\">\n\t\t\t\t<div class=\"elementor-element elementor-element-dabbd86 elementor-widget elementor-widget-text-editor\" data-id=\"dabbd86\" data-element_type=\"widget\" data-e-type=\"widget\" data-settings=\"{&quot;ekit_we_effect_on&quot;:&quot;none&quot;}\" data-widget_type=\"text-editor.default\">\n\t\t\t\t<div class=\"elementor-widget-container\">\n\t\t\t\t\t\t\t\t\t<div>\u00a0<\/div><p>Es una fuente natural de prote\u00ednas y minerales que se utiliza como ingrediente en alimentos para animales como cerdos, aves de corral, peces y otras especies no rumiantes.<br \/><br \/>Este producto es de origen completamente av\u00edcola y se procesa en nuestras plantas de producci\u00f3n, las cuales son sometidas a rigurosas inspecciones y cuentan con el aval del Servicio de Inspecci\u00f3n Federal (SIF). La harina est\u00e1 libre de cualquier aditivo que mejore su prote\u00edna natural.<\/p>\t\t\t\t\t\t\t\t<\/div>\n\t\t\t\t<\/div>\n\t\t\t\t<div class=\"elementor-element elementor-element-3ddd108 elementor-widget elementor-widget-button\" data-id=\"3ddd108\" data-element_type=\"widget\" data-e-type=\"widget\" data-settings=\"{&quot;ekit_we_effect_on&quot;:&quot;none&quot;}\" data-widget_type=\"button.default\">\n\t\t\t\t<div class=\"elementor-widget-container\">\n\t\t\t\t\t\t\t\t\t<div class=\"elementor-button-wrapper\">\n\t\t\t\t\t<a class=\"elementor-button elementor-button-link elementor-size-sm elementor-animation-grow\" href=\"#\">\n\t\t\t\t\t\t<span class=\"elementor-button-content-wrapper\">\n\t\t\t\t\t\t\t\t\t<span class=\"elementor-button-text\">Cotizar ahora<\/span>\n\t\t\t\t\t<\/span>\n\t\t\t\t\t<\/a>\n\t\t\t\t<\/div>\n\t\t\t\t\t\t\t\t<\/div>\n\t\t\t\t<\/div>\n\t\t\t\t<\/div>\n\t\t\t\t\t<\/div>\n\t\t\t\t<\/div>\n\t\t<div class=\"elementor-element elementor-element-3ada10b animated-slow e-flex e-con-boxed wpr-particle-no wpr-jarallax-no wpr-parallax-no wpr-sticky-section-no elementor-invisible e-con e-parent\" data-id=\"3ada10b\" data-element_type=\"container\" data-e-type=\"container\" data-settings=\"{&quot;background_background&quot;:&quot;classic&quot;,&quot;animation&quot;:&quot;fadeIn&quot;,&quot;ekit_has_onepagescroll_dot&quot;:&quot;yes&quot;}\">\n\t\t\t\t\t<div class=\"e-con-inner\">\n\t\t\t\t<div class=\"elementor-element elementor-element-64a79b1 animated-slow elementor-invisible elementor-widget elementor-widget-heading\" data-id=\"64a79b1\" data-element_type=\"widget\" data-e-type=\"widget\" data-settings=\"{&quot;_animation&quot;:&quot;fadeInLeft&quot;,&quot;ekit_we_effect_on&quot;:&quot;none&quot;}\" data-widget_type=\"heading.default\">\n\t\t\t\t<div class=\"elementor-widget-container\">\n\t\t\t\t\t<h2 class=\"elementor-heading-title elementor-size-default\">DATOS F\u00cdSICO-QU\u00cdMICOS<\/h2>\t\t\t\t<\/div>\n\t\t\t\t<\/div>\n\t\t\t\t<div class=\"elementor-element elementor-element-6fc4653 elementor-widget elementor-widget-spacer\" data-id=\"6fc4653\" data-element_type=\"widget\" data-e-type=\"widget\" data-settings=\"{&quot;ekit_we_effect_on&quot;:&quot;none&quot;}\" data-widget_type=\"spacer.default\">\n\t\t\t\t<div class=\"elementor-widget-container\">\n\t\t\t\t\t\t\t<div class=\"elementor-spacer\">\n\t\t\t<div class=\"elementor-spacer-inner\"><\/div>\n\t\t<\/div>\n\t\t\t\t\t\t<\/div>\n\t\t\t\t<\/div>\n\t\t\t\t<div class=\"elementor-element elementor-element-2547fd5 animated-slow elementor-invisible elementor-widget elementor-widget-elementskit-table\" data-id=\"2547fd5\" data-element_type=\"widget\" data-e-type=\"widget\" data-settings=\"{&quot;_animation&quot;:&quot;fadeInLeft&quot;,&quot;ekit_we_effect_on&quot;:&quot;none&quot;}\" data-widget_type=\"elementskit-table.default\">\n\t\t\t\t<div class=\"elementor-widget-container\">\n\t\t\t\t\t<div class=\"ekit-wid-con\" >\n<div class=\"ekit_table display  ekit_table_data_type-custom\"\n\tdata-settings=\"{&quot;fixedHeader&quot;:true,&quot;search&quot;:false,&quot;search_placeholder&quot;:&quot;&quot;,&quot;responsive&quot;:true,&quot;pagination&quot;:false,&quot;button&quot;:false,&quot;entries&quot;:false,&quot;info&quot;:false,&quot;info_text&quot;:&quot;&quot;,&quot;entries_text&quot;:&quot;&quot;,&quot;ordering&quot;:false,&quot;searchIcon&quot;:&quot;&quot;,&quot;item_per_page&quot;:10,&quot;nav_style&quot;:&quot;&quot;,&quot;prev_text&quot;:&quot;&quot;,&quot;next_text&quot;:&quot;&quot;,&quot;prev_arrow&quot;:&quot;&quot;,&quot;next_arrow&quot;:&quot;&quot;}\">\n\t<table id=\"ekit-table-container-2547fd5\" class=\"display dataTable\" style=\"width:100%\"><thead><tr>\t<th class=\"elementor-repeater-item-11f1aac\">\n\t\t<div\n\t\t\tclass=\"ekit_table_item_container  ekit-table-container-\">\n\t\t\tCriterio\t\t<\/div>\n\t<\/th>\n\t\t<th class=\"elementor-repeater-item-27d340e\">\n\t\t<div\n\t\t\tclass=\"ekit_table_item_container  ekit-table-container-\">\n\t\t\tM\u00ednimo\t\t<\/div>\n\t<\/th>\n\t\t<th class=\"elementor-repeater-item-ce82472\">\n\t\t<div\n\t\t\tclass=\"ekit_table_item_container  ekit-table-container-\">\n\t\t\tM\u00e1ximo\t\t<\/div>\n\t<\/th>\n\t <\/tr><\/thead><tbody><tr>\t<td data-order=\"Prote\u00ednas (%)\"\n\t\tclass=\"elementor-repeater-item-1aaca80 ekit_table_data_\">\n\t\t\n\t\t\t<div\n\t\t\t\tclass=\"ekit_table_body_container ekit_table_data_ ekit_body_align_center\">\n\t\t\t\t<p><strong><span style=\"color: #f8d413\">Prote\u00ednas (%)<\/span><\/strong><\/p>\t\t\t<\/div>\n\n\t\t\t\t<\/td>\n\t\t<td data-order=\"80\"\n\t\tclass=\"elementor-repeater-item-b6c06e6 ekit_table_data_\">\n\t\t\n\t\t\t<div\n\t\t\t\tclass=\"ekit_table_body_container ekit_table_data_ ekit_body_align_center\">\n\t\t\t\t<p>80<\/p>\t\t\t<\/div>\n\n\t\t\t\t<\/td>\n\t\t<td data-order=\"-\"\n\t\tclass=\"elementor-repeater-item-9461760 ekit_table_data_\">\n\t\t\n\t\t\t<div\n\t\t\t\tclass=\"ekit_table_body_container ekit_table_data_ ekit_body_align_center\">\n\t\t\t\t<p>-<\/p>\t\t\t<\/div>\n\n\t\t\t\t<\/td>\n\t<tr>\t<td data-order=\"Grasas (%)\"\n\t\tclass=\"elementor-repeater-item-ea6ca2d ekit_table_data_\">\n\t\t\n\t\t\t<div\n\t\t\t\tclass=\"ekit_table_body_container ekit_table_data_ ekit_body_align_center\">\n\t\t\t\t<p><span style=\"color: #f8d413\"><strong>Grasas (%)<\/strong><\/span><\/p>\t\t\t<\/div>\n\n\t\t\t\t<\/td>\n\t\t<td data-order=\"-\"\n\t\tclass=\"elementor-repeater-item-cf37713 ekit_table_data_\">\n\t\t\n\t\t\t<div\n\t\t\t\tclass=\"ekit_table_body_container ekit_table_data_ ekit_body_align_center\">\n\t\t\t\t<p>-<\/p>\t\t\t<\/div>\n\n\t\t\t\t<\/td>\n\t\t<td data-order=\"4\"\n\t\tclass=\"elementor-repeater-item-594029d ekit_table_data_\">\n\t\t\n\t\t\t<div\n\t\t\t\tclass=\"ekit_table_body_container ekit_table_data_ ekit_body_align_center\">\n\t\t\t\t<p>4<\/p>\t\t\t<\/div>\n\n\t\t\t\t<\/td>\n\t<tr>\t<td data-order=\"Ceniza (%)\"\n\t\tclass=\"elementor-repeater-item-5c35577 ekit_table_data_\">\n\t\t\n\t\t\t<div\n\t\t\t\tclass=\"ekit_table_body_container ekit_table_data_ ekit_body_align_center\">\n\t\t\t\t<p><span style=\"color: #f8d413\"><strong>Ceniza (%)<\/strong><\/span><\/p>\t\t\t<\/div>\n\n\t\t\t\t<\/td>\n\t\t<td data-order=\"-\"\n\t\tclass=\"elementor-repeater-item-511c008 ekit_table_data_\">\n\t\t\n\t\t\t<div\n\t\t\t\tclass=\"ekit_table_body_container ekit_table_data_ ekit_body_align_center\">\n\t\t\t\t<p>-<\/p>\t\t\t<\/div>\n\n\t\t\t\t<\/td>\n\t\t<td data-order=\"4\"\n\t\tclass=\"elementor-repeater-item-9c53d91 ekit_table_data_\">\n\t\t\n\t\t\t<div\n\t\t\t\tclass=\"ekit_table_body_container ekit_table_data_ ekit_body_align_center\">\n\t\t\t\t<p>4<\/p>\t\t\t<\/div>\n\n\t\t\t\t<\/td>\n\t<tr>\t<td data-order=\"Humedad (%)\"\n\t\tclass=\"elementor-repeater-item-82a76bf ekit_table_data_\">\n\t\t\n\t\t\t<div\n\t\t\t\tclass=\"ekit_table_body_container ekit_table_data_ ekit_body_align_center\">\n\t\t\t\t<p><span style=\"color: #f8d413\"><strong>Humedad (%)<\/strong><\/span><\/p>\t\t\t<\/div>\n\n\t\t\t\t<\/td>\n\t\t<td data-order=\"-\"\n\t\tclass=\"elementor-repeater-item-c40f137 ekit_table_data_\">\n\t\t\n\t\t\t<div\n\t\t\t\tclass=\"ekit_table_body_container ekit_table_data_ ekit_body_align_center\">\n\t\t\t\t<p>-<\/p>\t\t\t<\/div>\n\n\t\t\t\t<\/td>\n\t\t<td data-order=\"10\"\n\t\tclass=\"elementor-repeater-item-d93c1a5 ekit_table_data_\">\n\t\t\n\t\t\t<div\n\t\t\t\tclass=\"ekit_table_body_container ekit_table_data_ ekit_body_align_center\">\n\t\t\t\t<p>10<\/p>\t\t\t<\/div>\n\n\t\t\t\t<\/td>\n\t<tr>\t<td data-order=\"Fibra (%)\"\n\t\tclass=\"elementor-repeater-item-0dd297c ekit_table_data_\">\n\t\t\n\t\t\t<div\n\t\t\t\tclass=\"ekit_table_body_container ekit_table_data_ ekit_body_align_center\">\n\t\t\t\t<p><span style=\"color: #f8d413\"><strong>Fibra (%)<\/strong><\/span><\/p>\t\t\t<\/div>\n\n\t\t\t\t<\/td>\n\t\t<td data-order=\"-\"\n\t\tclass=\"elementor-repeater-item-2fb8819 ekit_table_data_\">\n\t\t\n\t\t\t<div\n\t\t\t\tclass=\"ekit_table_body_container ekit_table_data_ ekit_body_align_center\">\n\t\t\t\t<p>-<\/p>\t\t\t<\/div>\n\n\t\t\t\t<\/td>\n\t\t<td data-order=\"3\"\n\t\tclass=\"elementor-repeater-item-008b36d ekit_table_data_\">\n\t\t\n\t\t\t<div\n\t\t\t\tclass=\"ekit_table_body_container ekit_table_data_ ekit_body_align_center\">\n\t\t\t\t<p>3<\/p>\t\t\t<\/div>\n\n\t\t\t\t<\/td>\n\t <\/tbody><\/table><\/div>\n\n\n\n<\/div>\t\t\t\t<\/div>\n\t\t\t\t<\/div>\n\t\t\t\t<div class=\"elementor-element elementor-element-737093a animated-slow elementor-invisible elementor-widget elementor-widget-heading\" data-id=\"737093a\" data-element_type=\"widget\" data-e-type=\"widget\" data-settings=\"{&quot;_animation&quot;:&quot;fadeInLeft&quot;,&quot;ekit_we_effect_on&quot;:&quot;none&quot;}\" data-widget_type=\"heading.default\">\n\t\t\t\t<div class=\"elementor-widget-container\">\n\t\t\t\t\t<h2 class=\"elementor-heading-title elementor-size-default\">Proteina max 90 <br>\nGrasa min 4 <br>\nCeniza m\u00e1x 8\n<\/h2>\t\t\t\t<\/div>\n\t\t\t\t<\/div>\n\t\t\t\t<div class=\"elementor-element elementor-element-9fa9f2e animated-slow elementor-invisible elementor-widget elementor-widget-elementskit-table\" data-id=\"9fa9f2e\" data-element_type=\"widget\" data-e-type=\"widget\" data-settings=\"{&quot;_animation&quot;:&quot;fadeInLeft&quot;,&quot;ekit_we_effect_on&quot;:&quot;none&quot;}\" data-widget_type=\"elementskit-table.default\">\n\t\t\t\t<div class=\"elementor-widget-container\">\n\t\t\t\t\t<div class=\"ekit-wid-con\" >\n<div class=\"ekit_table display  ekit_table_data_type-custom\"\n\tdata-settings=\"{&quot;fixedHeader&quot;:true,&quot;search&quot;:false,&quot;search_placeholder&quot;:&quot;&quot;,&quot;responsive&quot;:true,&quot;pagination&quot;:false,&quot;button&quot;:false,&quot;entries&quot;:false,&quot;info&quot;:false,&quot;info_text&quot;:&quot;&quot;,&quot;entries_text&quot;:&quot;&quot;,&quot;ordering&quot;:false,&quot;searchIcon&quot;:&quot;&quot;,&quot;item_per_page&quot;:10,&quot;nav_style&quot;:&quot;&quot;,&quot;prev_text&quot;:&quot;&quot;,&quot;next_text&quot;:&quot;&quot;,&quot;prev_arrow&quot;:&quot;&quot;,&quot;next_arrow&quot;:&quot;&quot;}\">\n\t<table id=\"ekit-table-container-9fa9f2e\" class=\"display dataTable\" style=\"width:100%\"><thead><tr>\t<th class=\"elementor-repeater-item-11f1aac\">\n\t\t<div\n\t\t\tclass=\"ekit_table_item_container  ekit-table-container-\">\n\t\t\tCriterio\t\t<\/div>\n\t<\/th>\n\t\t<th class=\"elementor-repeater-item-27d340e\">\n\t\t<div\n\t\t\tclass=\"ekit_table_item_container  ekit-table-container-\">\n\t\t\tM\u00ednimo\t\t<\/div>\n\t<\/th>\n\t\t<th class=\"elementor-repeater-item-ce82472\">\n\t\t<div\n\t\t\tclass=\"ekit_table_item_container  ekit-table-container-\">\n\t\t\tM\u00e1ximo\t\t<\/div>\n\t<\/th>\n\t <\/tr><\/thead><tbody><tr>\t<td data-order=\"Prote\u00ednas (%)\"\n\t\tclass=\"elementor-repeater-item-1aaca80 ekit_table_data_\">\n\t\t\n\t\t\t<div\n\t\t\t\tclass=\"ekit_table_body_container ekit_table_data_ ekit_body_align_center\">\n\t\t\t\t<p><strong><span style=\"color: #f8d413\">Prote\u00ednas (%)<\/span><\/strong><\/p>\t\t\t<\/div>\n\n\t\t\t\t<\/td>\n\t\t<td data-order=\"90\"\n\t\tclass=\"elementor-repeater-item-b6c06e6 ekit_table_data_\">\n\t\t\n\t\t\t<div\n\t\t\t\tclass=\"ekit_table_body_container ekit_table_data_ ekit_body_align_center\">\n\t\t\t\t<p>90<\/p>\t\t\t<\/div>\n\n\t\t\t\t<\/td>\n\t\t<td data-order=\"-\"\n\t\tclass=\"elementor-repeater-item-9461760 ekit_table_data_\">\n\t\t\n\t\t\t<div\n\t\t\t\tclass=\"ekit_table_body_container ekit_table_data_ ekit_body_align_center\">\n\t\t\t\t<p>-<\/p>\t\t\t<\/div>\n\n\t\t\t\t<\/td>\n\t<tr>\t<td data-order=\"Grasas (%)\"\n\t\tclass=\"elementor-repeater-item-ea6ca2d ekit_table_data_\">\n\t\t\n\t\t\t<div\n\t\t\t\tclass=\"ekit_table_body_container ekit_table_data_ ekit_body_align_center\">\n\t\t\t\t<p><span style=\"color: #f8d413\"><strong>Grasas (%)<\/strong><\/span><\/p>\t\t\t<\/div>\n\n\t\t\t\t<\/td>\n\t\t<td data-order=\"-\"\n\t\tclass=\"elementor-repeater-item-cf37713 ekit_table_data_\">\n\t\t\n\t\t\t<div\n\t\t\t\tclass=\"ekit_table_body_container ekit_table_data_ ekit_body_align_center\">\n\t\t\t\t<p>-<\/p>\t\t\t<\/div>\n\n\t\t\t\t<\/td>\n\t\t<td data-order=\"4\"\n\t\tclass=\"elementor-repeater-item-594029d ekit_table_data_\">\n\t\t\n\t\t\t<div\n\t\t\t\tclass=\"ekit_table_body_container ekit_table_data_ ekit_body_align_center\">\n\t\t\t\t<p>4<\/p>\t\t\t<\/div>\n\n\t\t\t\t<\/td>\n\t<tr>\t<td data-order=\"Ceniza (%)\"\n\t\tclass=\"elementor-repeater-item-5c35577 ekit_table_data_\">\n\t\t\n\t\t\t<div\n\t\t\t\tclass=\"ekit_table_body_container ekit_table_data_ ekit_body_align_center\">\n\t\t\t\t<p><span style=\"color: #f8d413\"><strong>Ceniza (%)<\/strong><\/span><\/p>\t\t\t<\/div>\n\n\t\t\t\t<\/td>\n\t\t<td data-order=\"-\"\n\t\tclass=\"elementor-repeater-item-511c008 ekit_table_data_\">\n\t\t\n\t\t\t<div\n\t\t\t\tclass=\"ekit_table_body_container ekit_table_data_ ekit_body_align_center\">\n\t\t\t\t<p>-<\/p>\t\t\t<\/div>\n\n\t\t\t\t<\/td>\n\t\t<td data-order=\"4\"\n\t\tclass=\"elementor-repeater-item-9c53d91 ekit_table_data_\">\n\t\t\n\t\t\t<div\n\t\t\t\tclass=\"ekit_table_body_container ekit_table_data_ ekit_body_align_center\">\n\t\t\t\t<p>4<\/p>\t\t\t<\/div>\n\n\t\t\t\t<\/td>\n\t<tr>\t<td data-order=\"Humedad (%)\"\n\t\tclass=\"elementor-repeater-item-82a76bf ekit_table_data_\">\n\t\t\n\t\t\t<div\n\t\t\t\tclass=\"ekit_table_body_container ekit_table_data_ ekit_body_align_center\">\n\t\t\t\t<p><span style=\"color: #f8d413\"><strong>Humedad (%)<\/strong><\/span><\/p>\t\t\t<\/div>\n\n\t\t\t\t<\/td>\n\t\t<td data-order=\"-\"\n\t\tclass=\"elementor-repeater-item-c40f137 ekit_table_data_\">\n\t\t\n\t\t\t<div\n\t\t\t\tclass=\"ekit_table_body_container ekit_table_data_ ekit_body_align_center\">\n\t\t\t\t<p>-<\/p>\t\t\t<\/div>\n\n\t\t\t\t<\/td>\n\t\t<td data-order=\"10\"\n\t\tclass=\"elementor-repeater-item-d93c1a5 ekit_table_data_\">\n\t\t\n\t\t\t<div\n\t\t\t\tclass=\"ekit_table_body_container ekit_table_data_ ekit_body_align_center\">\n\t\t\t\t<p>10<\/p>\t\t\t<\/div>\n\n\t\t\t\t<\/td>\n\t<tr>\t<td data-order=\"Fibra (%)\"\n\t\tclass=\"elementor-repeater-item-0dd297c ekit_table_data_\">\n\t\t\n\t\t\t<div\n\t\t\t\tclass=\"ekit_table_body_container ekit_table_data_ ekit_body_align_center\">\n\t\t\t\t<p><span style=\"color: #f8d413\"><strong>Fibra (%)<\/strong><\/span><\/p>\t\t\t<\/div>\n\n\t\t\t\t<\/td>\n\t\t<td data-order=\"-\"\n\t\tclass=\"elementor-repeater-item-2fb8819 ekit_table_data_\">\n\t\t\n\t\t\t<div\n\t\t\t\tclass=\"ekit_table_body_container ekit_table_data_ ekit_body_align_center\">\n\t\t\t\t<p>-<\/p>\t\t\t<\/div>\n\n\t\t\t\t<\/td>\n\t\t<td data-order=\"3\"\n\t\tclass=\"elementor-repeater-item-008b36d ekit_table_data_\">\n\t\t\n\t\t\t<div\n\t\t\t\tclass=\"ekit_table_body_container ekit_table_data_ ekit_body_align_center\">\n\t\t\t\t<p>3<\/p>\t\t\t<\/div>\n\n\t\t\t\t<\/td>\n\t <\/tbody><\/table><\/div>\n\n\n\n<\/div>\t\t\t\t<\/div>\n\t\t\t\t<\/div>\n\t\t\t\t\t<\/div>\n\t\t\t\t<\/div>\n\t\t\t\t<\/div>","protected":false},"excerpt":{"rendered":"<p>Harina de sangre de aves de corral \u00a0 Es una fuente natural de prote\u00ednas y minerales que se utiliza como ingrediente en alimentos para animales como cerdos, aves de corral, peces y otras especies no rumiantes. Este producto es de origen completamente av\u00edcola y se procesa en nuestras plantas de producci\u00f3n, las cuales son sometidas a rigurosas inspecciones y cuentan con el aval del Servicio de Inspecci\u00f3n Federal (SIF). La harina est\u00e1 libre de cualquier aditivo que mejore su prote\u00edna natural. Cotizar ahora DATOS F\u00cdSICO-QU\u00cdMICOS Criterio M\u00ednimo M\u00e1ximo Prote\u00ednas (%) 80 &#8211; Grasas (%) &#8211; 4 Ceniza (%) &#8211; 4 Humedad (%) &#8211; 10 Fibra (%) &#8211; 3 Proteina max 90 Grasa min 4 Ceniza m\u00e1x 8 Criterio M\u00ednimo M\u00e1ximo Prote\u00ednas (%) 90 &#8211; Grasas (%) &#8211; 4 Ceniza (%) &#8211; 4 Humedad (%) &#8211; 10 Fibra (%) &#8211; 3<\/p>","protected":false},"author":1,"featured_media":0,"parent":496,"menu_order":0,"comment_status":"closed","ping_status":"closed","template":"elementor_canvas","meta":{"footnotes":""},"class_list":["post-258","page","type-page","status-publish","hentry"],"aioseo_notices":[],"_links":{"self":[{"href":"https:\/\/www.progan.co\/pt\/wp-json\/wp\/v2\/pages\/258","targetHints":{"allow":["GET"]}}],"collection":[{"href":"https:\/\/www.progan.co\/pt\/wp-json\/wp\/v2\/pages"}],"about":[{"href":"https:\/\/www.progan.co\/pt\/wp-json\/wp\/v2\/types\/page"}],"author":[{"embeddable":true,"href":"https:\/\/www.progan.co\/pt\/wp-json\/wp\/v2\/users\/1"}],"replies":[{"embeddable":true,"href":"https:\/\/www.progan.co\/pt\/wp-json\/wp\/v2\/comments?post=258"}],"version-history":[{"count":6,"href":"https:\/\/www.progan.co\/pt\/wp-json\/wp\/v2\/pages\/258\/revisions"}],"predecessor-version":[{"id":3968,"href":"https:\/\/www.progan.co\/pt\/wp-json\/wp\/v2\/pages\/258\/revisions\/3968"}],"up":[{"embeddable":true,"href":"https:\/\/www.progan.co\/pt\/wp-json\/wp\/v2\/pages\/496"}],"wp:attachment":[{"href":"https:\/\/www.progan.co\/pt\/wp-json\/wp\/v2\/media?parent=258"}],"curies":[{"name":"wp","href":"https:\/\/api.w.org\/{rel}","templated":true}]}}