{"id":1749,"date":"2024-06-05T16:21:03","date_gmt":"2024-06-05T16:21:03","guid":{"rendered":"https:\/\/www.progan.co\/?page_id=1749"},"modified":"2024-06-05T17:09:42","modified_gmt":"2024-06-05T17:09:42","slug":"blog-el-transporte-hacia","status":"publish","type":"page","link":"https:\/\/www.progan.co\/pt\/home2\/blog\/blog-el-transporte-hacia\/","title":{"rendered":"Blog: El transporte hacia la sostenibilidad: Los cambios que enfrenta la industria."},"content":{"rendered":"<div data-elementor-type=\"wp-page\" data-elementor-id=\"1749\" class=\"elementor elementor-1749\" data-elementor-post-type=\"page\">\n\t\t\t\t<div class=\"elementor-element elementor-element-507798c e-con-full animated-slow e-flex wpr-particle-no wpr-jarallax-no wpr-parallax-no wpr-sticky-section-no wpr-equal-height-no elementor-invisible e-con e-parent\" data-id=\"507798c\" data-element_type=\"container\" data-e-type=\"container\" data-settings=\"{&quot;background_background&quot;:&quot;classic&quot;,&quot;animation&quot;:&quot;fadeIn&quot;,&quot;ekit_has_onepagescroll_dot&quot;:&quot;yes&quot;}\">\n\t\t\t\t<\/div>\n\t\t<div class=\"elementor-element elementor-element-db392c1 e-flex e-con-boxed wpr-particle-no wpr-jarallax-no wpr-parallax-no wpr-sticky-section-no wpr-equal-height-no e-con e-parent\" data-id=\"db392c1\" data-element_type=\"container\" data-e-type=\"container\" data-settings=\"{&quot;ekit_has_onepagescroll_dot&quot;:&quot;yes&quot;}\">\n\t\t\t\t\t<div class=\"e-con-inner\">\n\t\t\t\t<div class=\"elementor-element elementor-element-8f8df4e elementor-view-default elementor-widget elementor-widget-icon\" data-id=\"8f8df4e\" data-element_type=\"widget\" data-e-type=\"widget\" data-settings=\"{&quot;ekit_we_effect_on&quot;:&quot;none&quot;}\" data-widget_type=\"icon.default\">\n\t\t\t\t<div class=\"elementor-widget-container\">\n\t\t\t\t\t\t\t<div class=\"elementor-icon-wrapper\">\n\t\t\t<a class=\"elementor-icon\" href=\"https:\/\/www.progan.co\/pt\/home\/blog\/\">\n\t\t\t<i aria-hidden=\"true\" class=\"icon icon-left-arrow\"><\/i>\t\t\t<\/a>\n\t\t<\/div>\n\t\t\t\t\t\t<\/div>\n\t\t\t\t<\/div>\n\t\t<div class=\"elementor-element elementor-element-644a3f2 e-con-full e-flex wpr-particle-no wpr-jarallax-no wpr-parallax-no wpr-sticky-section-no wpr-equal-height-no e-con e-child\" data-id=\"644a3f2\" data-element_type=\"container\" data-e-type=\"container\" data-settings=\"{&quot;ekit_has_onepagescroll_dot&quot;:&quot;yes&quot;}\">\n\t\t\t\t<div class=\"elementor-element elementor-element-1db3965 elementor-widget elementor-widget-text-editor\" data-id=\"1db3965\" data-element_type=\"widget\" data-e-type=\"widget\" data-settings=\"{&quot;ekit_we_effect_on&quot;:&quot;none&quot;}\" data-widget_type=\"text-editor.default\">\n\t\t\t\t<div class=\"elementor-widget-container\">\n\t\t\t\t\t\t\t\t\t<p>25 Jun 2024<\/p>\t\t\t\t\t\t\t\t<\/div>\n\t\t\t\t<\/div>\n\t\t\t\t<div class=\"elementor-element elementor-element-418c23b elementor-widget elementor-widget-heading\" data-id=\"418c23b\" data-element_type=\"widget\" data-e-type=\"widget\" data-settings=\"{&quot;ekit_we_effect_on&quot;:&quot;none&quot;}\" data-widget_type=\"heading.default\">\n\t\t\t\t<div class=\"elementor-widget-container\">\n\t\t\t\t\t<h2 class=\"elementor-heading-title elementor-size-default\">Transporte rumo \u00e0 sustentabilidade: as mudan\u00e7as que a ind\u00fastria enfrenta.<\/h2>\t\t\t\t<\/div>\n\t\t\t\t<\/div>\n\t\t\t\t<div class=\"elementor-element elementor-element-b068f3c elementor-widget elementor-widget-elementskit-social-share\" data-id=\"b068f3c\" data-element_type=\"widget\" data-e-type=\"widget\" data-settings=\"{&quot;ekit_we_effect_on&quot;:&quot;none&quot;}\" data-widget_type=\"elementskit-social-share.default\">\n\t\t\t\t<div class=\"elementor-widget-container\">\n\t\t\t\t\t<div class=\"ekit-wid-con\" >\t\t<ul class=\"ekit_socialshare\">\n                            <li class=\"elementor-repeater-item-9700319\" data-social=\"facebook\">\n                    <div class=\"facebook\">\n                        \n                        <i aria-hidden=\"true\" class=\"icon icon-facebook-2\"><\/i>                        \n                                                                                            <\/div>\n                <\/li>\n                                            <li class=\"elementor-repeater-item-af74461\" data-social=\"linkedin\">\n                    <div class=\"linkedin\">\n                        \n                        <i aria-hidden=\"true\" class=\"icon icon-linkedin\"><\/i>                        \n                                                                                            <\/div>\n                <\/li>\n                                    <\/ul>\n        <\/div>\t\t\t\t<\/div>\n\t\t\t\t<\/div>\n\t\t\t\t<div class=\"elementor-element elementor-element-644b305 elementor-widget elementor-widget-text-editor\" data-id=\"644b305\" data-element_type=\"widget\" data-e-type=\"widget\" data-settings=\"{&quot;ekit_we_effect_on&quot;:&quot;none&quot;}\" data-widget_type=\"text-editor.default\">\n\t\t\t\t<div class=\"elementor-widget-container\">\n\t\t\t\t\t\t\t\t\t<p>A crescente procura de transportes alternativos na Europa, as novas reformas na venda e nas restri\u00e7\u00f5es de mobilidade dos motores de combust\u00e3o que a Uni\u00e3o Europeia projectou para o ano de 2035, deixam claro que todas as ind\u00fastrias devem repensar a forma como as suas opera\u00e7\u00f5es impactam o ambiente. e quais as solu\u00e7\u00f5es mais \u00f3ptimas para todos, sem afectar a actividade de cada empresa.<\/p><p>\u00a0<\/p><p>Na Progan estamos dispostos a contribuir e construir um futuro mais sustent\u00e1vel para todos; \u00c9 por isso que na Progan Feedstocks atuamos estrategicamente em cada uma de nossas opera\u00e7\u00f5es, mantendo a congru\u00eancia entre servi\u00e7os, produtos e nossa responsabilidade social com o meio ambiente.\u00a0<\/p><p>\u00a0<\/p><p>Feedstock \u00e9 a nossa linha dedicada justamente \u00e0 consolida\u00e7\u00e3o, distribui\u00e7\u00e3o e armazenamento de gorduras animais e at\u00e9 \u00f3leos alimentares usados, que funcionam como mat\u00e9ria-prima para a produ\u00e7\u00e3o de combust\u00edveis renov\u00e1veis. H\u00e1 cada vez mais fabricantes de biodiesel renov\u00e1vel no mercado, pois funciona como uma solu\u00e7\u00e3o tanto para as ind\u00fastrias quanto para o consumidor final, o que acima de tudo n\u00e3o causa maiores danos ao planeta.<\/p><p>\u00a0<\/p><p>Este tipo de gordura rastre\u00e1vel, que p\u00f5e fim ao ciclo de utilidade do produto sem gerar maiores impactos, aumentou em 40% a sua utiliza\u00e7\u00e3o em mercados como a Europa, onde a maior procura \u00e9 no transporte, j\u00e1 que a sua tecnologia \u00e9 muito mais limpa que os combust\u00edveis convencionais .<\/p><p>\u00a0<\/p><p>Nossa opera\u00e7\u00e3o nos permite continuar satisfazendo as necessidades de nossos clientes e ao mesmo tempo sermos amigos do meio ambiente. Isso nos consolida como l\u00edderes do setor, tendo a capacidade de contribuir com sua cadeia de suprimentos a qualquer momento e de qualquer lugar do mundo; Possu\u00edmos tanques de armazenamento estrategicamente localizados em todo o mundo, com terminais em portos da Europa e Am\u00e9rica; o que permite que nossa log\u00edstica seja rastre\u00e1vel e confi\u00e1vel.\u00a0<\/p><p>\u00a0<\/p><p>Nossa filosofia organizacional \u00e9 oferecer o melhor servi\u00e7o de todos, enquanto constru\u00edmos um futuro sustent\u00e1vel. Na Progan temos consci\u00eancia dos desafios que o mundo atravessa atualmente, mas tamb\u00e9m sabemos que a nossa opera\u00e7\u00e3o n\u00e3o pode parar; \u00c9 por isso que criamos solu\u00e7\u00f5es inovadoras para a ind\u00fastria, cada vez mais limpas e respaldadas por uma excelente qualidade.<\/p>\t\t\t\t\t\t\t\t<\/div>\n\t\t\t\t<\/div>\n\t\t\t\t<\/div>\n\t\t<div class=\"elementor-element elementor-element-5f7e1ec e-con-full e-flex wpr-particle-no wpr-jarallax-no wpr-parallax-no wpr-sticky-section-no wpr-equal-height-no e-con e-child\" data-id=\"5f7e1ec\" data-element_type=\"container\" data-e-type=\"container\" data-settings=\"{&quot;ekit_has_onepagescroll_dot&quot;:&quot;yes&quot;}\">\n\t\t\t\t<div class=\"elementor-element elementor-element-a9b1e54 elementor-widget elementor-widget-heading\" data-id=\"a9b1e54\" data-element_type=\"widget\" data-e-type=\"widget\" data-settings=\"{&quot;ekit_we_effect_on&quot;:&quot;none&quot;}\" data-widget_type=\"heading.default\">\n\t\t\t\t<div class=\"elementor-widget-container\">\n\t\t\t\t\t<h2 class=\"elementor-heading-title elementor-size-default\">\u00daltimas <br> postagens<\/h2>\t\t\t\t<\/div>\n\t\t\t\t<\/div>\n\t\t<div class=\"elementor-element elementor-element-6227662 e-grid e-con-boxed wpr-particle-no wpr-jarallax-no wpr-parallax-no wpr-sticky-section-no wpr-equal-height-no e-con e-child\" data-id=\"6227662\" data-element_type=\"container\" data-e-type=\"container\" data-settings=\"{&quot;ekit_has_onepagescroll_dot&quot;:&quot;yes&quot;}\">\n\t\t\t\t\t<div class=\"e-con-inner\">\n\t\t\t\t<div class=\"elementor-element elementor-element-bf2a97f elementor-widget elementor-widget-image\" data-id=\"bf2a97f\" data-element_type=\"widget\" data-e-type=\"widget\" data-settings=\"{&quot;ekit_we_effect_on&quot;:&quot;none&quot;}\" data-widget_type=\"image.default\">\n\t\t\t\t<div class=\"elementor-widget-container\">\n\t\t\t\t\t\t\t\t\t\t\t\t\t\t\t\t<a href=\"https:\/\/www.instagram.com\/_progan\/\">\n\t\t\t\t\t\t\t<img fetchpriority=\"high\" decoding=\"async\" width=\"263\" height=\"342\" src=\"https:\/\/www.progan.co\/wp-content\/uploads\/2024\/05\/Tarjeta-ins-mini.png\" class=\"attachment-full size-full wp-image-1352\" alt=\"\" srcset=\"https:\/\/www.progan.co\/wp-content\/uploads\/2024\/05\/Tarjeta-ins-mini.png 263w, https:\/\/www.progan.co\/wp-content\/uploads\/2024\/05\/Tarjeta-ins-mini-231x300.png 231w, https:\/\/www.progan.co\/wp-content\/uploads\/2024\/05\/Tarjeta-ins-mini-9x12.png 9w\" sizes=\"(max-width: 263px) 100vw, 263px\" \/>\t\t\t\t\t\t\t\t<\/a>\n\t\t\t\t\t\t\t\t\t\t\t\t\t\t\t<\/div>\n\t\t\t\t<\/div>\n\t\t\t\t\t<\/div>\n\t\t\t\t<\/div>\n\t\t\t\t<\/div>\n\t\t\t\t\t<\/div>\n\t\t\t\t<\/div>\n\t\t<div class=\"elementor-element elementor-element-721fce8 e-flex e-con-boxed wpr-particle-no wpr-jarallax-no wpr-parallax-no wpr-sticky-section-no wpr-equal-height-no e-con e-parent\" data-id=\"721fce8\" data-element_type=\"container\" data-e-type=\"container\" data-settings=\"{&quot;ekit_has_onepagescroll_dot&quot;:&quot;yes&quot;}\">\n\t\t\t\t\t<div class=\"e-con-inner\">\n\t\t\t\t<div class=\"elementor-element elementor-element-0c1b251 elementor-widget-divider--view-line elementor-widget elementor-widget-divider\" data-id=\"0c1b251\" data-element_type=\"widget\" data-e-type=\"widget\" data-settings=\"{&quot;ekit_we_effect_on&quot;:&quot;none&quot;}\" data-widget_type=\"divider.default\">\n\t\t\t\t<div class=\"elementor-widget-container\">\n\t\t\t\t\t\t\t<div class=\"elementor-divider\">\n\t\t\t<span class=\"elementor-divider-separator\">\n\t\t\t\t\t\t<\/span>\n\t\t<\/div>\n\t\t\t\t\t\t<\/div>\n\t\t\t\t<\/div>\n\t\t\t\t<div class=\"elementor-element elementor-element-8dd8129 elementor-widget elementor-widget-heading\" data-id=\"8dd8129\" data-element_type=\"widget\" data-e-type=\"widget\" data-settings=\"{&quot;ekit_we_effect_on&quot;:&quot;none&quot;}\" data-widget_type=\"heading.default\">\n\t\t\t\t<div class=\"elementor-widget-container\">\n\t\t\t\t\t<h2 class=\"elementor-heading-title elementor-size-default\">T\u00f3picos relacionados<\/h2>\t\t\t\t<\/div>\n\t\t\t\t<\/div>\n\t\t\t\t<div class=\"elementor-element elementor-element-a62bcfa elementor-arrows-position-outside elementor-widget elementor-widget-image-carousel\" data-id=\"a62bcfa\" data-element_type=\"widget\" data-e-type=\"widget\" data-settings=\"{&quot;slides_to_show&quot;:&quot;3&quot;,&quot;image_spacing_custom&quot;:{&quot;unit&quot;:&quot;px&quot;,&quot;size&quot;:40,&quot;sizes&quot;:[]},&quot;navigation&quot;:&quot;arrows&quot;,&quot;autoplay&quot;:&quot;yes&quot;,&quot;pause_on_hover&quot;:&quot;yes&quot;,&quot;pause_on_interaction&quot;:&quot;yes&quot;,&quot;autoplay_speed&quot;:5000,&quot;infinite&quot;:&quot;yes&quot;,&quot;speed&quot;:500,&quot;image_spacing_custom_tablet&quot;:{&quot;unit&quot;:&quot;px&quot;,&quot;size&quot;:&quot;&quot;,&quot;sizes&quot;:[]},&quot;image_spacing_custom_mobile&quot;:{&quot;unit&quot;:&quot;px&quot;,&quot;size&quot;:&quot;&quot;,&quot;sizes&quot;:[]},&quot;ekit_we_effect_on&quot;:&quot;none&quot;}\" data-widget_type=\"image-carousel.default\">\n\t\t\t\t<div class=\"elementor-widget-container\">\n\t\t\t\t\t\t\t<div class=\"elementor-image-carousel-wrapper swiper\" role=\"region\" aria-roledescription=\"carousel\" aria-label=\"Carrusel de Im\u00e1genes\" dir=\"ltr\">\n\t\t\t<div class=\"elementor-image-carousel swiper-wrapper\" aria-live=\"off\">\n\t\t\t\t\t\t\t\t<div class=\"swiper-slide\" role=\"group\" aria-roledescription=\"slide\" aria-label=\"1 de 4\"><a data-elementor-open-lightbox=\"yes\" data-elementor-lightbox-slideshow=\"a62bcfa\" data-elementor-lightbox-title=\"1715291609896\" data-e-action-hash=\"#elementor-action%3Aaction%3Dlightbox%26settings%3DeyJpZCI6MTczMywidXJsIjoiaHR0cHM6XC9cL3d3dy5wcm9nYW4uY29cL3dwLWNvbnRlbnRcL3VwbG9hZHNcLzIwMjRcLzA2XC8xNzE1MjkxNjA5ODk2LmpwZWciLCJzbGlkZXNob3ciOiJhNjJiY2ZhIn0%3D\" href=\"https:\/\/www.progan.co\/pt\/home\/blog\/blog-el-transporte-hacia\/,https:\/\/www.progan.co\/home\/blog\/blog-proveedores-de-grasas\/,https:\/\/www.progan.co\/home\/blog\/blog-progan-rendering\/,https:\/\/www.progan.co\/home\/blog\/blog-progan-redefiniendo-la-logistica\/\"><figure class=\"swiper-slide-inner\"><img decoding=\"async\" class=\"swiper-slide-image\" src=\"https:\/\/www.progan.co\/wp-content\/uploads\/2024\/06\/1715291609896.jpeg\" alt=\"1715291609896\" \/><\/figure><\/a><\/div><div class=\"swiper-slide\" role=\"group\" aria-roledescription=\"slide\" aria-label=\"2 de 4\"><a data-elementor-open-lightbox=\"yes\" data-elementor-lightbox-slideshow=\"a62bcfa\" data-elementor-lightbox-title=\"1716390600882\" data-e-action-hash=\"#elementor-action%3Aaction%3Dlightbox%26settings%3DeyJpZCI6MTczNCwidXJsIjoiaHR0cHM6XC9cL3d3dy5wcm9nYW4uY29cL3dwLWNvbnRlbnRcL3VwbG9hZHNcLzIwMjRcLzA2XC8xNzE2MzkwNjAwODgyLmpwZWciLCJzbGlkZXNob3ciOiJhNjJiY2ZhIn0%3D\" href=\"https:\/\/www.progan.co\/pt\/home\/blog\/blog-el-transporte-hacia\/,https:\/\/www.progan.co\/home\/blog\/blog-proveedores-de-grasas\/,https:\/\/www.progan.co\/home\/blog\/blog-progan-rendering\/,https:\/\/www.progan.co\/home\/blog\/blog-progan-redefiniendo-la-logistica\/\"><figure class=\"swiper-slide-inner\"><img decoding=\"async\" class=\"swiper-slide-image\" src=\"https:\/\/www.progan.co\/wp-content\/uploads\/2024\/06\/1716390600882.jpeg\" alt=\"1716390600882\" \/><\/figure><\/a><\/div><div class=\"swiper-slide\" role=\"group\" aria-roledescription=\"slide\" aria-label=\"3 de 4\"><a data-elementor-open-lightbox=\"yes\" data-elementor-lightbox-slideshow=\"a62bcfa\" data-elementor-lightbox-title=\"1717166252393\" data-e-action-hash=\"#elementor-action%3Aaction%3Dlightbox%26settings%3DeyJpZCI6MTczNSwidXJsIjoiaHR0cHM6XC9cL3d3dy5wcm9nYW4uY29cL3dwLWNvbnRlbnRcL3VwbG9hZHNcLzIwMjRcLzA2XC8xNzE3MTY2MjUyMzkzLTEuanBlZyIsInNsaWRlc2hvdyI6ImE2MmJjZmEifQ%3D%3D\" href=\"https:\/\/www.progan.co\/pt\/home\/blog\/blog-el-transporte-hacia\/,https:\/\/www.progan.co\/home\/blog\/blog-proveedores-de-grasas\/,https:\/\/www.progan.co\/home\/blog\/blog-progan-rendering\/,https:\/\/www.progan.co\/home\/blog\/blog-progan-redefiniendo-la-logistica\/\"><figure class=\"swiper-slide-inner\"><img decoding=\"async\" class=\"swiper-slide-image\" src=\"https:\/\/www.progan.co\/wp-content\/uploads\/2024\/06\/1717166252393-1.jpeg\" alt=\"1717166252393\" \/><\/figure><\/a><\/div><div class=\"swiper-slide\" role=\"group\" aria-roledescription=\"slide\" aria-label=\"4 de 4\"><a data-elementor-open-lightbox=\"yes\" data-elementor-lightbox-slideshow=\"a62bcfa\" data-elementor-lightbox-title=\"1716398711938\" data-e-action-hash=\"#elementor-action%3Aaction%3Dlightbox%26settings%3DeyJpZCI6MTczNiwidXJsIjoiaHR0cHM6XC9cL3d3dy5wcm9nYW4uY29cL3dwLWNvbnRlbnRcL3VwbG9hZHNcLzIwMjRcLzA2XC8xNzE2Mzk4NzExOTM4LnBuZyIsInNsaWRlc2hvdyI6ImE2MmJjZmEifQ%3D%3D\" href=\"https:\/\/www.progan.co\/pt\/home\/blog\/blog-el-transporte-hacia\/,https:\/\/www.progan.co\/home\/blog\/blog-proveedores-de-grasas\/,https:\/\/www.progan.co\/home\/blog\/blog-progan-rendering\/,https:\/\/www.progan.co\/home\/blog\/blog-progan-redefiniendo-la-logistica\/\"><figure class=\"swiper-slide-inner\"><img decoding=\"async\" class=\"swiper-slide-image\" src=\"https:\/\/www.progan.co\/wp-content\/uploads\/2024\/06\/1716398711938.png\" alt=\"1716398711938\" \/><\/figure><\/a><\/div>\t\t\t<\/div>\n\t\t\t\t\t\t\t\t\t\t\t\t<div class=\"elementor-swiper-button elementor-swiper-button-prev\" role=\"button\" tabindex=\"0\">\n\t\t\t\t\t\t<svg aria-hidden=\"true\" class=\"e-font-icon-svg e-eicon-chevron-left\" viewbox=\"0 0 1000 1000\" xmlns=\"http:\/\/www.w3.org\/2000\/svg\"><path d=\"M646 125C629 125 613 133 604 142L308 442C296 454 292 471 292 487 292 504 296 521 308 533L604 854C617 867 629 875 646 875 663 875 679 871 692 858 704 846 713 829 713 812 713 796 708 779 692 767L438 487 692 225C700 217 708 204 708 187 708 171 704 154 692 142 675 129 663 125 646 125Z\"><\/path><\/svg>\t\t\t\t\t<\/div>\n\t\t\t\t\t<div class=\"elementor-swiper-button elementor-swiper-button-next\" role=\"button\" tabindex=\"0\">\n\t\t\t\t\t\t<svg aria-hidden=\"true\" class=\"e-font-icon-svg e-eicon-chevron-right\" viewbox=\"0 0 1000 1000\" xmlns=\"http:\/\/www.w3.org\/2000\/svg\"><path d=\"M696 533C708 521 713 504 713 487 713 471 708 454 696 446L400 146C388 133 375 125 354 125 338 125 325 129 313 142 300 154 292 171 292 187 292 204 296 221 308 233L563 492 304 771C292 783 288 800 288 817 288 833 296 850 308 863 321 871 338 875 354 875 371 875 388 867 400 854L696 533Z\"><\/path><\/svg>\t\t\t\t\t<\/div>\n\t\t\t\t\n\t\t\t\t\t\t\t\t\t<\/div>\n\t\t\t\t\t\t<\/div>\n\t\t\t\t<\/div>\n\t\t\t\t\t<\/div>\n\t\t\t\t<\/div>\n\t\t\t\t<\/div>","protected":false},"excerpt":{"rendered":"<p>25 Jun 2024 El transporte hacia la sostenibilidad: Los cambios que enfrenta la industria. La creciente demanda de transportes alternativos\u00a0 en Europa, las nuevas reformas sobre la venta y restricciones de movilidad de motores a combusti\u00f3n que la Uni\u00f3n Europea tiene proyectado para el a\u00f1o 2035, dejan claro que todas las industrias deben replantear la manera en la que sus operaciones impactan al medio ambiente y qu\u00e9 soluciones son las m\u00e1s \u00f3ptimas para todos, sin que la actividad de cada compa\u00f1\u00eda se vea afectada. \u00a0 En Progan estamos dispuestos a contribuir y construir un futuro m\u00e1s sostenible para todos; es por esto, que desde Progan Feedstocks actuamos de forma estrat\u00e9gica en cada una de nuestras operaciones, manteniendo una congruencia entre los servicios, productos y nuestra responsabilidad social con el ambiente.\u00a0 \u00a0 Feedstock es nuestra l\u00ednea dedicada precisamente a la consolidaci\u00f3n, distribuci\u00f3n y almacenamiento\u00a0 de grasas de origen animal e incluso aceites de cocina usados, que funcionan como materia prima para la elaboraci\u00f3n de combustibles renovables. Cada vez son m\u00e1s los fabricantes de biodiesel renovable dentro del mercado, ya que este funciona como una soluci\u00f3n tanto para las industrias como para el consumidor final, que sobre todo no genera m\u00e1s afectaciones al planeta. \u00a0 Este tipo de grasas trazables y que ponen fin al ciclo de utilidad del producto sin generar m\u00e1s impactos, han incrementado su uso en un 40% en mercados como el europeo, en donde la mayor demanda se encuentra en el transporte, ya que su tecnolog\u00eda es mucho m\u00e1s limpia que los combustibles convencionales. \u00a0 Nuestra operaci\u00f3n permite seguir satisfaciendo las necesidades de nuestros clientes y al mismo tiempo ser amigables con el medio ambiente. Esto nos consolida como referentes del sector, teniendo la capacidad de contribuir a su cadena de suministro en cualquier momento y desde cualquier parte del mundo en donde se encuentre; contamos con tanques de almacenamiento ubicados estrat\u00e9gicamente a lo largo de todo el mundo, con terminales en puertos de Europa y Am\u00e9rica; lo que permite que nuestra log\u00edstica sea trazable y confiable.\u00a0 \u00a0 Nuestra filosof\u00eda organizacional es ofrecer el mejor servicio de todos, mientras construimos un futuro sostenible. En Progan somos conscientes de los desaf\u00edos que el mundo atraviesa actualmente, pero tambi\u00e9n sabemos que nuestra operaci\u00f3n no puede detenerse; por eso creamos soluciones innovadoras para la industria, cada vez mucho m\u00e1s limpias y respaldadas por una excelente calidad. \u00daltimas publicaciones Temas relacionados<\/p>","protected":false},"author":1,"featured_media":0,"parent":1321,"menu_order":0,"comment_status":"closed","ping_status":"closed","template":"elementor_header_footer","meta":{"footnotes":""},"class_list":["post-1749","page","type-page","status-publish","hentry"],"aioseo_notices":[],"_links":{"self":[{"href":"https:\/\/www.progan.co\/pt\/wp-json\/wp\/v2\/pages\/1749","targetHints":{"allow":["GET"]}}],"collection":[{"href":"https:\/\/www.progan.co\/pt\/wp-json\/wp\/v2\/pages"}],"about":[{"href":"https:\/\/www.progan.co\/pt\/wp-json\/wp\/v2\/types\/page"}],"author":[{"embeddable":true,"href":"https:\/\/www.progan.co\/pt\/wp-json\/wp\/v2\/users\/1"}],"replies":[{"embeddable":true,"href":"https:\/\/www.progan.co\/pt\/wp-json\/wp\/v2\/comments?post=1749"}],"version-history":[{"count":0,"href":"https:\/\/www.progan.co\/pt\/wp-json\/wp\/v2\/pages\/1749\/revisions"}],"up":[{"embeddable":true,"href":"https:\/\/www.progan.co\/pt\/wp-json\/wp\/v2\/pages\/1321"}],"wp:attachment":[{"href":"https:\/\/www.progan.co\/pt\/wp-json\/wp\/v2\/media?parent=1749"}],"curies":[{"name":"wp","href":"https:\/\/api.w.org\/{rel}","templated":true}]}}