{"id":3864,"date":"2025-04-23T20:19:50","date_gmt":"2025-04-24T01:19:50","guid":{"rendered":"https:\/\/www.progan.co\/?page_id=3864"},"modified":"2025-04-24T10:23:15","modified_gmt":"2025-04-24T15:23:15","slug":"cookie-meal","status":"publish","type":"page","link":"https:\/\/www.progan.co\/es\/home2\/ingredientes\/productos\/cookie-meal\/","title":{"rendered":"Cookie Meal"},"content":{"rendered":"\t\t<div data-elementor-type=\"wp-page\" data-elementor-id=\"3864\" class=\"elementor elementor-3864\">\n\t\t\t\t<div class=\"elementor-element elementor-element-2634c06 e-con-full animated-slow e-flex wpr-particle-no wpr-jarallax-no wpr-parallax-no wpr-sticky-section-no wpr-equal-height-no elementor-invisible e-con e-parent\" data-id=\"2634c06\" data-element_type=\"container\" data-e-type=\"container\" data-settings=\"{&quot;background_background&quot;:&quot;classic&quot;,&quot;animation&quot;:&quot;fadeIn&quot;}\">\n\t\t\t\t<div class=\"elementor-element elementor-element-233a238 elementor-widget elementor-widget-spacer\" data-id=\"233a238\" data-element_type=\"widget\" data-e-type=\"widget\" data-widget_type=\"spacer.default\">\n\t\t\t\t<div class=\"elementor-widget-container\">\n\t\t\t\t\t\t\t<div class=\"elementor-spacer\">\n\t\t\t<div class=\"elementor-spacer-inner\"><\/div>\n\t\t<\/div>\n\t\t\t\t\t\t<\/div>\n\t\t\t\t<\/div>\n\t\t\t\t<div class=\"elementor-element elementor-element-7395a82 elementor-widget elementor-widget-heading\" data-id=\"7395a82\" data-element_type=\"widget\" data-e-type=\"widget\" data-widget_type=\"heading.default\">\n\t\t\t\t<div class=\"elementor-widget-container\">\n\t\t\t\t\t<h2 class=\"elementor-heading-title elementor-size-default\">Cookie Meal<\/h2>\t\t\t\t<\/div>\n\t\t\t\t<\/div>\n\t\t\t\t<div class=\"elementor-element elementor-element-5f06ec4 elementor-widget-divider--view-line elementor-widget elementor-widget-divider\" data-id=\"5f06ec4\" data-element_type=\"widget\" data-e-type=\"widget\" data-widget_type=\"divider.default\">\n\t\t\t\t<div class=\"elementor-widget-container\">\n\t\t\t\t\t\t\t<div class=\"elementor-divider\">\n\t\t\t<span class=\"elementor-divider-separator\">\n\t\t\t\t\t\t<\/span>\n\t\t<\/div>\n\t\t\t\t\t\t<\/div>\n\t\t\t\t<\/div>\n\t\t\t\t<\/div>\n\t\t<div class=\"elementor-element elementor-element-30d45be animated-slow e-flex e-con-boxed wpr-particle-no wpr-jarallax-no wpr-parallax-no wpr-sticky-section-no wpr-equal-height-no elementor-invisible e-con e-parent\" data-id=\"30d45be\" data-element_type=\"container\" data-e-type=\"container\" data-settings=\"{&quot;background_background&quot;:&quot;classic&quot;,&quot;animation&quot;:&quot;fadeIn&quot;}\">\n\t\t\t\t\t<div class=\"e-con-inner\">\n\t\t<div class=\"elementor-element elementor-element-32b2553 e-con-full e-flex wpr-particle-no wpr-jarallax-no wpr-parallax-no wpr-sticky-section-no wpr-equal-height-no e-con e-child\" data-id=\"32b2553\" data-element_type=\"container\" data-e-type=\"container\">\n\t\t\t\t<div class=\"elementor-element elementor-element-51c5606 elementor-widget__width-initial elementor-invisible elementor-widget elementor-widget-image\" data-id=\"51c5606\" data-element_type=\"widget\" data-e-type=\"widget\" data-settings=\"{&quot;_animation&quot;:&quot;fadeInLeft&quot;}\" data-widget_type=\"image.default\">\n\t\t\t\t<div class=\"elementor-widget-container\">\n\t\t\t\t\t\t\t\t\t\t\t\t\t\t\t\t<a href=\"https:\/\/www.progan.co\/ingredientes\/productos\/\">\n\t\t\t\t\t\t\t<img decoding=\"async\" width=\"189\" height=\"41\" src=\"https:\/\/www.progan.co\/wp-content\/uploads\/2024\/05\/Group-7.png\" class=\"attachment-full size-full wp-image-545\" alt=\"\" srcset=\"https:\/\/www.progan.co\/wp-content\/uploads\/2024\/05\/Group-7.png 189w, https:\/\/www.progan.co\/wp-content\/uploads\/2024\/05\/Group-7-18x4.png 18w\" sizes=\"(max-width: 189px) 100vw, 189px\" \/>\t\t\t\t\t\t\t\t<\/a>\n\t\t\t\t\t\t\t\t\t\t\t\t\t\t\t<\/div>\n\t\t\t\t<\/div>\n\t\t\t\t<div class=\"elementor-element elementor-element-7b35077 elementor-invisible elementor-widget elementor-widget-image\" data-id=\"7b35077\" data-element_type=\"widget\" data-e-type=\"widget\" data-settings=\"{&quot;_animation&quot;:&quot;fadeInLeft&quot;}\" data-widget_type=\"image.default\">\n\t\t\t\t<div class=\"elementor-widget-container\">\n\t\t\t\t\t\t\t\t\t\t\t\t\t\t\t<img fetchpriority=\"high\" decoding=\"async\" width=\"856\" height=\"1257\" src=\"https:\/\/www.progan.co\/wp-content\/uploads\/2025\/04\/HARINAS-02.png\" class=\"attachment-full size-full wp-image-3865\" alt=\"\" srcset=\"https:\/\/www.progan.co\/wp-content\/uploads\/2025\/04\/HARINAS-02.png 856w, https:\/\/www.progan.co\/wp-content\/uploads\/2025\/04\/HARINAS-02-204x300.png 204w, https:\/\/www.progan.co\/wp-content\/uploads\/2025\/04\/HARINAS-02-697x1024.png 697w, https:\/\/www.progan.co\/wp-content\/uploads\/2025\/04\/HARINAS-02-768x1128.png 768w, https:\/\/www.progan.co\/wp-content\/uploads\/2025\/04\/HARINAS-02-8x12.png 8w\" sizes=\"(max-width: 856px) 100vw, 856px\" \/>\t\t\t\t\t\t\t\t\t\t\t\t\t\t\t<\/div>\n\t\t\t\t<\/div>\n\t\t\t\t<\/div>\n\t\t<div class=\"elementor-element elementor-element-c6800c8 e-con-full e-flex wpr-particle-no wpr-jarallax-no wpr-parallax-no wpr-sticky-section-no wpr-equal-height-no e-con e-child\" data-id=\"c6800c8\" data-element_type=\"container\" data-e-type=\"container\" data-settings=\"{&quot;background_background&quot;:&quot;classic&quot;}\">\n\t\t\t\t<div class=\"elementor-element elementor-element-dabbd86 elementor-widget elementor-widget-text-editor\" data-id=\"dabbd86\" data-element_type=\"widget\" data-e-type=\"widget\" data-widget_type=\"text-editor.default\">\n\t\t\t\t<div class=\"elementor-widget-container\">\n\t\t\t\t\t\t\t\t\t<p><span class=\"OYPEnA\">Base de Harina de trigo, i<\/span><span class=\"OYPEnA\">ngrediente libre de factores antinutricionales. <\/span><span class=\"OYPEnA\">Ingrediente alimenticio premium de alta energ\u00eda usado como reemplazo de ma\u00edz.<\/span><\/p><p><span class=\"OYPEnA\">Presentaci\u00f3n en harina que facilita la mezcla con otros ingredientes. <\/span><span class=\"OYPEnA\">Mi\u0301nimo 100 ppm BHA and BHT<\/span><\/p><p><span class=\"OYPEnA\">Mantener en un lugar seco y fresco<\/span><\/p>\t\t\t\t\t\t\t\t<\/div>\n\t\t\t\t<\/div>\n\t\t\t\t<div class=\"elementor-element elementor-element-3ddd108 elementor-widget elementor-widget-button\" data-id=\"3ddd108\" data-element_type=\"widget\" data-e-type=\"widget\" data-widget_type=\"button.default\">\n\t\t\t\t<div class=\"elementor-widget-container\">\n\t\t\t\t\t\t\t\t\t<div class=\"elementor-button-wrapper\">\n\t\t\t\t\t<a class=\"elementor-button elementor-button-link elementor-size-sm elementor-animation-grow\" href=\"#\">\n\t\t\t\t\t\t<span class=\"elementor-button-content-wrapper\">\n\t\t\t\t\t\t\t\t\t<span class=\"elementor-button-text\">Cotizar ahora<\/span>\n\t\t\t\t\t<\/span>\n\t\t\t\t\t<\/a>\n\t\t\t\t<\/div>\n\t\t\t\t\t\t\t\t<\/div>\n\t\t\t\t<\/div>\n\t\t\t\t<\/div>\n\t\t\t\t\t<\/div>\n\t\t\t\t<\/div>\n\t\t<div class=\"elementor-element elementor-element-3ada10b animated-slow e-flex e-con-boxed wpr-particle-no wpr-jarallax-no wpr-parallax-no wpr-sticky-section-no wpr-equal-height-no elementor-invisible e-con e-parent\" data-id=\"3ada10b\" data-element_type=\"container\" data-e-type=\"container\" data-settings=\"{&quot;background_background&quot;:&quot;classic&quot;,&quot;animation&quot;:&quot;fadeIn&quot;}\">\n\t\t\t\t\t<div class=\"e-con-inner\">\n\t\t\t\t<div class=\"elementor-element elementor-element-64a79b1 animated-slow elementor-invisible elementor-widget elementor-widget-heading\" data-id=\"64a79b1\" data-element_type=\"widget\" data-e-type=\"widget\" data-settings=\"{&quot;_animation&quot;:&quot;fadeInLeft&quot;}\" data-widget_type=\"heading.default\">\n\t\t\t\t<div class=\"elementor-widget-container\">\n\t\t\t\t\t<h2 class=\"elementor-heading-title elementor-size-default\">DATOS F\u00cdSICO-QU\u00cdMICOS<\/h2>\t\t\t\t<\/div>\n\t\t\t\t<\/div>\n\t\t\t\t<div class=\"elementor-element elementor-element-6fc4653 elementor-widget elementor-widget-spacer\" data-id=\"6fc4653\" data-element_type=\"widget\" data-e-type=\"widget\" data-widget_type=\"spacer.default\">\n\t\t\t\t<div class=\"elementor-widget-container\">\n\t\t\t\t\t\t\t<div class=\"elementor-spacer\">\n\t\t\t<div class=\"elementor-spacer-inner\"><\/div>\n\t\t<\/div>\n\t\t\t\t\t\t<\/div>\n\t\t\t\t<\/div>\n\t\t\t\t\t<\/div>\n\t\t\t\t<\/div>\n\t\t\t\t<\/div>\n\t\t","protected":false},"excerpt":{"rendered":"<p>Cookie Meal Base de Harina de trigo, ingrediente libre de factores antinutricionales. Ingrediente alimenticio premium de alta energ\u00eda usado como reemplazo de ma\u00edz. Presentaci\u00f3n en harina que facilita la mezcla con otros ingredientes. Mi\u0301nimo 100 ppm BHA and BHT Mantener en un lugar seco y fresco Cotizar ahora DATOS F\u00cdSICO-QU\u00cdMICOS Criterio M\u00ednimo M\u00e1ximo Prote\u00ednas (%) 12 &#8211; Grasas (%) &#8211; 9 Ceniza (%) &#8211; 4 Humedad (%) &#8211; 9<\/p>\n","protected":false},"author":1,"featured_media":0,"parent":496,"menu_order":0,"comment_status":"closed","ping_status":"closed","template":"elementor_canvas","meta":{"footnotes":""},"class_list":["post-3864","page","type-page","status-publish","hentry"],"aioseo_notices":[],"_links":{"self":[{"href":"https:\/\/www.progan.co\/es\/wp-json\/wp\/v2\/pages\/3864","targetHints":{"allow":["GET"]}}],"collection":[{"href":"https:\/\/www.progan.co\/es\/wp-json\/wp\/v2\/pages"}],"about":[{"href":"https:\/\/www.progan.co\/es\/wp-json\/wp\/v2\/types\/page"}],"author":[{"embeddable":true,"href":"https:\/\/www.progan.co\/es\/wp-json\/wp\/v2\/users\/1"}],"replies":[{"embeddable":true,"href":"https:\/\/www.progan.co\/es\/wp-json\/wp\/v2\/comments?post=3864"}],"version-history":[{"count":10,"href":"https:\/\/www.progan.co\/es\/wp-json\/wp\/v2\/pages\/3864\/revisions"}],"predecessor-version":[{"id":4041,"href":"https:\/\/www.progan.co\/es\/wp-json\/wp\/v2\/pages\/3864\/revisions\/4041"}],"up":[{"embeddable":true,"href":"https:\/\/www.progan.co\/es\/wp-json\/wp\/v2\/pages\/496"}],"wp:attachment":[{"href":"https:\/\/www.progan.co\/es\/wp-json\/wp\/v2\/media?parent=3864"}],"curies":[{"name":"wp","href":"https:\/\/api.w.org\/{rel}","templated":true}]}}