{"id":289,"date":"2024-05-15T16:43:34","date_gmt":"2024-05-15T16:43:34","guid":{"rendered":"https:\/\/www.progan.co\/?page_id=289"},"modified":"2025-04-23T20:44:58","modified_gmt":"2025-04-24T01:44:58","slug":"pescado","status":"publish","type":"page","link":"https:\/\/www.progan.co\/en\/home2\/ingredientes\/productos\/pescado\/","title":{"rendered":"Pescado"},"content":{"rendered":"<div data-elementor-type=\"wp-page\" data-elementor-id=\"289\" class=\"elementor elementor-289\" data-elementor-post-type=\"page\">\n\t\t\t\t<div class=\"elementor-element elementor-element-2634c06 e-con-full animated-slow e-flex wpr-particle-no wpr-jarallax-no wpr-parallax-no wpr-sticky-section-no elementor-invisible e-con e-parent\" data-id=\"2634c06\" data-element_type=\"container\" data-e-type=\"container\" data-settings=\"{&quot;background_background&quot;:&quot;classic&quot;,&quot;animation&quot;:&quot;fadeIn&quot;,&quot;ekit_has_onepagescroll_dot&quot;:&quot;yes&quot;}\">\n\t\t\t\t<div class=\"elementor-element elementor-element-233a238 elementor-widget elementor-widget-spacer\" data-id=\"233a238\" data-element_type=\"widget\" data-e-type=\"widget\" data-settings=\"{&quot;ekit_we_effect_on&quot;:&quot;none&quot;}\" data-widget_type=\"spacer.default\">\n\t\t\t\t<div class=\"elementor-widget-container\">\n\t\t\t\t\t\t\t<div class=\"elementor-spacer\">\n\t\t\t<div class=\"elementor-spacer-inner\"><\/div>\n\t\t<\/div>\n\t\t\t\t\t\t<\/div>\n\t\t\t\t<\/div>\n\t\t\t\t<div class=\"elementor-element elementor-element-7395a82 elementor-widget elementor-widget-heading\" data-id=\"7395a82\" data-element_type=\"widget\" data-e-type=\"widget\" data-settings=\"{&quot;ekit_we_effect_on&quot;:&quot;none&quot;}\" data-widget_type=\"heading.default\">\n\t\t\t\t<div class=\"elementor-widget-container\">\n\t\t\t\t\t<h2 class=\"elementor-heading-title elementor-size-default\">Fish Meal<\/h2>\t\t\t\t<\/div>\n\t\t\t\t<\/div>\n\t\t\t\t<div class=\"elementor-element elementor-element-4446d11 elementor-widget-divider--view-line elementor-widget elementor-widget-divider\" data-id=\"4446d11\" data-element_type=\"widget\" data-e-type=\"widget\" data-settings=\"{&quot;ekit_we_effect_on&quot;:&quot;none&quot;}\" data-widget_type=\"divider.default\">\n\t\t\t\t<div class=\"elementor-widget-container\">\n\t\t\t\t\t\t\t<div class=\"elementor-divider\">\n\t\t\t<span class=\"elementor-divider-separator\">\n\t\t\t\t\t\t<\/span>\n\t\t<\/div>\n\t\t\t\t\t\t<\/div>\n\t\t\t\t<\/div>\n\t\t\t\t<\/div>\n\t\t<div class=\"elementor-element elementor-element-30d45be animated-slow e-flex e-con-boxed wpr-particle-no wpr-jarallax-no wpr-parallax-no wpr-sticky-section-no elementor-invisible e-con e-parent\" data-id=\"30d45be\" data-element_type=\"container\" data-e-type=\"container\" data-settings=\"{&quot;background_background&quot;:&quot;classic&quot;,&quot;animation&quot;:&quot;fadeIn&quot;,&quot;ekit_has_onepagescroll_dot&quot;:&quot;yes&quot;}\">\n\t\t\t\t\t<div class=\"e-con-inner\">\n\t\t<div class=\"elementor-element elementor-element-077c2fa e-con-full e-flex wpr-particle-no wpr-jarallax-no wpr-parallax-no wpr-sticky-section-no e-con e-child\" data-id=\"077c2fa\" data-element_type=\"container\" data-e-type=\"container\" data-settings=\"{&quot;ekit_has_onepagescroll_dot&quot;:&quot;yes&quot;}\">\n\t\t\t\t<div class=\"elementor-element elementor-element-e9c2616 elementor-widget elementor-widget-image\" data-id=\"e9c2616\" data-element_type=\"widget\" data-e-type=\"widget\" data-settings=\"{&quot;ekit_we_effect_on&quot;:&quot;none&quot;}\" data-widget_type=\"image.default\">\n\t\t\t\t<div class=\"elementor-widget-container\">\n\t\t\t\t\t\t\t\t\t\t\t\t\t\t\t\t<a href=\"https:\/\/www.progan.co\/en\/ingredientes\/productos\/\">\n\t\t\t\t\t\t\t<img decoding=\"async\" width=\"189\" height=\"41\" src=\"https:\/\/www.progan.co\/wp-content\/uploads\/2024\/05\/Group-7.png\" class=\"attachment-full size-full wp-image-545\" alt=\"\" srcset=\"https:\/\/www.progan.co\/wp-content\/uploads\/2024\/05\/Group-7.png 189w, https:\/\/www.progan.co\/wp-content\/uploads\/2024\/05\/Group-7-18x4.png 18w\" sizes=\"(max-width: 189px) 100vw, 189px\" \/>\t\t\t\t\t\t\t\t<\/a>\n\t\t\t\t\t\t\t\t\t\t\t\t\t\t\t<\/div>\n\t\t\t\t<\/div>\n\t\t\t\t<div class=\"elementor-element elementor-element-51c5606 elementor-invisible elementor-widget elementor-widget-image\" data-id=\"51c5606\" data-element_type=\"widget\" data-e-type=\"widget\" data-settings=\"{&quot;_animation&quot;:&quot;fadeInLeft&quot;,&quot;ekit_we_effect_on&quot;:&quot;none&quot;}\" data-widget_type=\"image.default\">\n\t\t\t\t<div class=\"elementor-widget-container\">\n\t\t\t\t\t\t\t\t\t\t\t\t\t\t\t<img fetchpriority=\"high\" decoding=\"async\" width=\"205\" height=\"299\" src=\"http:\/\/www.progan.co\/wp-content\/uploads\/2024\/06\/pescado-ingles.png\" class=\"attachment-full size-full wp-image-292\" alt=\"\" srcset=\"https:\/\/www.progan.co\/wp-content\/uploads\/2024\/06\/pescado-ingles.png 207w, https:\/\/www.progan.co\/wp-content\/uploads\/2024\/06\/pescado-ingles-206x300.png 206w, https:\/\/www.progan.co\/wp-content\/uploads\/2024\/06\/pescado-ingles-8x12.png 8w\" sizes=\"(max-width: 205px) 100vw, 205px\" \/>\t\t\t\t\t\t\t\t\t\t\t\t\t\t\t<\/div>\n\t\t\t\t<\/div>\n\t\t\t\t<\/div>\n\t\t<div class=\"elementor-element elementor-element-c6800c8 e-con-full e-flex wpr-particle-no wpr-jarallax-no wpr-parallax-no wpr-sticky-section-no e-con e-child\" data-id=\"c6800c8\" data-element_type=\"container\" data-e-type=\"container\" data-settings=\"{&quot;background_background&quot;:&quot;classic&quot;,&quot;ekit_has_onepagescroll_dot&quot;:&quot;yes&quot;}\">\n\t\t\t\t<div class=\"elementor-element elementor-element-dabbd86 elementor-widget elementor-widget-text-editor\" data-id=\"dabbd86\" data-element_type=\"widget\" data-e-type=\"widget\" data-settings=\"{&quot;ekit_we_effect_on&quot;:&quot;none&quot;}\" data-widget_type=\"text-editor.default\">\n\t\t\t\t<div class=\"elementor-widget-container\">\n\t\t\t\t\t\t\t\t\t<p>It is a natural source of proteins and minerals, including calcium, phosphorus and fats, used as an ingredient in foods for pets, birds, fish and non-ruminant species.\u00a0<br \/>.<br \/>This product comes entirely from fish and is processed in our production plants, which are subject to rigorous inspections and are endorsed by the Federal Inspection Service (SIF). The flour does not contain additives that improve its natural protein.<\/p>\t\t\t\t\t\t\t\t<\/div>\n\t\t\t\t<\/div>\n\t\t\t\t<div class=\"elementor-element elementor-element-3ddd108 elementor-widget elementor-widget-button\" data-id=\"3ddd108\" data-element_type=\"widget\" data-e-type=\"widget\" data-settings=\"{&quot;ekit_we_effect_on&quot;:&quot;none&quot;}\" data-widget_type=\"button.default\">\n\t\t\t\t<div class=\"elementor-widget-container\">\n\t\t\t\t\t\t\t\t\t<div class=\"elementor-button-wrapper\">\n\t\t\t\t\t<a class=\"elementor-button elementor-button-link elementor-size-sm elementor-animation-grow\" href=\"#\">\n\t\t\t\t\t\t<span class=\"elementor-button-content-wrapper\">\n\t\t\t\t\t\t\t\t\t<span class=\"elementor-button-text\">Quote Now<\/span>\n\t\t\t\t\t<\/span>\n\t\t\t\t\t<\/a>\n\t\t\t\t<\/div>\n\t\t\t\t\t\t\t\t<\/div>\n\t\t\t\t<\/div>\n\t\t\t\t<\/div>\n\t\t\t\t\t<\/div>\n\t\t\t\t<\/div>\n\t\t<div class=\"elementor-element elementor-element-3ada10b animated-slow e-flex e-con-boxed wpr-particle-no wpr-jarallax-no wpr-parallax-no wpr-sticky-section-no elementor-invisible e-con e-parent\" data-id=\"3ada10b\" data-element_type=\"container\" data-e-type=\"container\" data-settings=\"{&quot;background_background&quot;:&quot;classic&quot;,&quot;animation&quot;:&quot;fadeIn&quot;,&quot;ekit_has_onepagescroll_dot&quot;:&quot;yes&quot;}\">\n\t\t\t\t\t<div class=\"e-con-inner\">\n\t\t\t\t<div class=\"elementor-element elementor-element-64a79b1 animated-slow elementor-invisible elementor-widget elementor-widget-heading\" data-id=\"64a79b1\" data-element_type=\"widget\" data-e-type=\"widget\" data-settings=\"{&quot;_animation&quot;:&quot;fadeInLeft&quot;,&quot;ekit_we_effect_on&quot;:&quot;none&quot;}\" data-widget_type=\"heading.default\">\n\t\t\t\t<div class=\"elementor-widget-container\">\n\t\t\t\t\t<h2 class=\"elementor-heading-title elementor-size-default\">PHYSICAL-CHEMICAL DATA<\/h2>\t\t\t\t<\/div>\n\t\t\t\t<\/div>\n\t\t\t\t<div class=\"elementor-element elementor-element-6fc4653 elementor-widget elementor-widget-spacer\" data-id=\"6fc4653\" data-element_type=\"widget\" data-e-type=\"widget\" data-settings=\"{&quot;ekit_we_effect_on&quot;:&quot;none&quot;}\" data-widget_type=\"spacer.default\">\n\t\t\t\t<div class=\"elementor-widget-container\">\n\t\t\t\t\t\t\t<div class=\"elementor-spacer\">\n\t\t\t<div class=\"elementor-spacer-inner\"><\/div>\n\t\t<\/div>\n\t\t\t\t\t\t<\/div>\n\t\t\t\t<\/div>\n\t\t\t\t<div class=\"elementor-element elementor-element-076a064 animated-slow elementor-invisible elementor-widget elementor-widget-elementskit-table\" data-id=\"076a064\" data-element_type=\"widget\" data-e-type=\"widget\" data-settings=\"{&quot;_animation&quot;:&quot;fadeInLeft&quot;,&quot;ekit_we_effect_on&quot;:&quot;none&quot;}\" data-widget_type=\"elementskit-table.default\">\n\t\t\t\t<div class=\"elementor-widget-container\">\n\t\t\t\t\t<div class=\"ekit-wid-con\" >\n<div class=\"ekit_table display  ekit_table_data_type-custom\"\n\tdata-settings=\"{&quot;fixedHeader&quot;:true,&quot;search&quot;:false,&quot;search_placeholder&quot;:&quot;&quot;,&quot;responsive&quot;:true,&quot;pagination&quot;:false,&quot;button&quot;:false,&quot;entries&quot;:false,&quot;info&quot;:false,&quot;info_text&quot;:&quot;&quot;,&quot;entries_text&quot;:&quot;&quot;,&quot;ordering&quot;:false,&quot;searchIcon&quot;:&quot;&quot;,&quot;item_per_page&quot;:10,&quot;nav_style&quot;:&quot;&quot;,&quot;prev_text&quot;:&quot;&quot;,&quot;next_text&quot;:&quot;&quot;,&quot;prev_arrow&quot;:&quot;&quot;,&quot;next_arrow&quot;:&quot;&quot;}\">\n\t<table id=\"ekit-table-container-076a064\" class=\"display dataTable\" style=\"width:100%\"><thead><tr>\t<th class=\"elementor-repeater-item-11f1aac\">\n\t\t<div\n\t\t\tclass=\"ekit_table_item_container  ekit-table-container-\">\n\t\t\tCriterion\t\t<\/div>\n\t<\/th>\n\t\t<th class=\"elementor-repeater-item-27d340e\">\n\t\t<div\n\t\t\tclass=\"ekit_table_item_container  ekit-table-container-\">\n\t\t\tMinimum\t\t<\/div>\n\t<\/th>\n\t\t<th class=\"elementor-repeater-item-ce82472\">\n\t\t<div\n\t\t\tclass=\"ekit_table_item_container  ekit-table-container-\">\n\t\t\tMaximum\t\t<\/div>\n\t<\/th>\n\t <\/tr><\/thead><tbody><tr>\t<td data-order=\"Prote\u00ednas (%)\"\n\t\tclass=\"elementor-repeater-item-1aaca80 ekit_table_data_\">\n\t\t\n\t\t\t<div\n\t\t\t\tclass=\"ekit_table_body_container ekit_table_data_ ekit_body_align_center\">\n\t\t\t\t<p><strong><span style=\"color: #f8d413\">Proteins (%)<\/span><\/strong><\/p>\t\t\t<\/div>\n\n\t\t\t\t<\/td>\n\t\t<td data-order=\"68\"\n\t\tclass=\"elementor-repeater-item-b6c06e6 ekit_table_data_\">\n\t\t\n\t\t\t<div\n\t\t\t\tclass=\"ekit_table_body_container ekit_table_data_ ekit_body_align_center\">\n\t\t\t\t<p>68<\/p>\t\t\t<\/div>\n\n\t\t\t\t<\/td>\n\t\t<td data-order=\"-\"\n\t\tclass=\"elementor-repeater-item-9461760 ekit_table_data_\">\n\t\t\n\t\t\t<div\n\t\t\t\tclass=\"ekit_table_body_container ekit_table_data_ ekit_body_align_center\">\n\t\t\t\t<p>-<\/p>\t\t\t<\/div>\n\n\t\t\t\t<\/td>\n\t<tr>\t<td data-order=\"Grasas (%)\"\n\t\tclass=\"elementor-repeater-item-e45ef52 ekit_table_data_\">\n\t\t\n\t\t\t<div\n\t\t\t\tclass=\"ekit_table_body_container ekit_table_data_ ekit_body_align_center\">\n\t\t\t\t<p><span style=\"color: #f8d413\"><strong>Fats (%)<\/strong><\/span><\/p>\t\t\t<\/div>\n\n\t\t\t\t<\/td>\n\t\t<td data-order=\"-\"\n\t\tclass=\"elementor-repeater-item-cf37713 ekit_table_data_\">\n\t\t\n\t\t\t<div\n\t\t\t\tclass=\"ekit_table_body_container ekit_table_data_ ekit_body_align_center\">\n\t\t\t\t<p>-<\/p>\t\t\t<\/div>\n\n\t\t\t\t<\/td>\n\t\t<td data-order=\"12\"\n\t\tclass=\"elementor-repeater-item-594029d ekit_table_data_\">\n\t\t\n\t\t\t<div\n\t\t\t\tclass=\"ekit_table_body_container ekit_table_data_ ekit_body_align_center\">\n\t\t\t\t<p>12<\/p>\t\t\t<\/div>\n\n\t\t\t\t<\/td>\n\t<tr>\t<td data-order=\"Cenizas (%)\"\n\t\tclass=\"elementor-repeater-item-ea6ca2d ekit_table_data_\">\n\t\t\n\t\t\t<div\n\t\t\t\tclass=\"ekit_table_body_container ekit_table_data_ ekit_body_align_center\">\n\t\t\t\t<span style=\"color: #f8d413\"><strong>Ash (%)<\/strong><\/span>\t\t\t<\/div>\n\n\t\t\t\t<\/td>\n\t\t<td data-order=\"-\"\n\t\tclass=\"elementor-repeater-item-362b5bf ekit_table_data_\">\n\t\t\n\t\t\t<div\n\t\t\t\tclass=\"ekit_table_body_container ekit_table_data_ ekit_body_align_center\">\n\t\t\t\t<p>-<\/p>\t\t\t<\/div>\n\n\t\t\t\t<\/td>\n\t\t<td data-order=\"18\"\n\t\tclass=\"elementor-repeater-item-2614659 ekit_table_data_\">\n\t\t\n\t\t\t<div\n\t\t\t\tclass=\"ekit_table_body_container ekit_table_data_ ekit_body_align_center\">\n\t\t\t\t<p>18<\/p>\t\t\t<\/div>\n\n\t\t\t\t<\/td>\n\t<tr>\t<td data-order=\"Humedad (%)\"\n\t\tclass=\"elementor-repeater-item-007d27d ekit_table_data_\">\n\t\t\n\t\t\t<div\n\t\t\t\tclass=\"ekit_table_body_container ekit_table_data_ ekit_body_align_center\">\n\t\t\t\t<span style=\"color: #f8d413\"><strong>Moisture (%)<\/strong><\/span>\t\t\t<\/div>\n\n\t\t\t\t<\/td>\n\t\t<td data-order=\"-\"\n\t\tclass=\"elementor-repeater-item-665cab6 ekit_table_data_\">\n\t\t\n\t\t\t<div\n\t\t\t\tclass=\"ekit_table_body_container ekit_table_data_ ekit_body_align_center\">\n\t\t\t\t<p>-<\/p>\t\t\t<\/div>\n\n\t\t\t\t<\/td>\n\t\t<td data-order=\"10\"\n\t\tclass=\"elementor-repeater-item-4c1438c ekit_table_data_\">\n\t\t\n\t\t\t<div\n\t\t\t\tclass=\"ekit_table_body_container ekit_table_data_ ekit_body_align_center\">\n\t\t\t\t<p>10<\/p>\t\t\t<\/div>\n\n\t\t\t\t<\/td>\n\t <\/tbody><\/table><\/div>\n\n\n\n<\/div>\t\t\t\t<\/div>\n\t\t\t\t<\/div>\n\t\t\t\t\t<\/div>\n\t\t\t\t<\/div>\n\t\t\t\t<\/div>","protected":false},"excerpt":{"rendered":"<p>Harina de pescado Es una fuente natural de prote\u00ednas y minerales, incluidos calcio, f\u00f3sforo y grasas, que se utiliza como ingrediente en alimentos para mascotas, aves, peces y especies no rumiantes.\u00a0.Este producto es de origen completamente de pescados y se procesa en nuestras plantas de producci\u00f3n, las cuales son sometidas a rigurosas inspecciones y cuentan con el aval del Servicio de Inspecci\u00f3n Federal (SIF). La harina no contiene aditivos que mejoren su prote\u00edna natural. Cotizar ahora DATOS F\u00cdSICO-QU\u00cdMICOS Criterio M\u00ednimo M\u00e1ximo Prote\u00ednas (%) 68 &#8211; Grasas (%) &#8211; 12 Cenizas (%) &#8211; 18 Humedad (%) &#8211; 10<\/p>","protected":false},"author":1,"featured_media":0,"parent":496,"menu_order":0,"comment_status":"closed","ping_status":"closed","template":"elementor_canvas","meta":{"footnotes":""},"class_list":["post-289","page","type-page","status-publish","hentry"],"aioseo_notices":[],"_links":{"self":[{"href":"https:\/\/www.progan.co\/en\/wp-json\/wp\/v2\/pages\/289","targetHints":{"allow":["GET"]}}],"collection":[{"href":"https:\/\/www.progan.co\/en\/wp-json\/wp\/v2\/pages"}],"about":[{"href":"https:\/\/www.progan.co\/en\/wp-json\/wp\/v2\/types\/page"}],"author":[{"embeddable":true,"href":"https:\/\/www.progan.co\/en\/wp-json\/wp\/v2\/users\/1"}],"replies":[{"embeddable":true,"href":"https:\/\/www.progan.co\/en\/wp-json\/wp\/v2\/comments?post=289"}],"version-history":[{"count":12,"href":"https:\/\/www.progan.co\/en\/wp-json\/wp\/v2\/pages\/289\/revisions"}],"predecessor-version":[{"id":3904,"href":"https:\/\/www.progan.co\/en\/wp-json\/wp\/v2\/pages\/289\/revisions\/3904"}],"up":[{"embeddable":true,"href":"https:\/\/www.progan.co\/en\/wp-json\/wp\/v2\/pages\/496"}],"wp:attachment":[{"href":"https:\/\/www.progan.co\/en\/wp-json\/wp\/v2\/media?parent=289"}],"curies":[{"name":"wp","href":"https:\/\/api.w.org\/{rel}","templated":true}]}}