{"id":2384,"date":"2024-12-28T13:59:54","date_gmt":"2024-12-28T13:59:54","guid":{"rendered":"https:\/\/www.progan.co\/?page_id=2384"},"modified":"2025-01-03T09:34:15","modified_gmt":"2025-01-03T14:34:15","slug":"nuestros-servicios","status":"publish","type":"page","link":"https:\/\/www.progan.co\/en\/nuestros-servicios\/","title":{"rendered":"Our services"},"content":{"rendered":"\t\t<div data-elementor-type=\"wp-page\" data-elementor-id=\"2384\" class=\"elementor elementor-2384\" data-elementor-post-type=\"page\">\n\t\t\t\t<div class=\"elementor-element elementor-element-c5e067d e-flex e-con-boxed wpr-particle-no wpr-jarallax-no wpr-parallax-no wpr-sticky-section-no e-con e-parent\" data-id=\"c5e067d\" data-element_type=\"container\" data-e-type=\"container\" data-settings=\"{&quot;background_background&quot;:&quot;classic&quot;,&quot;ekit_has_onepagescroll_dot&quot;:&quot;yes&quot;}\">\n\t\t\t\t\t<div class=\"e-con-inner\">\n\t\t<div class=\"elementor-element elementor-element-a347959 e-flex e-con-boxed wpr-particle-no wpr-jarallax-no wpr-parallax-no wpr-sticky-section-no e-con e-child\" data-id=\"a347959\" data-element_type=\"container\" data-e-type=\"container\" data-settings=\"{&quot;ekit_has_onepagescroll_dot&quot;:&quot;yes&quot;}\">\n\t\t\t\t\t<div class=\"e-con-inner\">\n\t\t\t\t<div class=\"elementor-element elementor-element-09f246d elementor-widget elementor-widget-heading\" data-id=\"09f246d\" data-element_type=\"widget\" data-e-type=\"widget\" data-settings=\"{&quot;ekit_we_effect_on&quot;:&quot;none&quot;}\" data-widget_type=\"heading.default\">\n\t\t\t\t<div class=\"elementor-widget-container\">\n\t\t\t\t\t<h1 class=\"elementor-heading-title elementor-size-default\">Nuestros <span>Servicios<\/span><\/h1>\t\t\t\t<\/div>\n\t\t\t\t<\/div>\n\t\t\t\t<div class=\"elementor-element elementor-element-81f6ec5 e-transform elementor-widget elementor-widget-image\" data-id=\"81f6ec5\" data-element_type=\"widget\" data-e-type=\"widget\" data-settings=\"{&quot;_transform_flipX_effect&quot;:&quot;transform&quot;,&quot;ekit_we_effect_on&quot;:&quot;none&quot;}\" data-widget_type=\"image.default\">\n\t\t\t\t<div class=\"elementor-widget-container\">\n\t\t\t\t\t\t\t\t\t\t\t\t\t\t\t<img decoding=\"async\" width=\"766\" height=\"17\" src=\"https:\/\/www.progan.co\/wp-content\/uploads\/2024\/12\/Vector-11.png\" class=\"attachment-full size-full wp-image-2379\" alt=\"\" srcset=\"https:\/\/www.progan.co\/wp-content\/uploads\/2024\/12\/Vector-11.png 766w, https:\/\/www.progan.co\/wp-content\/uploads\/2024\/12\/Vector-11-300x7.png 300w, https:\/\/www.progan.co\/wp-content\/uploads\/2024\/12\/Vector-11-18x1.png 18w\" sizes=\"(max-width: 766px) 100vw, 766px\" \/>\t\t\t\t\t\t\t\t\t\t\t\t\t\t\t<\/div>\n\t\t\t\t<\/div>\n\t\t\t\t<div class=\"elementor-element elementor-element-8e5f340 elementor-widget__width-initial elementor-widget-tablet__width-initial elementor-widget elementor-widget-heading\" data-id=\"8e5f340\" data-element_type=\"widget\" data-e-type=\"widget\" data-settings=\"{&quot;ekit_we_effect_on&quot;:&quot;none&quot;}\" data-widget_type=\"heading.default\">\n\t\t\t\t<div class=\"elementor-widget-container\">\n\t\t\t\t\t<p class=\"elementor-heading-title elementor-size-default\">Ofrecemos un servicio integral en cada una de nuestras l\u00edneas:\u00a0 alimentaci\u00f3n animal, aceites trazables para combustibles renovables y servicios log\u00edsticos globales. Garantizamos calidad, trazabilidad y eficiencia.<\/p>\t\t\t\t<\/div>\n\t\t\t\t<\/div>\n\t\t\t\t<div class=\"elementor-element elementor-element-45c8629 elementor-widget-mobile__width-initial elementor-widget elementor-widget-image\" data-id=\"45c8629\" data-element_type=\"widget\" data-e-type=\"widget\" data-settings=\"{&quot;ekit_we_effect_on&quot;:&quot;none&quot;}\" data-widget_type=\"image.default\">\n\t\t\t\t<div class=\"elementor-widget-container\">\n\t\t\t\t\t\t\t\t\t\t\t\t\t\t\t<img decoding=\"async\" width=\"410\" height=\"46\" src=\"https:\/\/www.progan.co\/wp-content\/uploads\/2025\/01\/Group-48096382.png\" class=\"attachment-full size-full wp-image-3630\" alt=\"\" srcset=\"https:\/\/www.progan.co\/wp-content\/uploads\/2025\/01\/Group-48096382.png 410w, https:\/\/www.progan.co\/wp-content\/uploads\/2025\/01\/Group-48096382-300x34.png 300w, https:\/\/www.progan.co\/wp-content\/uploads\/2025\/01\/Group-48096382-18x2.png 18w\" sizes=\"(max-width: 410px) 100vw, 410px\" \/>\t\t\t\t\t\t\t\t\t\t\t\t\t\t\t<\/div>\n\t\t\t\t<\/div>\n\t\t\t\t\t<\/div>\n\t\t\t\t<\/div>\n\t\t\t\t\t<\/div>\n\t\t\t\t<\/div>\n\t\t<div class=\"elementor-element elementor-element-ba9cf4a e-flex e-con-boxed wpr-particle-no wpr-jarallax-no wpr-parallax-no wpr-sticky-section-no e-con e-parent\" data-id=\"ba9cf4a\" data-element_type=\"container\" data-e-type=\"container\" data-settings=\"{&quot;background_background&quot;:&quot;classic&quot;,&quot;ekit_has_onepagescroll_dot&quot;:&quot;yes&quot;}\">\n\t\t\t\t\t<div class=\"e-con-inner\">\n\t\t\t\t<div class=\"elementor-element elementor-element-0a21c87 elementor-widget__width-initial elementor-widget elementor-widget-html\" data-id=\"0a21c87\" data-element_type=\"widget\" data-e-type=\"widget\" data-settings=\"{&quot;ekit_we_effect_on&quot;:&quot;none&quot;}\" data-widget_type=\"html.default\">\n\t\t\t\t<div class=\"elementor-widget-container\">\n\t\t\t\t\t<style>\r\n    .myslider-container {\r\n    position: relative;\r\n    width: 90%;\r\n    height: 90vh;\r\n}\r\n\r\n\r\n.myslider-wrapper {\r\n    display: flex;\r\n    justify-content: center;\r\n    align-items: center;\r\n    height: 100%;\r\n    position: relative;\r\n}\r\n\r\n.myslider {\r\n    display: flex;\r\n    position: relative;\r\n    width: 100%;\r\n    height: 100%;\r\n    justify-content: center;\r\n}\r\n\r\n.myslide {\r\n    width: 100%;\r\n    height: 100%;\r\n    border-radius: 313px;\r\n    position: absolute;\r\n    transition: transform 0.5s ease, opacity 0.5s ease;\r\n    overflow: hidden;\r\n    display: flex;\r\n    flex-direction: column;\r\n    justify-content: center;\r\n    align-items: center;\r\n    color: white;\r\n    text-align: center;\r\n    opacity: 0.9; \/* Slides traseros ser\u00e1n menos visibles *\/\r\n}\r\n\r\n.myslide::before {\r\n    content: '';\r\n    position: absolute;\r\n    top: 0;\r\n    left: 0;\r\n    width: 100%;\r\n    height: 100%;\r\n    background-color: rgba(0, 0, 0, 0.6); \/* Ajusta la opacidad aqu\u00ed *\/\r\n    z-index: 1;\r\n}\r\n\r\n.myslide .slide-img {\r\n    width: 100%;\r\n    height: 100%;\r\n    object-fit: cover;\r\n    position: absolute;\r\n    top: 0;\r\n    left: 0;\r\n    z-index: 0;\r\n}\r\n\r\n.myslide-content {\r\n    z-index: 3;\r\n    width: 70%;\r\n    display: flex;\r\n    flex-direction: column;\r\n    justify-content: space-between; \/* Distribuye los elementos a lo largo de toda la altura *\/\r\n    align-items: center; \/* Centra los elementos horizontalmente *\/\r\n    height: 100%; \/* Ocupa toda la altura del contenedor *\/\r\n    padding: 100px 20px; \/* Espacio interior para que no se peguen al borde *\/\r\n}\r\n\r\n.myslide-content p {\r\n    font-size: 23px;\r\n    font-weight: 600;\r\n    line-height: 31px;\r\n    margin-bottom: 15px;\r\n    text-shadow: 1px 1px 5px rgba(0, 0, 0, 0.7);\r\n}\r\n\r\n.myslide-content button {\r\n    background-color: #00A341;\r\n    color: white;\r\n    border: none;\r\n    padding: 13px 50px;\r\n    font-size: 18px;\r\n    border-radius: 25px;\r\n    font-weight: 700;\r\n    cursor: pointer;\r\n    transition: background-color 0.3s ease;\r\n}\r\n\r\n.myslide-content button:hover {\r\n    color: #00A341;\r\n    background-color: #fff;\r\n}\r\n\r\n\r\n\/* Ajustes para el slide activo *\/\r\n.myslide.active {\r\n    opacity: 1;\r\n    transform: translateX(0) rotate(0deg) scale(1);\r\n    z-index: 10;\r\n}\r\n\r\n\/* Ajustes para los slides previos y posteriores utilizando nth-child *\/\r\n.myslide:nth-child(2) {\r\n    transform: translateX(15%) rotate(15deg) scale(0.9);\r\n    z-index: 5;\r\n}\r\n\r\n.myslide:nth-child(3) {\r\n    transform: translateX(25%) rotate(30deg) scale(0.8);\r\n    z-index: 4;\r\n}\r\n\r\n.myslide:nth-child(4) {\r\n    transform: translateX(38%) rotate(40deg) scale(0.7);\r\n    z-index: 3;\r\n}\r\n\r\n\/* Botones de navegaci\u00f3n *\/\r\n.myslider-button {\r\n    position: absolute;\r\n    top: 50%;\r\n    transform: translateY(-50%);\r\n    background-color: rgba(0, 0, 0, 0.5);\r\n    color: white;\r\n    border: none;\r\n    padding: 10px;\r\n    font-size: 24px;\r\n    cursor: pointer;\r\n    z-index: 15;\r\n}\r\n\r\n.myprev {\r\n    left: 0;\r\n}\r\n\r\n.myprev:hover{\r\n    background-color: #00A341;\r\n}\r\n\r\n.mynext:active{\r\n    background-color: #00A341;\r\n}\r\n\r\n.mynext {\r\n    right: 0;\r\n}\r\n\r\n.mynext:hover{\r\n    background-color: #00A341;\r\n}\r\n\r\n.mynext:active{\r\n    background-color: #00A341;\r\n}\r\n\r\n\r\n@media (max-width: 1020px) {\r\n    .myslider-container {\r\n        width: 90%; \/* Reduce un poco el ancho *\/\r\n        height: 90vh; \/* Ajusta la altura *\/\r\n    }\r\n    \r\n    .myslide-content {\r\n    z-index: 3;\r\n    width: 80%;\r\n    display: flex;\r\n    flex-direction: column;\r\n    justify-content: space-between; \/* Distribuye los elementos a lo largo de toda la altura *\/\r\n    align-items: center; \/* Centra los elementos horizontalmente *\/\r\n    height: 100%; \/* Ocupa toda la altura del contenedor *\/\r\n    padding: 80px 0 80px 0; \/* Espacio interior para que no se peguen al borde *\/\r\n}\r\n\r\n\r\n\r\n.myslide-content button {\r\n    background-color: #00A341;\r\n    color: white;\r\n    border: none;\r\n    padding: 13px 22px;\r\n    font-size: 16px;\r\n    border-radius: 25px;\r\n    font-weight: 700;\r\n    cursor: pointer;\r\n    transition: background-color 0.3s ease;\r\n}\r\n\r\n\r\n\r\n}\r\n\r\n@media (max-width: 767px) {\r\n    .myslider-container {\r\n        width: 95%; \/* Reduce un poco el ancho *\/\r\n        height: 80vh; \/* Ajusta la altura *\/\r\n    }\r\n    \r\n    .myslide-content {\r\n    z-index: 3;\r\n    width: 80%;\r\n    display: flex;\r\n    flex-direction: column;\r\n    justify-content: space-between; \/* Distribuye los elementos a lo largo de toda la altura *\/\r\n    align-items: center; \/* Centra los elementos horizontalmente *\/\r\n    height: 100%; \/* Ocupa toda la altura del contenedor *\/\r\n    padding: 80px 0 80px 0; \/* Espacio interior para que no se peguen al borde *\/\r\n}\r\n\r\n.myslide-content p {\r\n    font-size: 22px;\r\n    font-weight: 600;\r\n    line-height: 25px;\r\n    margin-bottom: 15px;\r\n    text-shadow: 1px 1px 5px rgba(0, 0, 0, 0.7);\r\n}\r\n\r\n.myslide-content button {\r\n    background-color: #00A341;\r\n    color: white;\r\n    border: none;\r\n    padding: 13px 22px;\r\n    font-size: 16px;\r\n    border-radius: 25px;\r\n    font-weight: 700;\r\n    cursor: pointer;\r\n    transition: background-color 0.3s ease;\r\n}\r\n\r\n\r\n\r\n\/* Ajustes para los slides previos y posteriores utilizando nth-child *\/\r\n.myslide:nth-child(2) {\r\n    transform: translateX(10%) rotate(5deg) scale(0.9);\r\n    z-index: 5;\r\n}\r\n\r\n.myslide:nth-child(3) {\r\n    transform: translateX(10%) rotate(5deg) scale(0.8);\r\n    z-index: 4;\r\n}\r\n\r\n.myslide:nth-child(4) {\r\n    transform: translateX(10%) rotate(5deg) scale(0.7);\r\n    z-index: 3;\r\n}\r\n}\r\n<\/style>\r\n\r\n<div class=\"myslider-container\">\r\n\r\n    <div class=\"myslider-wrapper\">\r\n        <div class=\"myslider\">\r\n            <div class=\"myslide active\">\r\n                <img decoding=\"async\" src=\"http:\/\/www.progan.co\/wp-content\/uploads\/2024\/12\/Rectangle-1640.png\" alt=\"Imagen 1\" class=\"slide-img\">\r\n                <div class=\"myslide-content\">\r\n                    <img decoding=\"async\" src=\"http:\/\/www.progan.co\/wp-content\/uploads\/2024\/12\/Capa_1.png\" class=\"slide-content-logo\">\r\n                    <p>Juguetes 100% naturales y prote\u00ednas de origen animal para alimentos de mascotas, con calidad y transparencia garantizadas. Fabricamos snacks nutritivos a partir de nuestro ganado y socios globales\r\n                    <\/p>\r\n                    <button onclick=\"redirect(1)\" class=\"btn-adquirir-servicio\">Adquirir Servicio<\/button>\r\n                <\/div>\r\n            <\/div>\r\n            <div class=\"myslide\">\r\n                <img decoding=\"async\" src=\"http:\/\/www.progan.co\/wp-content\/uploads\/2024\/12\/Rectangle-40.png\" alt=\"Imagen 2\" class=\"slide-img\">\r\n                <div class=\"myslide-content\">\r\n                    <img decoding=\"async\" src=\"http:\/\/www.progan.co\/wp-content\/uploads\/2024\/12\/Capa_1-1.png\" class=\"slide-content-logo\">\r\n                    <p>Producci\u00f3n y distribuci\u00f3n de harinas animales de alta calidad, ricas en prote\u00ednas para engorde de pollo, cerdo, peces y otros animales de granja.<\/p>\r\n                   <button onclick=\"redirect(2)\">Adquirir Servicio<\/button>\r\n                <\/div>\r\n            <\/div>\r\n            <div class=\"myslide\">\r\n                <img decoding=\"async\" src=\"http:\/\/www.progan.co\/wp-content\/uploads\/2024\/12\/Rectangle-1650.png\" alt=\"Imagen 3\" class=\"slide-img\">\r\n                <div class=\"myslide-content\">\r\n                     <img decoding=\"async\" src=\"http:\/\/www.progan.co\/wp-content\/uploads\/2024\/12\/a84acbde-f45e-49f3-9a71-b0172d358c56.png\" class=\"slide-content-logo\">\r\n                    <p>Log\u00edstica mundial y control de calidad de materias primas\r\n                        en origen, incluye: Almacenamiento | Log\u00edstica \u00a0Comercio exterior (corretaje)<\/p>\r\n                    <button onclick=\"redirect(3)\">Adquirir Servicio<\/button>\r\n                <\/div>\r\n            <\/div>\r\n            <div class=\"myslide\">\r\n                <img decoding=\"async\" src=\"http:\/\/www.progan.co\/wp-content\/uploads\/2024\/12\/Rectangle-1.png\" alt=\"Imagen 4\" class=\"slide-img\">\r\n                <div class=\"myslide-content\">\r\n                    <img decoding=\"async\" src=\"http:\/\/www.progan.co\/wp-content\/uploads\/2024\/12\/Capa_1-1-1.png\" class=\"slide-content-logo\">\r\n                    <p>Almacenamos, distribuimos y suministramos aceites y grasas animales certificadas y trazables, ideales para la elaboraci\u00f3n de biodiesel renovable y otros usos.<\/p>\r\n                    <button onclick=\"redirect(4)\">Adquirir Servicio<\/button>\r\n                <\/div>\r\n            <\/div>\r\n        <\/div>\r\n    <\/div>\r\n    <button class=\"myslider-button mynext\" onclick=\"moveSlide(1)\">&#10095;<\/button>\r\n<\/div>\r\n\r\n\r\n\r\n<script>\r\nlet currentIndex = 0;\r\nconst slides = document.querySelectorAll('.myslide');\r\nconst totalSlides = slides.length;\r\n\r\nfunction moveSlide(direction) {\r\n    \/\/ Desaparecer la imagen actual (si deseas un efecto de transici\u00f3n)\r\n    slides[currentIndex].classList.remove('active');\r\n\r\n    \/\/ Cambiar el \u00edndice de la imagen actual (con el ciclo de los \u00edndices)\r\n    currentIndex = (currentIndex + direction + totalSlides) % totalSlides;\r\n\r\n    \/\/ Cambiar el orden de los slides (en lugar de mover el contenedor, reordenamos los elementos)\r\n    const wrapper = document.querySelector('.myslider');\r\n\r\n    \/\/ Mover el primer slide al \u00faltimo y reorganizar el resto\r\n    const firstSlide = wrapper.firstElementChild;\r\n    wrapper.appendChild(firstSlide);\r\n\r\n    \/\/ Mostrar la nueva imagen activa\r\n    slides[currentIndex].classList.add('active');\r\n}\r\n\r\n\r\nfunction redirect(popup) {\r\n    \r\n    if(popup == 1){\r\n        window.location.href = 'https:\/\/www.progan.co\/contacto?popup=1';\r\n    }\r\n\r\n    \r\n    if(popup == 2){\r\n        window.location.href = 'https:\/\/www.progan.co\/contacto?popup=2';\r\n    }\r\n    \r\n    if(popup == 3){\r\n        window.location.href = 'https:\/\/www.progan.co\/contacto?popup=3';\r\n    }\r\n    \r\n    if(popup == 4){\r\n        window.location.href = 'https:\/\/www.progan.co\/contacto?popup=4';\r\n    }\r\n\r\n}\r\n\r\n<\/script>\r\n\t\t\t\t<\/div>\n\t\t\t\t<\/div>\n\t\t\t\t\t<\/div>\n\t\t\t\t<\/div>\n\t\t<div class=\"elementor-element elementor-element-64161ae e-flex e-con-boxed wpr-particle-no wpr-jarallax-no wpr-parallax-no wpr-sticky-section-no e-con e-parent\" data-id=\"64161ae\" data-element_type=\"container\" data-e-type=\"container\" data-settings=\"{&quot;background_background&quot;:&quot;classic&quot;,&quot;ekit_has_onepagescroll_dot&quot;:&quot;yes&quot;}\">\n\t\t\t\t\t<div class=\"e-con-inner\">\n\t\t<div class=\"elementor-element elementor-element-7d33cf7 e-con-full e-flex wpr-particle-no wpr-jarallax-no wpr-parallax-no wpr-sticky-section-no e-con e-child\" data-id=\"7d33cf7\" data-element_type=\"container\" data-e-type=\"container\" data-settings=\"{&quot;ekit_has_onepagescroll_dot&quot;:&quot;yes&quot;}\">\n\t\t\t\t<div class=\"elementor-element elementor-element-e6eb08e elementor-widget elementor-widget-heading\" data-id=\"e6eb08e\" data-element_type=\"widget\" data-e-type=\"widget\" data-settings=\"{&quot;ekit_we_effect_on&quot;:&quot;none&quot;}\" data-widget_type=\"heading.default\">\n\t\t\t\t<div class=\"elementor-widget-container\">\n\t\t\t\t\t<h3 class=\"elementor-heading-title elementor-size-default\"><span>Calidad garantizada<\/span> en cada uno de nuestros servicios.<\/h3>\t\t\t\t<\/div>\n\t\t\t\t<\/div>\n\t\t\t\t<div class=\"elementor-element elementor-element-660b090 elementor-icon-list--layout-traditional elementor-list-item-link-full_width elementor-widget elementor-widget-icon-list\" data-id=\"660b090\" data-element_type=\"widget\" data-e-type=\"widget\" data-settings=\"{&quot;ekit_we_effect_on&quot;:&quot;none&quot;}\" data-widget_type=\"icon-list.default\">\n\t\t\t\t<div class=\"elementor-widget-container\">\n\t\t\t\t\t\t\t<ul class=\"elementor-icon-list-items\">\n\t\t\t\t\t\t\t<li class=\"elementor-icon-list-item\">\n\t\t\t\t\t\t\t\t\t\t\t<span class=\"elementor-icon-list-icon\">\n\t\t\t\t\t\t\t<svg aria-hidden=\"true\" class=\"e-font-icon-svg e-fas-check-square\" viewBox=\"0 0 448 512\" xmlns=\"http:\/\/www.w3.org\/2000\/svg\"><path d=\"M400 480H48c-26.51 0-48-21.49-48-48V80c0-26.51 21.49-48 48-48h352c26.51 0 48 21.49 48 48v352c0 26.51-21.49 48-48 48zm-204.686-98.059l184-184c6.248-6.248 6.248-16.379 0-22.627l-22.627-22.627c-6.248-6.248-16.379-6.249-22.628 0L184 302.745l-70.059-70.059c-6.248-6.248-16.379-6.248-22.628 0l-22.627 22.627c-6.248 6.248-6.248 16.379 0 22.627l104 104c6.249 6.25 16.379 6.25 22.628.001z\"><\/path><\/svg>\t\t\t\t\t\t<\/span>\n\t\t\t\t\t\t\t\t\t\t<span class=\"elementor-icon-list-text\">Procesado.<\/span>\n\t\t\t\t\t\t\t\t\t<\/li>\n\t\t\t\t\t\t\t\t<li class=\"elementor-icon-list-item\">\n\t\t\t\t\t\t\t\t\t\t\t<span class=\"elementor-icon-list-icon\">\n\t\t\t\t\t\t\t<svg aria-hidden=\"true\" class=\"e-font-icon-svg e-fas-check-square\" viewBox=\"0 0 448 512\" xmlns=\"http:\/\/www.w3.org\/2000\/svg\"><path d=\"M400 480H48c-26.51 0-48-21.49-48-48V80c0-26.51 21.49-48 48-48h352c26.51 0 48 21.49 48 48v352c0 26.51-21.49 48-48 48zm-204.686-98.059l184-184c6.248-6.248 6.248-16.379 0-22.627l-22.627-22.627c-6.248-6.248-16.379-6.249-22.628 0L184 302.745l-70.059-70.059c-6.248-6.248-16.379-6.248-22.628 0l-22.627 22.627c-6.248 6.248-6.248 16.379 0 22.627l104 104c6.249 6.25 16.379 6.25 22.628.001z\"><\/path><\/svg>\t\t\t\t\t\t<\/span>\n\t\t\t\t\t\t\t\t\t\t<span class=\"elementor-icon-list-text\">Almacenamiento y distribuci\u00f3n<\/span>\n\t\t\t\t\t\t\t\t\t<\/li>\n\t\t\t\t\t\t\t\t<li class=\"elementor-icon-list-item\">\n\t\t\t\t\t\t\t\t\t\t\t<span class=\"elementor-icon-list-icon\">\n\t\t\t\t\t\t\t<svg aria-hidden=\"true\" class=\"e-font-icon-svg e-fas-check-square\" viewBox=\"0 0 448 512\" xmlns=\"http:\/\/www.w3.org\/2000\/svg\"><path d=\"M400 480H48c-26.51 0-48-21.49-48-48V80c0-26.51 21.49-48 48-48h352c26.51 0 48 21.49 48 48v352c0 26.51-21.49 48-48 48zm-204.686-98.059l184-184c6.248-6.248 6.248-16.379 0-22.627l-22.627-22.627c-6.248-6.248-16.379-6.249-22.628 0L184 302.745l-70.059-70.059c-6.248-6.248-16.379-6.248-22.628 0l-22.627 22.627c-6.248 6.248-6.248 16.379 0 22.627l104 104c6.249 6.25 16.379 6.25 22.628.001z\"><\/path><\/svg>\t\t\t\t\t\t<\/span>\n\t\t\t\t\t\t\t\t\t\t<span class=\"elementor-icon-list-text\">Log\u00edstica<\/span>\n\t\t\t\t\t\t\t\t\t<\/li>\n\t\t\t\t\t\t\t\t<li class=\"elementor-icon-list-item\">\n\t\t\t\t\t\t\t\t\t\t\t<span class=\"elementor-icon-list-icon\">\n\t\t\t\t\t\t\t<svg aria-hidden=\"true\" class=\"e-font-icon-svg e-fas-check-square\" viewBox=\"0 0 448 512\" xmlns=\"http:\/\/www.w3.org\/2000\/svg\"><path d=\"M400 480H48c-26.51 0-48-21.49-48-48V80c0-26.51 21.49-48 48-48h352c26.51 0 48 21.49 48 48v352c0 26.51-21.49 48-48 48zm-204.686-98.059l184-184c6.248-6.248 6.248-16.379 0-22.627l-22.627-22.627c-6.248-6.248-16.379-6.249-22.628 0L184 302.745l-70.059-70.059c-6.248-6.248-16.379-6.248-22.628 0l-22.627 22.627c-6.248 6.248-6.248 16.379 0 22.627l104 104c6.249 6.25 16.379 6.25 22.628.001z\"><\/path><\/svg>\t\t\t\t\t\t<\/span>\n\t\t\t\t\t\t\t\t\t\t<span class=\"elementor-icon-list-text\">Innovaci\u00f3n<\/span>\n\t\t\t\t\t\t\t\t\t<\/li>\n\t\t\t\t\t\t\t\t<li class=\"elementor-icon-list-item\">\n\t\t\t\t\t\t\t\t\t\t\t<span class=\"elementor-icon-list-icon\">\n\t\t\t\t\t\t\t<svg aria-hidden=\"true\" class=\"e-font-icon-svg e-fas-check-square\" viewBox=\"0 0 448 512\" xmlns=\"http:\/\/www.w3.org\/2000\/svg\"><path d=\"M400 480H48c-26.51 0-48-21.49-48-48V80c0-26.51 21.49-48 48-48h352c26.51 0 48 21.49 48 48v352c0 26.51-21.49 48-48 48zm-204.686-98.059l184-184c6.248-6.248 6.248-16.379 0-22.627l-22.627-22.627c-6.248-6.248-16.379-6.249-22.628 0L184 302.745l-70.059-70.059c-6.248-6.248-16.379-6.248-22.628 0l-22.627 22.627c-6.248 6.248-6.248 16.379 0 22.627l104 104c6.249 6.25 16.379 6.25 22.628.001z\"><\/path><\/svg>\t\t\t\t\t\t<\/span>\n\t\t\t\t\t\t\t\t\t\t<span class=\"elementor-icon-list-text\">Control de calidad y limpieza<\/span>\n\t\t\t\t\t\t\t\t\t<\/li>\n\t\t\t\t\t\t<\/ul>\n\t\t\t\t\t\t<\/div>\n\t\t\t\t<\/div>\n\t\t\t\t<\/div>\n\t\t<div class=\"elementor-element elementor-element-ac66370 e-con-full e-flex wpr-particle-no wpr-jarallax-no wpr-parallax-no wpr-sticky-section-no e-con e-child\" data-id=\"ac66370\" data-element_type=\"container\" data-e-type=\"container\" data-settings=\"{&quot;ekit_has_onepagescroll_dot&quot;:&quot;yes&quot;}\">\n\t\t\t\t<\/div>\n\t\t\t\t\t<\/div>\n\t\t\t\t<\/div>\n\t\t<div class=\"elementor-element elementor-element-b267346 e-flex e-con-boxed wpr-particle-no wpr-jarallax-no wpr-parallax-no wpr-sticky-section-no e-con e-parent\" data-id=\"b267346\" data-element_type=\"container\" data-e-type=\"container\" data-settings=\"{&quot;ekit_has_onepagescroll_dot&quot;:&quot;yes&quot;}\">\n\t\t\t\t\t<div class=\"e-con-inner\">\n\t\t\t\t\t<\/div>\n\t\t\t\t<\/div>\n\t\t\t\t<\/div>\n\t\t","protected":false},"excerpt":{"rendered":"<p>Nuestros Servicios Ofrecemos un servicio integral en cada una de nuestras l\u00edneas:\u00a0 alimentaci\u00f3n animal, aceites trazables para combustibles renovables y servicios log\u00edsticos globales. Garantizamos calidad, trazabilidad y eficiencia. Juguetes 100% naturales y prote\u00ednas de origen animal para alimentos de mascotas, con calidad y transparencia garantizadas. Fabricamos snacks nutritivos a partir de nuestro ganado y socios globales Adquirir Servicio Producci\u00f3n y distribuci\u00f3n de harinas animales de alta calidad, ricas en prote\u00ednas para engorde de pollo, cerdo, peces y otros animales de granja. Adquirir Servicio Log\u00edstica mundial y control de calidad de materias primas en origen, incluye: Almacenamiento | Log\u00edstica \u00a0Comercio exterior (corretaje) Adquirir Servicio Almacenamos, distribuimos y suministramos aceites y grasas animales certificadas y trazables, ideales para la elaboraci\u00f3n de biodiesel renovable y otros usos. Adquirir Servicio &#10095; Calidad garantizada en cada uno de nuestros servicios. Procesado. Almacenamiento y distribuci\u00f3n Log\u00edstica Innovaci\u00f3n Control de calidad y limpieza<\/p>","protected":false},"author":1,"featured_media":0,"parent":0,"menu_order":0,"comment_status":"closed","ping_status":"closed","template":"","meta":{"footnotes":""},"class_list":["post-2384","page","type-page","status-publish","hentry"],"aioseo_notices":[],"_links":{"self":[{"href":"https:\/\/www.progan.co\/en\/wp-json\/wp\/v2\/pages\/2384","targetHints":{"allow":["GET"]}}],"collection":[{"href":"https:\/\/www.progan.co\/en\/wp-json\/wp\/v2\/pages"}],"about":[{"href":"https:\/\/www.progan.co\/en\/wp-json\/wp\/v2\/types\/page"}],"author":[{"embeddable":true,"href":"https:\/\/www.progan.co\/en\/wp-json\/wp\/v2\/users\/1"}],"replies":[{"embeddable":true,"href":"https:\/\/www.progan.co\/en\/wp-json\/wp\/v2\/comments?post=2384"}],"version-history":[{"count":308,"href":"https:\/\/www.progan.co\/en\/wp-json\/wp\/v2\/pages\/2384\/revisions"}],"predecessor-version":[{"id":3633,"href":"https:\/\/www.progan.co\/en\/wp-json\/wp\/v2\/pages\/2384\/revisions\/3633"}],"wp:attachment":[{"href":"https:\/\/www.progan.co\/en\/wp-json\/wp\/v2\/media?parent=2384"}],"curies":[{"name":"wp","href":"https:\/\/api.w.org\/{rel}","templated":true}]}}