{"id":1743,"date":"2024-06-05T16:10:40","date_gmt":"2024-06-05T16:10:40","guid":{"rendered":"https:\/\/www.progan.co\/?page_id=1743"},"modified":"2024-06-05T17:09:47","modified_gmt":"2024-06-05T17:09:47","slug":"blog-progan-redefiniendo-la-logistica","status":"publish","type":"page","link":"https:\/\/www.progan.co\/en\/home2\/blog\/blog-progan-redefiniendo-la-logistica\/","title":{"rendered":"Blog: Redefiniendo la log\u00edstica para un futuro sostenible"},"content":{"rendered":"<div data-elementor-type=\"wp-page\" data-elementor-id=\"1743\" class=\"elementor elementor-1743\" data-elementor-post-type=\"page\">\n\t\t\t\t<div class=\"elementor-element elementor-element-507798c e-con-full animated-slow e-flex wpr-particle-no wpr-jarallax-no wpr-parallax-no wpr-sticky-section-no wpr-equal-height-no elementor-invisible e-con e-parent\" data-id=\"507798c\" data-element_type=\"container\" data-e-type=\"container\" data-settings=\"{&quot;background_background&quot;:&quot;classic&quot;,&quot;animation&quot;:&quot;fadeIn&quot;,&quot;ekit_has_onepagescroll_dot&quot;:&quot;yes&quot;}\">\n\t\t\t\t<\/div>\n\t\t<div class=\"elementor-element elementor-element-db392c1 e-flex e-con-boxed wpr-particle-no wpr-jarallax-no wpr-parallax-no wpr-sticky-section-no wpr-equal-height-no e-con e-parent\" data-id=\"db392c1\" data-element_type=\"container\" data-e-type=\"container\" data-settings=\"{&quot;ekit_has_onepagescroll_dot&quot;:&quot;yes&quot;}\">\n\t\t\t\t\t<div class=\"e-con-inner\">\n\t\t\t\t<div class=\"elementor-element elementor-element-8f8df4e elementor-view-default elementor-widget elementor-widget-icon\" data-id=\"8f8df4e\" data-element_type=\"widget\" data-e-type=\"widget\" data-settings=\"{&quot;ekit_we_effect_on&quot;:&quot;none&quot;}\" data-widget_type=\"icon.default\">\n\t\t\t\t<div class=\"elementor-widget-container\">\n\t\t\t\t\t\t\t<div class=\"elementor-icon-wrapper\">\n\t\t\t<a class=\"elementor-icon\" href=\"https:\/\/www.progan.co\/en\/home\/blog\/\">\n\t\t\t<i aria-hidden=\"true\" class=\"icon icon-left-arrow\"><\/i>\t\t\t<\/a>\n\t\t<\/div>\n\t\t\t\t\t\t<\/div>\n\t\t\t\t<\/div>\n\t\t<div class=\"elementor-element elementor-element-644a3f2 e-con-full e-flex wpr-particle-no wpr-jarallax-no wpr-parallax-no wpr-sticky-section-no wpr-equal-height-no e-con e-child\" data-id=\"644a3f2\" data-element_type=\"container\" data-e-type=\"container\" data-settings=\"{&quot;ekit_has_onepagescroll_dot&quot;:&quot;yes&quot;}\">\n\t\t\t\t<div class=\"elementor-element elementor-element-1db3965 elementor-widget elementor-widget-text-editor\" data-id=\"1db3965\" data-element_type=\"widget\" data-e-type=\"widget\" data-settings=\"{&quot;ekit_we_effect_on&quot;:&quot;none&quot;}\" data-widget_type=\"text-editor.default\">\n\t\t\t\t<div class=\"elementor-widget-container\">\n\t\t\t\t\t\t\t\t\t<p>25 Jun 2024<\/p>\t\t\t\t\t\t\t\t<\/div>\n\t\t\t\t<\/div>\n\t\t\t\t<div class=\"elementor-element elementor-element-418c23b elementor-widget elementor-widget-heading\" data-id=\"418c23b\" data-element_type=\"widget\" data-e-type=\"widget\" data-settings=\"{&quot;ekit_we_effect_on&quot;:&quot;none&quot;}\" data-widget_type=\"heading.default\">\n\t\t\t\t<div class=\"elementor-widget-container\">\n\t\t\t\t\t<h2 class=\"elementor-heading-title elementor-size-default\">Redefining logistics for a sustainable future.<\/h2>\t\t\t\t<\/div>\n\t\t\t\t<\/div>\n\t\t\t\t<div class=\"elementor-element elementor-element-b068f3c elementor-widget elementor-widget-elementskit-social-share\" data-id=\"b068f3c\" data-element_type=\"widget\" data-e-type=\"widget\" data-settings=\"{&quot;ekit_we_effect_on&quot;:&quot;none&quot;}\" data-widget_type=\"elementskit-social-share.default\">\n\t\t\t\t<div class=\"elementor-widget-container\">\n\t\t\t\t\t<div class=\"ekit-wid-con\" >\t\t<ul class=\"ekit_socialshare\">\n                            <li class=\"elementor-repeater-item-9700319\" data-social=\"facebook\">\n                    <div class=\"facebook\">\n                        \n                        <i aria-hidden=\"true\" class=\"icon icon-facebook-2\"><\/i>                        \n                                                                                            <\/div>\n                <\/li>\n                                            <li class=\"elementor-repeater-item-af74461\" data-social=\"linkedin\">\n                    <div class=\"linkedin\">\n                        \n                        <i aria-hidden=\"true\" class=\"icon icon-linkedin\"><\/i>                        \n                                                                                            <\/div>\n                <\/li>\n                                    <\/ul>\n        <\/div>\t\t\t\t<\/div>\n\t\t\t\t<\/div>\n\t\t\t\t<div class=\"elementor-element elementor-element-644b305 elementor-widget elementor-widget-text-editor\" data-id=\"644b305\" data-element_type=\"widget\" data-e-type=\"widget\" data-settings=\"{&quot;ekit_we_effect_on&quot;:&quot;none&quot;}\" data-widget_type=\"text-editor.default\">\n\t\t\t\t<div class=\"elementor-widget-container\">\n\t\t\t\t\t\t\t\t\t<p>The logistics landscape has experienced several significant changes since the 2020 pandemic, resulting in adjustments to consumption and distribution patterns across business supply chains. These changes have introduced new forms and standards in areas such as storage, transportation, loading, unloading and even inventory systems within the sector. Therefore, industries must stay ahead and adapt their operations to meet today's customer demands and expectations.<\/p><p>The effective management and administration of supply chains within the industry are crucial for companies to be able to offer optimal services that adapt to the individual needs of each customer. This involves not only the efficient management of merchandise, but also considering aspects such as delivery times, loading, unloading, storage and strategic collaborations with other logistics providers to provide a comprehensive service offering. Each stage and operational process must be aimed at meeting the final objective: satisfying the customer's needs.<\/p><p>At Progan Logistics, we create a strong supply chain with local teams, allowing us to operate much easier and more reliably for our customers. In our warehouses we offer third-party logistics and quality control solutions with support from our lab.<\/p><p>With our own logistics centers in the United States, Colombia, Brazil and the Netherlands, our logistics team is prepared to meet all your needs around the world. We offer comprehensive solutions in storage, logistics, quality control and foreign trade. Our operations centers guarantee high quality standards for ingredients for animal nutrition and a large capacity to store and collect used cooking oils and fats of animal origin where we can satisfy the demand and supply of all our suppliers and consumers from any incoterm. EXW to DDP, we efficiently manage your supply chain, facilitating logistics worldwide, adapted to the regional policies of each country.<\/p>\t\t\t\t\t\t\t\t<\/div>\n\t\t\t\t<\/div>\n\t\t\t\t<\/div>\n\t\t<div class=\"elementor-element elementor-element-5f7e1ec e-con-full e-flex wpr-particle-no wpr-jarallax-no wpr-parallax-no wpr-sticky-section-no wpr-equal-height-no e-con e-child\" data-id=\"5f7e1ec\" data-element_type=\"container\" data-e-type=\"container\" data-settings=\"{&quot;ekit_has_onepagescroll_dot&quot;:&quot;yes&quot;}\">\n\t\t\t\t<div class=\"elementor-element elementor-element-a9b1e54 elementor-widget elementor-widget-heading\" data-id=\"a9b1e54\" data-element_type=\"widget\" data-e-type=\"widget\" data-settings=\"{&quot;ekit_we_effect_on&quot;:&quot;none&quot;}\" data-widget_type=\"heading.default\">\n\t\t\t\t<div class=\"elementor-widget-container\">\n\t\t\t\t\t<h2 class=\"elementor-heading-title elementor-size-default\">Lastest <br> posts<\/h2>\t\t\t\t<\/div>\n\t\t\t\t<\/div>\n\t\t<div class=\"elementor-element elementor-element-6227662 e-grid e-con-boxed wpr-particle-no wpr-jarallax-no wpr-parallax-no wpr-sticky-section-no wpr-equal-height-no e-con e-child\" data-id=\"6227662\" data-element_type=\"container\" data-e-type=\"container\" data-settings=\"{&quot;ekit_has_onepagescroll_dot&quot;:&quot;yes&quot;}\">\n\t\t\t\t\t<div class=\"e-con-inner\">\n\t\t\t\t<div class=\"elementor-element elementor-element-bf2a97f elementor-widget elementor-widget-image\" data-id=\"bf2a97f\" data-element_type=\"widget\" data-e-type=\"widget\" data-settings=\"{&quot;ekit_we_effect_on&quot;:&quot;none&quot;}\" data-widget_type=\"image.default\">\n\t\t\t\t<div class=\"elementor-widget-container\">\n\t\t\t\t\t\t\t\t\t\t\t\t\t\t\t\t<a href=\"https:\/\/www.instagram.com\/_progan\/\">\n\t\t\t\t\t\t\t<img fetchpriority=\"high\" decoding=\"async\" width=\"263\" height=\"342\" src=\"https:\/\/www.progan.co\/wp-content\/uploads\/2024\/05\/Tarjeta-ins-mini.png\" class=\"attachment-full size-full wp-image-1352\" alt=\"\" srcset=\"https:\/\/www.progan.co\/wp-content\/uploads\/2024\/05\/Tarjeta-ins-mini.png 263w, https:\/\/www.progan.co\/wp-content\/uploads\/2024\/05\/Tarjeta-ins-mini-231x300.png 231w, https:\/\/www.progan.co\/wp-content\/uploads\/2024\/05\/Tarjeta-ins-mini-9x12.png 9w\" sizes=\"(max-width: 263px) 100vw, 263px\" \/>\t\t\t\t\t\t\t\t<\/a>\n\t\t\t\t\t\t\t\t\t\t\t\t\t\t\t<\/div>\n\t\t\t\t<\/div>\n\t\t\t\t\t<\/div>\n\t\t\t\t<\/div>\n\t\t\t\t<\/div>\n\t\t\t\t\t<\/div>\n\t\t\t\t<\/div>\n\t\t<div class=\"elementor-element elementor-element-721fce8 e-flex e-con-boxed wpr-particle-no wpr-jarallax-no wpr-parallax-no wpr-sticky-section-no wpr-equal-height-no e-con e-parent\" data-id=\"721fce8\" data-element_type=\"container\" data-e-type=\"container\" data-settings=\"{&quot;ekit_has_onepagescroll_dot&quot;:&quot;yes&quot;}\">\n\t\t\t\t\t<div class=\"e-con-inner\">\n\t\t\t\t<div class=\"elementor-element elementor-element-0c1b251 elementor-widget-divider--view-line elementor-widget elementor-widget-divider\" data-id=\"0c1b251\" data-element_type=\"widget\" data-e-type=\"widget\" data-settings=\"{&quot;ekit_we_effect_on&quot;:&quot;none&quot;}\" data-widget_type=\"divider.default\">\n\t\t\t\t<div class=\"elementor-widget-container\">\n\t\t\t\t\t\t\t<div class=\"elementor-divider\">\n\t\t\t<span class=\"elementor-divider-separator\">\n\t\t\t\t\t\t<\/span>\n\t\t<\/div>\n\t\t\t\t\t\t<\/div>\n\t\t\t\t<\/div>\n\t\t\t\t<div class=\"elementor-element elementor-element-8dd8129 elementor-widget elementor-widget-heading\" data-id=\"8dd8129\" data-element_type=\"widget\" data-e-type=\"widget\" data-settings=\"{&quot;ekit_we_effect_on&quot;:&quot;none&quot;}\" data-widget_type=\"heading.default\">\n\t\t\t\t<div class=\"elementor-widget-container\">\n\t\t\t\t\t<h2 class=\"elementor-heading-title elementor-size-default\">Related topics<\/h2>\t\t\t\t<\/div>\n\t\t\t\t<\/div>\n\t\t\t\t<div class=\"elementor-element elementor-element-a62bcfa elementor-arrows-position-outside elementor-widget elementor-widget-image-carousel\" data-id=\"a62bcfa\" data-element_type=\"widget\" data-e-type=\"widget\" data-settings=\"{&quot;slides_to_show&quot;:&quot;3&quot;,&quot;image_spacing_custom&quot;:{&quot;unit&quot;:&quot;px&quot;,&quot;size&quot;:40,&quot;sizes&quot;:[]},&quot;navigation&quot;:&quot;arrows&quot;,&quot;autoplay&quot;:&quot;yes&quot;,&quot;pause_on_hover&quot;:&quot;yes&quot;,&quot;pause_on_interaction&quot;:&quot;yes&quot;,&quot;autoplay_speed&quot;:5000,&quot;infinite&quot;:&quot;yes&quot;,&quot;speed&quot;:500,&quot;image_spacing_custom_tablet&quot;:{&quot;unit&quot;:&quot;px&quot;,&quot;size&quot;:&quot;&quot;,&quot;sizes&quot;:[]},&quot;image_spacing_custom_mobile&quot;:{&quot;unit&quot;:&quot;px&quot;,&quot;size&quot;:&quot;&quot;,&quot;sizes&quot;:[]},&quot;ekit_we_effect_on&quot;:&quot;none&quot;}\" data-widget_type=\"image-carousel.default\">\n\t\t\t\t<div class=\"elementor-widget-container\">\n\t\t\t\t\t\t\t<div class=\"elementor-image-carousel-wrapper swiper\" role=\"region\" aria-roledescription=\"carousel\" aria-label=\"Carrusel de Im\u00e1genes\" dir=\"ltr\">\n\t\t\t<div class=\"elementor-image-carousel swiper-wrapper\" aria-live=\"off\">\n\t\t\t\t\t\t\t\t<div class=\"swiper-slide\" role=\"group\" aria-roledescription=\"slide\" aria-label=\"1 de 4\"><a data-elementor-open-lightbox=\"yes\" data-elementor-lightbox-slideshow=\"a62bcfa\" data-elementor-lightbox-title=\"1715291609896\" data-e-action-hash=\"#elementor-action%3Aaction%3Dlightbox%26settings%3DeyJpZCI6MTczMywidXJsIjoiaHR0cHM6XC9cL3d3dy5wcm9nYW4uY29cL3dwLWNvbnRlbnRcL3VwbG9hZHNcLzIwMjRcLzA2XC8xNzE1MjkxNjA5ODk2LmpwZWciLCJzbGlkZXNob3ciOiJhNjJiY2ZhIn0%3D\" href=\"https:\/\/www.progan.co\/en\/home\/blog\/blog-el-transporte-hacia\/,https:\/\/www.progan.co\/home\/blog\/blog-proveedores-de-grasas\/,https:\/\/www.progan.co\/home\/blog\/blog-progan-rendering\/,https:\/\/www.progan.co\/home\/blog\/blog-progan-redefiniendo-la-logistica\/\"><figure class=\"swiper-slide-inner\"><img decoding=\"async\" class=\"swiper-slide-image\" src=\"https:\/\/www.progan.co\/wp-content\/uploads\/2024\/06\/1715291609896.jpeg\" alt=\"1715291609896\" \/><\/figure><\/a><\/div><div class=\"swiper-slide\" role=\"group\" aria-roledescription=\"slide\" aria-label=\"2 de 4\"><a data-elementor-open-lightbox=\"yes\" data-elementor-lightbox-slideshow=\"a62bcfa\" data-elementor-lightbox-title=\"1716390600882\" data-e-action-hash=\"#elementor-action%3Aaction%3Dlightbox%26settings%3DeyJpZCI6MTczNCwidXJsIjoiaHR0cHM6XC9cL3d3dy5wcm9nYW4uY29cL3dwLWNvbnRlbnRcL3VwbG9hZHNcLzIwMjRcLzA2XC8xNzE2MzkwNjAwODgyLmpwZWciLCJzbGlkZXNob3ciOiJhNjJiY2ZhIn0%3D\" href=\"https:\/\/www.progan.co\/en\/home\/blog\/blog-el-transporte-hacia\/,https:\/\/www.progan.co\/home\/blog\/blog-proveedores-de-grasas\/,https:\/\/www.progan.co\/home\/blog\/blog-progan-rendering\/,https:\/\/www.progan.co\/home\/blog\/blog-progan-redefiniendo-la-logistica\/\"><figure class=\"swiper-slide-inner\"><img decoding=\"async\" class=\"swiper-slide-image\" src=\"https:\/\/www.progan.co\/wp-content\/uploads\/2024\/06\/1716390600882.jpeg\" alt=\"1716390600882\" \/><\/figure><\/a><\/div><div class=\"swiper-slide\" role=\"group\" aria-roledescription=\"slide\" aria-label=\"3 de 4\"><a data-elementor-open-lightbox=\"yes\" data-elementor-lightbox-slideshow=\"a62bcfa\" data-elementor-lightbox-title=\"1717166252393\" data-e-action-hash=\"#elementor-action%3Aaction%3Dlightbox%26settings%3DeyJpZCI6MTczNSwidXJsIjoiaHR0cHM6XC9cL3d3dy5wcm9nYW4uY29cL3dwLWNvbnRlbnRcL3VwbG9hZHNcLzIwMjRcLzA2XC8xNzE3MTY2MjUyMzkzLTEuanBlZyIsInNsaWRlc2hvdyI6ImE2MmJjZmEifQ%3D%3D\" href=\"https:\/\/www.progan.co\/en\/home\/blog\/blog-el-transporte-hacia\/,https:\/\/www.progan.co\/home\/blog\/blog-proveedores-de-grasas\/,https:\/\/www.progan.co\/home\/blog\/blog-progan-rendering\/,https:\/\/www.progan.co\/home\/blog\/blog-progan-redefiniendo-la-logistica\/\"><figure class=\"swiper-slide-inner\"><img decoding=\"async\" class=\"swiper-slide-image\" src=\"https:\/\/www.progan.co\/wp-content\/uploads\/2024\/06\/1717166252393-1.jpeg\" alt=\"1717166252393\" \/><\/figure><\/a><\/div><div class=\"swiper-slide\" role=\"group\" aria-roledescription=\"slide\" aria-label=\"4 de 4\"><a data-elementor-open-lightbox=\"yes\" data-elementor-lightbox-slideshow=\"a62bcfa\" data-elementor-lightbox-title=\"1716398711938\" data-e-action-hash=\"#elementor-action%3Aaction%3Dlightbox%26settings%3DeyJpZCI6MTczNiwidXJsIjoiaHR0cHM6XC9cL3d3dy5wcm9nYW4uY29cL3dwLWNvbnRlbnRcL3VwbG9hZHNcLzIwMjRcLzA2XC8xNzE2Mzk4NzExOTM4LnBuZyIsInNsaWRlc2hvdyI6ImE2MmJjZmEifQ%3D%3D\" href=\"https:\/\/www.progan.co\/en\/home\/blog\/blog-el-transporte-hacia\/,https:\/\/www.progan.co\/home\/blog\/blog-proveedores-de-grasas\/,https:\/\/www.progan.co\/home\/blog\/blog-progan-rendering\/,https:\/\/www.progan.co\/home\/blog\/blog-progan-redefiniendo-la-logistica\/\"><figure class=\"swiper-slide-inner\"><img decoding=\"async\" class=\"swiper-slide-image\" src=\"https:\/\/www.progan.co\/wp-content\/uploads\/2024\/06\/1716398711938.png\" alt=\"1716398711938\" \/><\/figure><\/a><\/div>\t\t\t<\/div>\n\t\t\t\t\t\t\t\t\t\t\t\t<div class=\"elementor-swiper-button elementor-swiper-button-prev\" role=\"button\" tabindex=\"0\">\n\t\t\t\t\t\t<svg aria-hidden=\"true\" class=\"e-font-icon-svg e-eicon-chevron-left\" viewbox=\"0 0 1000 1000\" xmlns=\"http:\/\/www.w3.org\/2000\/svg\"><path d=\"M646 125C629 125 613 133 604 142L308 442C296 454 292 471 292 487 292 504 296 521 308 533L604 854C617 867 629 875 646 875 663 875 679 871 692 858 704 846 713 829 713 812 713 796 708 779 692 767L438 487 692 225C700 217 708 204 708 187 708 171 704 154 692 142 675 129 663 125 646 125Z\"><\/path><\/svg>\t\t\t\t\t<\/div>\n\t\t\t\t\t<div class=\"elementor-swiper-button elementor-swiper-button-next\" role=\"button\" tabindex=\"0\">\n\t\t\t\t\t\t<svg aria-hidden=\"true\" class=\"e-font-icon-svg e-eicon-chevron-right\" viewbox=\"0 0 1000 1000\" xmlns=\"http:\/\/www.w3.org\/2000\/svg\"><path d=\"M696 533C708 521 713 504 713 487 713 471 708 454 696 446L400 146C388 133 375 125 354 125 338 125 325 129 313 142 300 154 292 171 292 187 292 204 296 221 308 233L563 492 304 771C292 783 288 800 288 817 288 833 296 850 308 863 321 871 338 875 354 875 371 875 388 867 400 854L696 533Z\"><\/path><\/svg>\t\t\t\t\t<\/div>\n\t\t\t\t\n\t\t\t\t\t\t\t\t\t<\/div>\n\t\t\t\t\t\t<\/div>\n\t\t\t\t<\/div>\n\t\t\t\t\t<\/div>\n\t\t\t\t<\/div>\n\t\t\t\t<\/div>","protected":false},"excerpt":{"rendered":"<p>25 Jun 2024 Redefiniendo la log\u00edstica para un futuro sostenible El panorama log\u00edstico ha experimentado varios cambios significativos desde la pandemia del 2020, lo que ha generado ajustes en los patrones de consumo y distribuci\u00f3n a lo largo de las cadenas de suministro empresariales. Estos cambios han introducido nuevas formas y est\u00e1ndares en \u00e1reas como el almacenamiento, transporte, carga, descarga e incluso en los sistemas de inventario dentro del sector. Por lo tanto, las industrias deben mantenerse a la vanguardia y adaptar sus operaciones para satisfacer las demandas y expectativas de los clientes en la actualidad. La gesti\u00f3n y administraci\u00f3n eficaz de las cadenas de suministro dentro de la industria son cruciales para que las empresas puedan ofrecer servicios \u00f3ptimos que se adapten a las necesidades individuales de cada cliente. Esto implica no solo la gesti\u00f3n eficiente de la mercanc\u00eda, sino tambi\u00e9n considerar aspectos como los tiempos de entrega, carga, descarga, almacenamiento y colaboraciones estrat\u00e9gicas con otros proveedores log\u00edsticos para proporcionar una oferta integral de servicios. Cada etapa y proceso operativo debe estar orientado a cumplir con el objetivo final: satisfacer las necesidades del cliente. En Progan Logistics, creamos una cadena de suministro s\u00f3lida con equipos locales, lo cual nos permite operar de forma mucho m\u00e1s f\u00e1cil y confiable para nuestros clientes. En nuestros almacenes ofrecemos log\u00edstica de terceros y soluciones de control de calidad con soporte desde nuestro laboratorio. Con centros log\u00edsticos propios\u00a0 en Estados Unidos, Colombia, Brasil y Pa\u00edses Bajos, nuestro equipo de log\u00edstica est\u00e1 preparado para atender todas sus necesidades en todo el mundo. Ofrecemos soluciones integrales en almacenamiento, log\u00edstica , control de calidad y comercio exterior. Nuestros centros de operaciones garantizan altos est\u00e1ndares de calidad para ingredientes para la nutrici\u00f3n animal y una gran capacidad de almacenar y recolecci\u00f3n de aceites usados de cocina y grasas de origen animal en donde podemos satisfacer la demanda y oferta de todos nuestros proveedores y consumidores desde cualquier incoterm\u00a0 EXW hasta DDP, gestionamos eficientemente su cadena de suministro, facilitando la log\u00edstica a nivel mundial, adaptadas a las pol\u00edticas regionales de cada pa\u00eds. \u00daltimas publicaciones Temas relacionados<\/p>","protected":false},"author":1,"featured_media":0,"parent":1321,"menu_order":0,"comment_status":"closed","ping_status":"closed","template":"elementor_header_footer","meta":{"footnotes":""},"class_list":["post-1743","page","type-page","status-publish","hentry"],"aioseo_notices":[],"_links":{"self":[{"href":"https:\/\/www.progan.co\/en\/wp-json\/wp\/v2\/pages\/1743","targetHints":{"allow":["GET"]}}],"collection":[{"href":"https:\/\/www.progan.co\/en\/wp-json\/wp\/v2\/pages"}],"about":[{"href":"https:\/\/www.progan.co\/en\/wp-json\/wp\/v2\/types\/page"}],"author":[{"embeddable":true,"href":"https:\/\/www.progan.co\/en\/wp-json\/wp\/v2\/users\/1"}],"replies":[{"embeddable":true,"href":"https:\/\/www.progan.co\/en\/wp-json\/wp\/v2\/comments?post=1743"}],"version-history":[{"count":0,"href":"https:\/\/www.progan.co\/en\/wp-json\/wp\/v2\/pages\/1743\/revisions"}],"up":[{"embeddable":true,"href":"https:\/\/www.progan.co\/en\/wp-json\/wp\/v2\/pages\/1321"}],"wp:attachment":[{"href":"https:\/\/www.progan.co\/en\/wp-json\/wp\/v2\/media?parent=1743"}],"curies":[{"name":"wp","href":"https:\/\/api.w.org\/{rel}","templated":true}]}}