{"id":1362,"date":"2024-05-30T01:15:06","date_gmt":"2024-05-30T01:15:06","guid":{"rendered":"https:\/\/www.progan.co\/?page_id=1362"},"modified":"2024-06-05T17:09:57","modified_gmt":"2024-06-05T17:09:57","slug":"blog-progan-rendering","status":"publish","type":"page","link":"https:\/\/www.progan.co\/en\/home2\/blog\/blog-progan-rendering\/","title":{"rendered":"Blog: Rendering: Eficiencia y Sostenibilidad"},"content":{"rendered":"<div data-elementor-type=\"wp-page\" data-elementor-id=\"1362\" class=\"elementor elementor-1362\" data-elementor-post-type=\"page\">\n\t\t\t\t<div class=\"elementor-element elementor-element-507798c e-con-full animated-slow e-flex wpr-particle-no wpr-jarallax-no wpr-parallax-no wpr-sticky-section-no wpr-equal-height-no elementor-invisible e-con e-parent\" data-id=\"507798c\" data-element_type=\"container\" data-e-type=\"container\" data-settings=\"{&quot;background_background&quot;:&quot;classic&quot;,&quot;animation&quot;:&quot;fadeIn&quot;,&quot;ekit_has_onepagescroll_dot&quot;:&quot;yes&quot;}\">\n\t\t\t\t<\/div>\n\t\t<div class=\"elementor-element elementor-element-db392c1 e-flex e-con-boxed wpr-particle-no wpr-jarallax-no wpr-parallax-no wpr-sticky-section-no wpr-equal-height-no e-con e-parent\" data-id=\"db392c1\" data-element_type=\"container\" data-e-type=\"container\" data-settings=\"{&quot;ekit_has_onepagescroll_dot&quot;:&quot;yes&quot;}\">\n\t\t\t\t\t<div class=\"e-con-inner\">\n\t\t\t\t<div class=\"elementor-element elementor-element-8f8df4e elementor-view-default elementor-widget elementor-widget-icon\" data-id=\"8f8df4e\" data-element_type=\"widget\" data-e-type=\"widget\" data-settings=\"{&quot;ekit_we_effect_on&quot;:&quot;none&quot;}\" data-widget_type=\"icon.default\">\n\t\t\t\t<div class=\"elementor-widget-container\">\n\t\t\t\t\t\t\t<div class=\"elementor-icon-wrapper\">\n\t\t\t<a class=\"elementor-icon\" href=\"https:\/\/www.progan.co\/en\/home\/blog\/\">\n\t\t\t<i aria-hidden=\"true\" class=\"icon icon-left-arrow\"><\/i>\t\t\t<\/a>\n\t\t<\/div>\n\t\t\t\t\t\t<\/div>\n\t\t\t\t<\/div>\n\t\t<div class=\"elementor-element elementor-element-644a3f2 e-con-full e-flex wpr-particle-no wpr-jarallax-no wpr-parallax-no wpr-sticky-section-no wpr-equal-height-no e-con e-child\" data-id=\"644a3f2\" data-element_type=\"container\" data-e-type=\"container\" data-settings=\"{&quot;ekit_has_onepagescroll_dot&quot;:&quot;yes&quot;}\">\n\t\t\t\t<div class=\"elementor-element elementor-element-1db3965 elementor-widget elementor-widget-text-editor\" data-id=\"1db3965\" data-element_type=\"widget\" data-e-type=\"widget\" data-settings=\"{&quot;ekit_we_effect_on&quot;:&quot;none&quot;}\" data-widget_type=\"text-editor.default\">\n\t\t\t\t<div class=\"elementor-widget-container\">\n\t\t\t\t\t\t\t\t\t<p>25 Jun 2024<\/p>\t\t\t\t\t\t\t\t<\/div>\n\t\t\t\t<\/div>\n\t\t\t\t<div class=\"elementor-element elementor-element-418c23b elementor-widget elementor-widget-heading\" data-id=\"418c23b\" data-element_type=\"widget\" data-e-type=\"widget\" data-settings=\"{&quot;ekit_we_effect_on&quot;:&quot;none&quot;}\" data-widget_type=\"heading.default\">\n\t\t\t\t<div class=\"elementor-widget-container\">\n\t\t\t\t\t<h2 class=\"elementor-heading-title elementor-size-default\">Rendering: Efficiency and Sustainability<\/h2>\t\t\t\t<\/div>\n\t\t\t\t<\/div>\n\t\t\t\t<div class=\"elementor-element elementor-element-b068f3c elementor-widget elementor-widget-elementskit-social-share\" data-id=\"b068f3c\" data-element_type=\"widget\" data-e-type=\"widget\" data-settings=\"{&quot;ekit_we_effect_on&quot;:&quot;none&quot;}\" data-widget_type=\"elementskit-social-share.default\">\n\t\t\t\t<div class=\"elementor-widget-container\">\n\t\t\t\t\t<div class=\"ekit-wid-con\" >\t\t<ul class=\"ekit_socialshare\">\n                            <li class=\"elementor-repeater-item-9700319\" data-social=\"facebook\">\n                    <div class=\"facebook\">\n                        \n                        <i aria-hidden=\"true\" class=\"icon icon-facebook-2\"><\/i>                        \n                                                                                            <\/div>\n                <\/li>\n                                            <li class=\"elementor-repeater-item-af74461\" data-social=\"linkedin\">\n                    <div class=\"linkedin\">\n                        \n                        <i aria-hidden=\"true\" class=\"icon icon-linkedin\"><\/i>                        \n                                                                                            <\/div>\n                <\/li>\n                                    <\/ul>\n        <\/div>\t\t\t\t<\/div>\n\t\t\t\t<\/div>\n\t\t\t\t<div class=\"elementor-element elementor-element-644b305 elementor-widget elementor-widget-text-editor\" data-id=\"644b305\" data-element_type=\"widget\" data-e-type=\"widget\" data-settings=\"{&quot;ekit_we_effect_on&quot;:&quot;none&quot;}\" data-widget_type=\"text-editor.default\">\n\t\t\t\t<div class=\"elementor-widget-container\">\n\t\t\t\t\t\t\t\t\t<p>In developed countries such as the United States and emerging markets such as Colombia, the animal by-products industry has experienced notable evolution and optimization over time. This has allowed it not only to contribute to closing several cycles in the chain, but also to adopt sustainable practices that benefit various sectors of the animal industry. A notable example is the use of the remaining 50% of animal parts not suitable for human consumption; but, thanks to the rendering process, they effectively function as raw material for the production of edible toys for pets, production of renewable fuels, flour of animal origin, among other uses.<\/p><p>These practices are decisive for the sustainability of the industry and the companies that are part of it.<br \/>For its part, used cooking oils also have a significant impact on the sector, since they are one of the main sources for the production of sustainable fuels that power planes, ships and cars around the world. At Progan, we are committed to every stage of our operations and the rendering process allows us to effectively contribute to a more sustainable environment for everyone, through natural and effective recycling; In our business philosophy we care about the impact of our operations, without neglecting the industry or the environment.<\/p><p><br \/>Our service philosophy is what distinguishes us in the sector, always working with the conviction of generating profitability in every step we take; being protagonists in the supply chain, maintaining a firm commitment to sustainability and environmental responsibility.<\/p>\t\t\t\t\t\t\t\t<\/div>\n\t\t\t\t<\/div>\n\t\t\t\t<\/div>\n\t\t<div class=\"elementor-element elementor-element-5f7e1ec e-con-full e-flex wpr-particle-no wpr-jarallax-no wpr-parallax-no wpr-sticky-section-no wpr-equal-height-no e-con e-child\" data-id=\"5f7e1ec\" data-element_type=\"container\" data-e-type=\"container\" data-settings=\"{&quot;ekit_has_onepagescroll_dot&quot;:&quot;yes&quot;}\">\n\t\t\t\t<div class=\"elementor-element elementor-element-a9b1e54 elementor-widget elementor-widget-heading\" data-id=\"a9b1e54\" data-element_type=\"widget\" data-e-type=\"widget\" data-settings=\"{&quot;ekit_we_effect_on&quot;:&quot;none&quot;}\" data-widget_type=\"heading.default\">\n\t\t\t\t<div class=\"elementor-widget-container\">\n\t\t\t\t\t<h2 class=\"elementor-heading-title elementor-size-default\">Lastest <br> posts<\/h2>\t\t\t\t<\/div>\n\t\t\t\t<\/div>\n\t\t<div class=\"elementor-element elementor-element-6227662 e-grid e-con-boxed wpr-particle-no wpr-jarallax-no wpr-parallax-no wpr-sticky-section-no wpr-equal-height-no e-con e-child\" data-id=\"6227662\" data-element_type=\"container\" data-e-type=\"container\" data-settings=\"{&quot;ekit_has_onepagescroll_dot&quot;:&quot;yes&quot;}\">\n\t\t\t\t\t<div class=\"e-con-inner\">\n\t\t\t\t<div class=\"elementor-element elementor-element-bf2a97f elementor-widget elementor-widget-image\" data-id=\"bf2a97f\" data-element_type=\"widget\" data-e-type=\"widget\" data-settings=\"{&quot;ekit_we_effect_on&quot;:&quot;none&quot;}\" data-widget_type=\"image.default\">\n\t\t\t\t<div class=\"elementor-widget-container\">\n\t\t\t\t\t\t\t\t\t\t\t\t\t\t\t\t<a href=\"https:\/\/www.instagram.com\/_progan\/\">\n\t\t\t\t\t\t\t<img fetchpriority=\"high\" decoding=\"async\" width=\"263\" height=\"342\" src=\"https:\/\/www.progan.co\/wp-content\/uploads\/2024\/05\/Tarjeta-ins-mini.png\" class=\"attachment-full size-full wp-image-1352\" alt=\"\" srcset=\"https:\/\/www.progan.co\/wp-content\/uploads\/2024\/05\/Tarjeta-ins-mini.png 263w, https:\/\/www.progan.co\/wp-content\/uploads\/2024\/05\/Tarjeta-ins-mini-231x300.png 231w, https:\/\/www.progan.co\/wp-content\/uploads\/2024\/05\/Tarjeta-ins-mini-9x12.png 9w\" sizes=\"(max-width: 263px) 100vw, 263px\" \/>\t\t\t\t\t\t\t\t<\/a>\n\t\t\t\t\t\t\t\t\t\t\t\t\t\t\t<\/div>\n\t\t\t\t<\/div>\n\t\t\t\t\t<\/div>\n\t\t\t\t<\/div>\n\t\t\t\t<\/div>\n\t\t\t\t\t<\/div>\n\t\t\t\t<\/div>\n\t\t<div class=\"elementor-element elementor-element-721fce8 e-flex e-con-boxed wpr-particle-no wpr-jarallax-no wpr-parallax-no wpr-sticky-section-no wpr-equal-height-no e-con e-parent\" data-id=\"721fce8\" data-element_type=\"container\" data-e-type=\"container\" data-settings=\"{&quot;ekit_has_onepagescroll_dot&quot;:&quot;yes&quot;}\">\n\t\t\t\t\t<div class=\"e-con-inner\">\n\t\t\t\t<div class=\"elementor-element elementor-element-0c1b251 elementor-widget-divider--view-line elementor-widget elementor-widget-divider\" data-id=\"0c1b251\" data-element_type=\"widget\" data-e-type=\"widget\" data-settings=\"{&quot;ekit_we_effect_on&quot;:&quot;none&quot;}\" data-widget_type=\"divider.default\">\n\t\t\t\t<div class=\"elementor-widget-container\">\n\t\t\t\t\t\t\t<div class=\"elementor-divider\">\n\t\t\t<span class=\"elementor-divider-separator\">\n\t\t\t\t\t\t<\/span>\n\t\t<\/div>\n\t\t\t\t\t\t<\/div>\n\t\t\t\t<\/div>\n\t\t\t\t<div class=\"elementor-element elementor-element-8dd8129 elementor-widget elementor-widget-heading\" data-id=\"8dd8129\" data-element_type=\"widget\" data-e-type=\"widget\" data-settings=\"{&quot;ekit_we_effect_on&quot;:&quot;none&quot;}\" data-widget_type=\"heading.default\">\n\t\t\t\t<div class=\"elementor-widget-container\">\n\t\t\t\t\t<h2 class=\"elementor-heading-title elementor-size-default\">Related topics<\/h2>\t\t\t\t<\/div>\n\t\t\t\t<\/div>\n\t\t\t\t<div class=\"elementor-element elementor-element-a62bcfa elementor-arrows-position-outside elementor-widget elementor-widget-image-carousel\" data-id=\"a62bcfa\" data-element_type=\"widget\" data-e-type=\"widget\" data-settings=\"{&quot;slides_to_show&quot;:&quot;3&quot;,&quot;image_spacing_custom&quot;:{&quot;unit&quot;:&quot;px&quot;,&quot;size&quot;:40,&quot;sizes&quot;:[]},&quot;navigation&quot;:&quot;arrows&quot;,&quot;autoplay&quot;:&quot;yes&quot;,&quot;pause_on_hover&quot;:&quot;yes&quot;,&quot;pause_on_interaction&quot;:&quot;yes&quot;,&quot;autoplay_speed&quot;:5000,&quot;infinite&quot;:&quot;yes&quot;,&quot;speed&quot;:500,&quot;image_spacing_custom_tablet&quot;:{&quot;unit&quot;:&quot;px&quot;,&quot;size&quot;:&quot;&quot;,&quot;sizes&quot;:[]},&quot;image_spacing_custom_mobile&quot;:{&quot;unit&quot;:&quot;px&quot;,&quot;size&quot;:&quot;&quot;,&quot;sizes&quot;:[]},&quot;ekit_we_effect_on&quot;:&quot;none&quot;}\" data-widget_type=\"image-carousel.default\">\n\t\t\t\t<div class=\"elementor-widget-container\">\n\t\t\t\t\t\t\t<div class=\"elementor-image-carousel-wrapper swiper\" role=\"region\" aria-roledescription=\"carousel\" aria-label=\"Carrusel de Im\u00e1genes\" dir=\"ltr\">\n\t\t\t<div class=\"elementor-image-carousel swiper-wrapper\" aria-live=\"off\">\n\t\t\t\t\t\t\t\t<div class=\"swiper-slide\" role=\"group\" aria-roledescription=\"slide\" aria-label=\"1 de 4\"><a data-elementor-open-lightbox=\"yes\" data-elementor-lightbox-slideshow=\"a62bcfa\" data-elementor-lightbox-title=\"1715291609896\" data-e-action-hash=\"#elementor-action%3Aaction%3Dlightbox%26settings%3DeyJpZCI6MTczMywidXJsIjoiaHR0cHM6XC9cL3d3dy5wcm9nYW4uY29cL3dwLWNvbnRlbnRcL3VwbG9hZHNcLzIwMjRcLzA2XC8xNzE1MjkxNjA5ODk2LmpwZWciLCJzbGlkZXNob3ciOiJhNjJiY2ZhIn0%3D\" href=\"https:\/\/www.progan.co\/en\/home\/blog\/blog-el-transporte-hacia\/,https:\/\/www.progan.co\/home\/blog\/blog-proveedores-de-grasas\/,https:\/\/www.progan.co\/home\/blog\/blog-progan-rendering\/,https:\/\/www.progan.co\/home\/blog\/blog-progan-redefiniendo-la-logistica\/\"><figure class=\"swiper-slide-inner\"><img decoding=\"async\" class=\"swiper-slide-image\" src=\"https:\/\/www.progan.co\/wp-content\/uploads\/2024\/06\/1715291609896.jpeg\" alt=\"1715291609896\" \/><\/figure><\/a><\/div><div class=\"swiper-slide\" role=\"group\" aria-roledescription=\"slide\" aria-label=\"2 de 4\"><a data-elementor-open-lightbox=\"yes\" data-elementor-lightbox-slideshow=\"a62bcfa\" data-elementor-lightbox-title=\"1716390600882\" data-e-action-hash=\"#elementor-action%3Aaction%3Dlightbox%26settings%3DeyJpZCI6MTczNCwidXJsIjoiaHR0cHM6XC9cL3d3dy5wcm9nYW4uY29cL3dwLWNvbnRlbnRcL3VwbG9hZHNcLzIwMjRcLzA2XC8xNzE2MzkwNjAwODgyLmpwZWciLCJzbGlkZXNob3ciOiJhNjJiY2ZhIn0%3D\" href=\"https:\/\/www.progan.co\/en\/home\/blog\/blog-el-transporte-hacia\/,https:\/\/www.progan.co\/home\/blog\/blog-proveedores-de-grasas\/,https:\/\/www.progan.co\/home\/blog\/blog-progan-rendering\/,https:\/\/www.progan.co\/home\/blog\/blog-progan-redefiniendo-la-logistica\/\"><figure class=\"swiper-slide-inner\"><img decoding=\"async\" class=\"swiper-slide-image\" src=\"https:\/\/www.progan.co\/wp-content\/uploads\/2024\/06\/1716390600882.jpeg\" alt=\"1716390600882\" \/><\/figure><\/a><\/div><div class=\"swiper-slide\" role=\"group\" aria-roledescription=\"slide\" aria-label=\"3 de 4\"><a data-elementor-open-lightbox=\"yes\" data-elementor-lightbox-slideshow=\"a62bcfa\" data-elementor-lightbox-title=\"1717166252393\" data-e-action-hash=\"#elementor-action%3Aaction%3Dlightbox%26settings%3DeyJpZCI6MTczNSwidXJsIjoiaHR0cHM6XC9cL3d3dy5wcm9nYW4uY29cL3dwLWNvbnRlbnRcL3VwbG9hZHNcLzIwMjRcLzA2XC8xNzE3MTY2MjUyMzkzLTEuanBlZyIsInNsaWRlc2hvdyI6ImE2MmJjZmEifQ%3D%3D\" href=\"https:\/\/www.progan.co\/en\/home\/blog\/blog-el-transporte-hacia\/,https:\/\/www.progan.co\/home\/blog\/blog-proveedores-de-grasas\/,https:\/\/www.progan.co\/home\/blog\/blog-progan-rendering\/,https:\/\/www.progan.co\/home\/blog\/blog-progan-redefiniendo-la-logistica\/\"><figure class=\"swiper-slide-inner\"><img decoding=\"async\" class=\"swiper-slide-image\" src=\"https:\/\/www.progan.co\/wp-content\/uploads\/2024\/06\/1717166252393-1.jpeg\" alt=\"1717166252393\" \/><\/figure><\/a><\/div><div class=\"swiper-slide\" role=\"group\" aria-roledescription=\"slide\" aria-label=\"4 de 4\"><a data-elementor-open-lightbox=\"yes\" data-elementor-lightbox-slideshow=\"a62bcfa\" data-elementor-lightbox-title=\"1716398711938\" data-e-action-hash=\"#elementor-action%3Aaction%3Dlightbox%26settings%3DeyJpZCI6MTczNiwidXJsIjoiaHR0cHM6XC9cL3d3dy5wcm9nYW4uY29cL3dwLWNvbnRlbnRcL3VwbG9hZHNcLzIwMjRcLzA2XC8xNzE2Mzk4NzExOTM4LnBuZyIsInNsaWRlc2hvdyI6ImE2MmJjZmEifQ%3D%3D\" href=\"https:\/\/www.progan.co\/en\/home\/blog\/blog-el-transporte-hacia\/,https:\/\/www.progan.co\/home\/blog\/blog-proveedores-de-grasas\/,https:\/\/www.progan.co\/home\/blog\/blog-progan-rendering\/,https:\/\/www.progan.co\/home\/blog\/blog-progan-redefiniendo-la-logistica\/\"><figure class=\"swiper-slide-inner\"><img decoding=\"async\" class=\"swiper-slide-image\" src=\"https:\/\/www.progan.co\/wp-content\/uploads\/2024\/06\/1716398711938.png\" alt=\"1716398711938\" \/><\/figure><\/a><\/div>\t\t\t<\/div>\n\t\t\t\t\t\t\t\t\t\t\t\t<div class=\"elementor-swiper-button elementor-swiper-button-prev\" role=\"button\" tabindex=\"0\">\n\t\t\t\t\t\t<svg aria-hidden=\"true\" class=\"e-font-icon-svg e-eicon-chevron-left\" viewbox=\"0 0 1000 1000\" xmlns=\"http:\/\/www.w3.org\/2000\/svg\"><path d=\"M646 125C629 125 613 133 604 142L308 442C296 454 292 471 292 487 292 504 296 521 308 533L604 854C617 867 629 875 646 875 663 875 679 871 692 858 704 846 713 829 713 812 713 796 708 779 692 767L438 487 692 225C700 217 708 204 708 187 708 171 704 154 692 142 675 129 663 125 646 125Z\"><\/path><\/svg>\t\t\t\t\t<\/div>\n\t\t\t\t\t<div class=\"elementor-swiper-button elementor-swiper-button-next\" role=\"button\" tabindex=\"0\">\n\t\t\t\t\t\t<svg aria-hidden=\"true\" class=\"e-font-icon-svg e-eicon-chevron-right\" viewbox=\"0 0 1000 1000\" xmlns=\"http:\/\/www.w3.org\/2000\/svg\"><path d=\"M696 533C708 521 713 504 713 487 713 471 708 454 696 446L400 146C388 133 375 125 354 125 338 125 325 129 313 142 300 154 292 171 292 187 292 204 296 221 308 233L563 492 304 771C292 783 288 800 288 817 288 833 296 850 308 863 321 871 338 875 354 875 371 875 388 867 400 854L696 533Z\"><\/path><\/svg>\t\t\t\t\t<\/div>\n\t\t\t\t\n\t\t\t\t\t\t\t\t\t<\/div>\n\t\t\t\t\t\t<\/div>\n\t\t\t\t<\/div>\n\t\t\t\t\t<\/div>\n\t\t\t\t<\/div>\n\t\t\t\t<\/div>","protected":false},"excerpt":{"rendered":"<p>25 Jun 2024 Rendering: Eficiencia y Sostenibilidad En pa\u00edses desarrollados como Estados Unidos y mercados emergentes como el de Colombia, la industria de subproductos animales ha experimentado una notable evoluci\u00f3n y optimizaci\u00f3n a lo largo del tiempo. Esto le ha permitido no solo contribuir al cierre de varios ciclos de la cadena, sino tambi\u00e9n adoptar pr\u00e1cticas sostenibles que benefician a diversos sectores de la industria animal. Un ejemplo destacado es el aprovechamiento del 50% restante de partes animales no aptas para el consumo humano; pero, que gracias al proceso de rendering funcionan efectivamente como materia prima para la elaboraci\u00f3n de juguetes comestibles para mascotas, producci\u00f3n de combustibles renovables, harinas de origen animal, entre otros usos. Estas pr\u00e1cticas son determinantes para la sostenibilidad de la industria y las empresas que formamos parte de ella.Por su parte, los aceites de cocina usados tambi\u00e9n tienen un impacto significativo en el sector, ya que son una de las principales fuentes para la elaboraci\u00f3n de combustibles sostenibles que impulsan aviones, barcos y autom\u00f3viles en todo el mundo. En Progan, estamos comprometidos en cada etapa de nuestras operaciones y el proceso de rendering nos permite contribuir de manera efectiva a un ambiente m\u00e1s sostenible para todos, mediante un reciclaje natural y efectivo; en nuestra filosof\u00eda de negocio nos preocupamos por el impacto de nuestras operaciones, sin descuidar a la industria ni al ambiente. Nuestra filosof\u00eda de servicio es lo que nos distingue en el sector, siempre trabajando con la convicci\u00f3n de generar rentabilidad como proveedores de aceites, grasas y otros productos derivados de animales, manteniendo un compromiso firme con la sostenibilidad y la responsabilidad ambiental. \u00daltimas publicaciones Temas relacionados<\/p>","protected":false},"author":1,"featured_media":0,"parent":1321,"menu_order":0,"comment_status":"closed","ping_status":"closed","template":"elementor_header_footer","meta":{"footnotes":""},"class_list":["post-1362","page","type-page","status-publish","hentry"],"aioseo_notices":[],"_links":{"self":[{"href":"https:\/\/www.progan.co\/en\/wp-json\/wp\/v2\/pages\/1362","targetHints":{"allow":["GET"]}}],"collection":[{"href":"https:\/\/www.progan.co\/en\/wp-json\/wp\/v2\/pages"}],"about":[{"href":"https:\/\/www.progan.co\/en\/wp-json\/wp\/v2\/types\/page"}],"author":[{"embeddable":true,"href":"https:\/\/www.progan.co\/en\/wp-json\/wp\/v2\/users\/1"}],"replies":[{"embeddable":true,"href":"https:\/\/www.progan.co\/en\/wp-json\/wp\/v2\/comments?post=1362"}],"version-history":[{"count":0,"href":"https:\/\/www.progan.co\/en\/wp-json\/wp\/v2\/pages\/1362\/revisions"}],"up":[{"embeddable":true,"href":"https:\/\/www.progan.co\/en\/wp-json\/wp\/v2\/pages\/1321"}],"wp:attachment":[{"href":"https:\/\/www.progan.co\/en\/wp-json\/wp\/v2\/media?parent=1362"}],"curies":[{"name":"wp","href":"https:\/\/api.w.org\/{rel}","templated":true}]}}